
{"id":884,"date":"2019-03-07T11:24:31","date_gmt":"2019-03-07T10:24:31","guid":{"rendered":"https:\/\/passerelle2.ac-nantes.fr\/ecoledetresson\/?page_id=884"},"modified":"2021-04-01T12:53:30","modified_gmt":"2021-04-01T10:53:30","slug":"mentions-legales","status":"publish","type":"page","link":"https:\/\/passerelle2.ac-nantes.fr\/ecoledetresson\/mentions-legales\/","title":{"rendered":"Mentions l\u00e9gales"},"content":{"rendered":"<div id=\"post-2\" class=\"post-2 page type-page status-publish hentry\">\n<h1 class=\"entry-title\">Mentions l\u00e9gales<\/h1>\n<div class=\"entry-content\">\n<p><strong>Renseignements \u00e9ditoriaux<\/strong><\/p>\n<p>Vous \u00eates connect\u00e9s \u00e0 la plateforme de blogs <a href=\"https:\/\/passerelle2.ac-nantes.fr\">passerelle<\/a>&nbsp;<\/p>\n<p><strong>Responsable \u00e9ditorial<\/strong> :<em> Ciss\u00e9 Val\u00e9rie<\/em><\/p>\n<p><strong>H\u00e9bergeur<\/strong> : Rectorat de Nantes.<\/p>\n<p>4 rue de la Houssini\u00e8re<\/p>\n<p>BP 72626 44326 NANTES Cedex 3<\/p>\n<p><strong>Pour nous contacter<\/strong><\/p>\n<p>Conform\u00e9ment \u00e0 l\u2019article 34 de la loi Informatique et Libert\u00e9s du 6 janvier 1978, vous disposez d\u2019un droit d\u2019acc\u00e8s aux informations vous concernant. Vous pouvez \u00e9galement demander la modification ou la suppression de ces informations. Il vous suffit d\u2019\u00e9crire \u00e0 l\u2019adresse suivante, \u00e0 l\u2019attention de :<\/p>\n<p><em>Ciss\u00e9 Val\u00e9rie<br \/>\n<\/em><\/p>\n<p><em>3 rue des lilas 72440 Tresson<br \/>\n<\/em><\/p>\n<p>02 43 35 71 16<\/p>\n<p>Pour en savoir plus sur le traitement des donn\u00e9es, veuillez consulter notre <a href=\"https:\/\/passerelle2.ac-nantes.fr\/politique-de-confidentialite\/\">politique de confidentialit\u00e9<\/a>.<\/p>\n<\/div>\n<\/div>\n","protected":false},"excerpt":{"rendered":"<p>Mentions l\u00e9gales Renseignements \u00e9ditoriaux Vous \u00eates connect\u00e9s \u00e0 la plateforme de blogs passerelle&nbsp; Responsable \u00e9ditorial : Ciss\u00e9 Val\u00e9rie H\u00e9bergeur : Rectorat de Nantes. 4 rue de la Houssini\u00e8re BP 72626 44326 NANTES Cedex 3 Pour nous contacter Conform\u00e9ment \u00e0 l\u2019article &hellip; <a href=\"https:\/\/passerelle2.ac-nantes.fr\/ecoledetresson\/mentions-legales\/\">Continuer la lecture <span class=\"meta-nav\">&rarr;<\/span><\/a><\/p>\n","protected":false},"author":7500,"featured_media":0,"parent":0,"menu_order":0,"comment_status":"closed","ping_status":"closed","template":"","meta":{"ngg_post_thumbnail":0,"h5ap_radio_sources":[],"jetpack_post_was_ever_published":false,"footnotes":""},"folder":[],"class_list":["post-884","page","type-page","status-publish","hentry"],"jetpack_sharing_enabled":true,"jetpack_shortlink":"https:\/\/wp.me\/P8RNG4-eg","_links":{"self":[{"href":"https:\/\/passerelle2.ac-nantes.fr\/ecoledetresson\/wp-json\/wp\/v2\/pages\/884","targetHints":{"allow":["GET"]}}],"collection":[{"href":"https:\/\/passerelle2.ac-nantes.fr\/ecoledetresson\/wp-json\/wp\/v2\/pages"}],"about":[{"href":"https:\/\/passerelle2.ac-nantes.fr\/ecoledetresson\/wp-json\/wp\/v2\/types\/page"}],"author":[{"embeddable":true,"href":"https:\/\/passerelle2.ac-nantes.fr\/ecoledetresson\/wp-json\/wp\/v2\/users\/7500"}],"replies":[{"embeddable":true,"href":"https:\/\/passerelle2.ac-nantes.fr\/ecoledetresson\/wp-json\/wp\/v2\/comments?post=884"}],"version-history":[{"count":0,"href":"https:\/\/passerelle2.ac-nantes.fr\/ecoledetresson\/wp-json\/wp\/v2\/pages\/884\/revisions"}],"wp:attachment":[{"href":"https:\/\/passerelle2.ac-nantes.fr\/ecoledetresson\/wp-json\/wp\/v2\/media?parent=884"}],"wp:term":[{"taxonomy":"folder","embeddable":true,"href":"https:\/\/passerelle2.ac-nantes.fr\/ecoledetresson\/wp-json\/wp\/v2\/folder?post=884"}],"curies":[{"name":"wp","href":"https:\/\/api.w.org\/{rel}","templated":true}]}}