
{"id":15,"date":"2018-09-19T13:23:39","date_gmt":"2018-09-19T11:23:39","guid":{"rendered":"https:\/\/passerelle2.ac-nantes.fr\/ecolegerardphilipe\/?page_id=15"},"modified":"2026-01-10T14:22:47","modified_gmt":"2026-01-10T13:22:47","slug":"lecole","status":"publish","type":"page","link":"https:\/\/passerelle2.ac-nantes.fr\/ecolegerardphilipe\/lecole\/","title":{"rendered":"L&rsquo;\u00e9cole"},"content":{"rendered":"<p><span style=\"font-family: 'comic sans ms', sans-serif;\">Ecole maternelle G\u00e9rard Philipe<\/span><br><span style=\"font-family: 'comic sans ms', sans-serif;\">225, rue Elis\u00e9e Reclus<\/span><br><span style=\"font-family: 'comic sans ms', sans-serif;\">49 800 Tr\u00e9laz\u00e9<\/span><br><span style=\"font-family: 'comic sans ms', sans-serif;\">Tel: 02.41.87.70.63<\/span><br><a href=\"mailto:ce.0490773z@ac-nantes.fr\"><span style=\"font-family: 'comic sans ms', sans-serif;\">ce.0490773z@ac-nantes.fr<\/span><\/a><\/p>\n<table style=\"border-collapse: collapse; width: 106.73%; height: 42px;\">\n<tbody>\n<tr style=\"border-color: #030202; border-style: none;\">\n<td style=\"width: 22.2059%; border-color: #050505; border-style: none; text-align: left; vertical-align: middle;\"><span style=\"font-family: comic sans ms, sans-serif; font-size: 16px;\">Localisation:<\/span><\/td>\n<td style=\"width: 21.7785%; border-color: #050505; text-align: center; vertical-align: middle; border-style: none;\"><span style=\"font-family: comic sans ms, sans-serif; font-size: 16px;\"><a href=\"https:\/\/map.qwant.com\/place\/osm:way:1131616170@%C3%89cole_maternelle_publique_G%C3%A9rard_Philipe#map=17.53\/47.4512784\/-0.5044265\" target=\"_blank\" rel=\"noopener\">Qwant Maps<\/a><\/span><\/td>\n<td style=\"width: 27.3648%; text-align: center; vertical-align: middle; border-color: #050505; border-style: none;\"><span style=\"font-size: 16px;\"><a href=\"https:\/\/www.openstreetmap.org\/#map=17\/47.45156\/-0.50084\" target=\"_blank\" rel=\"noopener\"><span style=\"font-family: comic sans ms, sans-serif;\">Open street Map<\/span><\/a><\/span><\/td>\n<td style=\"width: 28.9341%; text-align: center; vertical-align: middle; border-color: #050505; border-style: none;\"><span style=\"font-family: comic sans ms, sans-serif; font-size: 16px;\"><a href=\"https:\/\/www.google.fr\/maps\/place\/Ecole+Maternelle+G%C3%A9rard+Philipe\/@47.4515222,-0.5050809,15z\/data=!4m12!1m6!3m5!1s0x0:0xd9b2e771e7dad5b9!2sEcole+Maternelle+G%C3%A9rard+Philipe!8m2!3d47.451538!4d-0.505077!3m4!1s0x0:0xd9b2e771e7dad5b9!8m2!3d47.451538!4d-0.505077\" target=\"_blank\" rel=\"noopener noreferrer\">Google Maps<\/a><\/span><\/td>\n<\/tr>\n<\/tbody>\n<\/table>\n<p><span style=\"font-family: 'comic sans ms', sans-serif;\"><a href=\"https:\/\/passerelle2.ac-nantes.fr\/ecolegerardphilipe\/wp-content\/uploads\/sites\/803\/2025\/03\/Reglement-interieur-2024-2025-V3.pdf\" target=\"_blank\" rel=\"noopener\">R\u00e8glement int\u00e9rieur<\/a><\/span><\/p>\n<p><span style=\"font-family: 'comic sans ms', sans-serif;\"><a href=\"https:\/\/passerelle2.ac-nantes.fr\/ecolegerardphilipe\/wp-content\/uploads\/sites\/803\/2025\/03\/GUIDE-ECOLIER_24-25.pdf\" target=\"_blank\" rel=\"noopener\">Guide de l&rsquo;\u00e9colier<\/a> de la ville de Tr\u00e9laz\u00e9<\/span><\/p>\n<p><img loading=\"lazy\" decoding=\"async\" class=\"aligncenter  wp-image-381\" src=\"https:\/\/passerelle2.ac-nantes.fr\/ecolegerardphilipe\/wp-content\/uploads\/sites\/803\/2025\/09\/horaires-2025.jpg\" alt=\"\" width=\"700\" height=\"495\" srcset=\"https:\/\/passerelle2.ac-nantes.fr\/ecolegerardphilipe\/wp-content\/uploads\/sites\/803\/2025\/09\/horaires-2025.jpg 848w, https:\/\/passerelle2.ac-nantes.fr\/ecolegerardphilipe\/wp-content\/uploads\/sites\/803\/2025\/09\/horaires-2025-300x212.jpg 300w, https:\/\/passerelle2.ac-nantes.fr\/ecolegerardphilipe\/wp-content\/uploads\/sites\/803\/2025\/09\/horaires-2025-768x543.jpg 768w\" sizes=\"auto, (max-width: 700px) 100vw, 700px\" \/><\/p>\n<p>&nbsp;<\/p>\n\n","protected":false},"excerpt":{"rendered":"<p>Ecole maternelle G\u00e9rard Philipe225, rue Elis\u00e9e Reclus49 800 Tr\u00e9laz\u00e9Tel: 02.41.87.70.63ce.0490773z@ac-nantes.fr Localisation: Qwant Maps Open street Map Google Maps R\u00e8glement int\u00e9rieur Guide de l&rsquo;\u00e9colier de la ville de Tr\u00e9laz\u00e9 &nbsp;<\/p>\n","protected":false},"author":9200,"featured_media":0,"parent":0,"menu_order":1,"comment_status":"closed","ping_status":"closed","template":"","meta":{"ngg_post_thumbnail":0,"h5ap_radio_sources":[],"jetpack_post_was_ever_published":false,"footnotes":""},"folder":[],"class_list":["post-15","page","type-page","status-publish","hentry"],"jetpack_shortlink":"https:\/\/wp.me\/PahpOu-f","jetpack_sharing_enabled":true,"_links":{"self":[{"href":"https:\/\/passerelle2.ac-nantes.fr\/ecolegerardphilipe\/wp-json\/wp\/v2\/pages\/15","targetHints":{"allow":["GET"]}}],"collection":[{"href":"https:\/\/passerelle2.ac-nantes.fr\/ecolegerardphilipe\/wp-json\/wp\/v2\/pages"}],"about":[{"href":"https:\/\/passerelle2.ac-nantes.fr\/ecolegerardphilipe\/wp-json\/wp\/v2\/types\/page"}],"author":[{"embeddable":true,"href":"https:\/\/passerelle2.ac-nantes.fr\/ecolegerardphilipe\/wp-json\/wp\/v2\/users\/9200"}],"replies":[{"embeddable":true,"href":"https:\/\/passerelle2.ac-nantes.fr\/ecolegerardphilipe\/wp-json\/wp\/v2\/comments?post=15"}],"version-history":[{"count":0,"href":"https:\/\/passerelle2.ac-nantes.fr\/ecolegerardphilipe\/wp-json\/wp\/v2\/pages\/15\/revisions"}],"wp:attachment":[{"href":"https:\/\/passerelle2.ac-nantes.fr\/ecolegerardphilipe\/wp-json\/wp\/v2\/media?parent=15"}],"wp:term":[{"taxonomy":"folder","embeddable":true,"href":"https:\/\/passerelle2.ac-nantes.fr\/ecolegerardphilipe\/wp-json\/wp\/v2\/folder?post=15"}],"curies":[{"name":"wp","href":"https:\/\/api.w.org\/{rel}","templated":true}]}}