
{"id":16,"date":"2018-09-19T13:23:39","date_gmt":"2018-09-19T11:23:39","guid":{"rendered":"https:\/\/passerelle2.ac-nantes.fr\/ecolegerardphilipe\/?page_id=16"},"modified":"2026-01-10T13:54:06","modified_gmt":"2026-01-10T12:54:06","slug":"les-classes","status":"publish","type":"page","link":"https:\/\/passerelle2.ac-nantes.fr\/ecolegerardphilipe\/les-classes\/","title":{"rendered":"Les classes"},"content":{"rendered":"<p><span style=\"font-family: 'comic sans ms', sans-serif;\">L&rsquo;\u00e9cole est compos\u00e9e de 7 classes :<\/span><\/p>\n<p><span style=\"font-family: 'comic sans ms', sans-serif;\">Classe TPS-PS de Barbara AUVIN : 15 T<\/span><span style=\"font-family: 'comic sans ms', sans-serif;\">PS<\/span><\/p>\n<p><span style=\"font-family: 'comic sans ms', sans-serif;\">Classe PS-MS 1 de Fran\u00e7oise CLOAREC: 12 PS + 9 MS = 21<\/span><\/p>\n<p><span style=\"font-family: 'comic sans ms', sans-serif;\">Classe PS-MS 2 de Fabrice IGNAZI: 10 PS + 10 MS = 20<\/span><\/p>\n<p><span style=\"font-family: 'comic sans ms', sans-serif;\">Classe PS-MS 3 de Evelyne DESLANDE: 9 PS + 12 MS = 21<\/span><\/p>\n<p><span style=\"font-family: 'comic sans ms', sans-serif;\">Classe GS 1 de C\u00e9line MILET: 11 GS<br \/>\n<\/span><\/p>\n<p><span style=\"font-family: 'comic sans ms', sans-serif;\">Classe GS 2 de Sophie BESNAULT: 12 GS<\/span><\/p>\n<p><span style=\"font-family: 'comic sans ms', sans-serif;\">Classe GS 3 de Rudy CLEMENT: 11 GS<\/span><\/p>\n","protected":false},"excerpt":{"rendered":"<p>L&rsquo;\u00e9cole est compos\u00e9e de 7 classes : Classe TPS-PS de Barbara AUVIN : 15 TPS Classe PS-MS 1 de Fran\u00e7oise CLOAREC: 12 PS + 9 MS = 21 Classe PS-MS 2 de Fabrice IGNAZI: 10 PS + 10 MS = &hellip; <a href=\"https:\/\/passerelle2.ac-nantes.fr\/ecolegerardphilipe\/les-classes\/\">Continuer la lecture <span class=\"meta-nav\">&rarr;<\/span><\/a><\/p>\n","protected":false},"author":9200,"featured_media":0,"parent":0,"menu_order":2,"comment_status":"closed","ping_status":"closed","template":"","meta":{"ngg_post_thumbnail":0,"h5ap_radio_sources":[],"jetpack_post_was_ever_published":false,"footnotes":""},"folder":[],"class_list":["post-16","page","type-page","status-publish","hentry"],"jetpack_shortlink":"https:\/\/wp.me\/PahpOu-g","jetpack_sharing_enabled":true,"_links":{"self":[{"href":"https:\/\/passerelle2.ac-nantes.fr\/ecolegerardphilipe\/wp-json\/wp\/v2\/pages\/16","targetHints":{"allow":["GET"]}}],"collection":[{"href":"https:\/\/passerelle2.ac-nantes.fr\/ecolegerardphilipe\/wp-json\/wp\/v2\/pages"}],"about":[{"href":"https:\/\/passerelle2.ac-nantes.fr\/ecolegerardphilipe\/wp-json\/wp\/v2\/types\/page"}],"author":[{"embeddable":true,"href":"https:\/\/passerelle2.ac-nantes.fr\/ecolegerardphilipe\/wp-json\/wp\/v2\/users\/9200"}],"replies":[{"embeddable":true,"href":"https:\/\/passerelle2.ac-nantes.fr\/ecolegerardphilipe\/wp-json\/wp\/v2\/comments?post=16"}],"version-history":[{"count":0,"href":"https:\/\/passerelle2.ac-nantes.fr\/ecolegerardphilipe\/wp-json\/wp\/v2\/pages\/16\/revisions"}],"wp:attachment":[{"href":"https:\/\/passerelle2.ac-nantes.fr\/ecolegerardphilipe\/wp-json\/wp\/v2\/media?parent=16"}],"wp:term":[{"taxonomy":"folder","embeddable":true,"href":"https:\/\/passerelle2.ac-nantes.fr\/ecolegerardphilipe\/wp-json\/wp\/v2\/folder?post=16"}],"curies":[{"name":"wp","href":"https:\/\/api.w.org\/{rel}","templated":true}]}}