
{"id":1044,"date":"2022-08-28T19:58:54","date_gmt":"2022-08-28T17:58:54","guid":{"rendered":"https:\/\/passerelle2.ac-nantes.fr\/ecoleprinquiau\/?page_id=1044"},"modified":"2023-10-19T14:13:01","modified_gmt":"2023-10-19T12:13:01","slug":"presentation","status":"publish","type":"page","link":"https:\/\/passerelle2.ac-nantes.fr\/ecoleprinquiau\/presentation\/","title":{"rendered":"Pr\u00e9sentation"},"content":{"rendered":"\n<p>Pr\u00e9sentation de l&rsquo;\u00e9cole<\/p>\n\n\n\n<p>Situ\u00e9e \u00e0 Prinquiau (44260), l\u2019\u00e9cole publique Le Petit Prince est compos\u00e9e de <strong>9 classes<\/strong> qui ont \u00e9t\u00e9 regroup\u00e9es depuis septembre 2022.<\/p>\n\n\n\n<figure class=\"wp-block-image size-full\"><img loading=\"lazy\" decoding=\"async\" width=\"567\" height=\"425\" src=\"https:\/\/passerelle2.ac-nantes.fr\/ecoleprinquiau\/wp-content\/uploads\/sites\/434\/2022\/08\/exterieur-ecole1.jpg\" alt=\"\" class=\"wp-image-1036\" srcset=\"https:\/\/passerelle2.ac-nantes.fr\/ecoleprinquiau\/wp-content\/uploads\/sites\/434\/2022\/08\/exterieur-ecole1.jpg 567w, https:\/\/passerelle2.ac-nantes.fr\/ecoleprinquiau\/wp-content\/uploads\/sites\/434\/2022\/08\/exterieur-ecole1-300x225.jpg 300w, https:\/\/passerelle2.ac-nantes.fr\/ecoleprinquiau\/wp-content\/uploads\/sites\/434\/2022\/08\/exterieur-ecole1-534x400.jpg 534w\" sizes=\"auto, (max-width: 567px) 100vw, 567px\" \/><\/figure>\n\n\n\n<p>Le regroupement est effectif pour la rentr\u00e9e de 2022 dont la date est fix\u00e9e au jeudi 1<sup>er<\/sup> septembre 2022.<\/p>\n","protected":false},"excerpt":{"rendered":"<p>Pr\u00e9sentation de l&rsquo;\u00e9cole Situ\u00e9e \u00e0 Prinquiau (44260), l\u2019\u00e9cole publique Le Petit Prince est compos\u00e9e de 9 classes qui ont \u00e9t\u00e9 regroup\u00e9es depuis septembre 2022. Le regroupement est effectif pour la rentr\u00e9e de 2022 dont la date est fix\u00e9e au jeudi 1er septembre 2022.<\/p>\n","protected":false},"author":6236,"featured_media":0,"parent":0,"menu_order":0,"comment_status":"closed","ping_status":"closed","template":"","meta":{"ngg_post_thumbnail":0,"h5ap_radio_sources":[],"footnotes":""},"folder":[],"class_list":["post-1044","page","type-page","status-publish","hentry","nodate","item-wrap"],"_links":{"self":[{"href":"https:\/\/passerelle2.ac-nantes.fr\/ecoleprinquiau\/wp-json\/wp\/v2\/pages\/1044","targetHints":{"allow":["GET"]}}],"collection":[{"href":"https:\/\/passerelle2.ac-nantes.fr\/ecoleprinquiau\/wp-json\/wp\/v2\/pages"}],"about":[{"href":"https:\/\/passerelle2.ac-nantes.fr\/ecoleprinquiau\/wp-json\/wp\/v2\/types\/page"}],"author":[{"embeddable":true,"href":"https:\/\/passerelle2.ac-nantes.fr\/ecoleprinquiau\/wp-json\/wp\/v2\/users\/6236"}],"replies":[{"embeddable":true,"href":"https:\/\/passerelle2.ac-nantes.fr\/ecoleprinquiau\/wp-json\/wp\/v2\/comments?post=1044"}],"version-history":[{"count":0,"href":"https:\/\/passerelle2.ac-nantes.fr\/ecoleprinquiau\/wp-json\/wp\/v2\/pages\/1044\/revisions"}],"wp:attachment":[{"href":"https:\/\/passerelle2.ac-nantes.fr\/ecoleprinquiau\/wp-json\/wp\/v2\/media?parent=1044"}],"wp:term":[{"taxonomy":"folder","embeddable":true,"href":"https:\/\/passerelle2.ac-nantes.fr\/ecoleprinquiau\/wp-json\/wp\/v2\/folder?post=1044"}],"curies":[{"name":"wp","href":"https:\/\/api.w.org\/{rel}","templated":true}]}}