
{"id":1052,"date":"2022-08-28T20:29:00","date_gmt":"2022-08-28T18:29:00","guid":{"rendered":"https:\/\/passerelle2.ac-nantes.fr\/ecoleprinquiau\/?page_id=1052"},"modified":"2023-10-19T14:10:42","modified_gmt":"2023-10-19T12:10:42","slug":"horaires-de-lecole-annee-2022-2023","status":"publish","type":"page","link":"https:\/\/passerelle2.ac-nantes.fr\/ecoleprinquiau\/horaires-de-lecole-annee-2022-2023\/","title":{"rendered":"Horaires de l&rsquo;\u00e9cole (ann\u00e9e 2023\/2024)"},"content":{"rendered":"\n<p>Jours de classe&nbsp;: lundi \u2013 mardi \u2013 jeudi &#8211; vendredi<\/p>\n\n\n\n<p>Accueil du matin&nbsp;: de <strong>8h35 \u00e0 8h45<\/strong><\/p>\n\n\n\n<p>Sortie du midi&nbsp;: \u00e0 <strong>11h50<\/strong>&nbsp; (\u00e9l\u00e8ves de maternelle)<\/p>\n\n\n\n<p>&nbsp;&nbsp;&nbsp;&nbsp;&nbsp;&nbsp;&nbsp;&nbsp;&nbsp;&nbsp;&nbsp;&nbsp;&nbsp;&nbsp;&nbsp;&nbsp;&nbsp;&nbsp;&nbsp;&nbsp;&nbsp;&nbsp;&nbsp;&nbsp; \u00e0 <strong>11h55<\/strong>&nbsp; (\u00e9l\u00e8ves d\u2019\u00e9l\u00e9mentaire)<\/p>\n\n\n\n<p>Accueil de l\u2019apr\u00e8s-midi&nbsp;: de <strong>13h10<\/strong> \u00e0 <strong>13h20<\/strong> (\u00e9l\u00e8ves de maternelle)<\/p>\n\n\n\n<p>Accueil de l\u2019apr\u00e8s-midi&nbsp;: de <strong>13h15<\/strong> \u00e0 <strong>13h25<\/strong> (\u00e9l\u00e8ves de d\u2019\u00e9l\u00e9mentaire)<\/p>\n\n\n\n<p>Sortie de l\u2019apr\u00e8s-midi&nbsp;: \u00e0 <strong>16h15<\/strong><\/p>\n","protected":false},"excerpt":{"rendered":"<p>Jours de classe&nbsp;: lundi \u2013 mardi \u2013 jeudi &#8211; vendredi Accueil du matin&nbsp;: de 8h35 \u00e0 8h45 Sortie du midi&nbsp;: \u00e0 11h50&nbsp; (\u00e9l\u00e8ves de maternelle) &nbsp;&nbsp;&nbsp;&nbsp;&nbsp;&nbsp;&nbsp;&nbsp;&nbsp;&nbsp;&nbsp;&nbsp;&nbsp;&nbsp;&nbsp;&nbsp;&nbsp;&nbsp;&nbsp;&nbsp;&nbsp;&nbsp;&nbsp;&nbsp; \u00e0 11h55&nbsp; (\u00e9l\u00e8ves d\u2019\u00e9l\u00e9mentaire) Accueil de l\u2019apr\u00e8s-midi&nbsp;: de 13h10 \u00e0 13h20 (\u00e9l\u00e8ves de maternelle) Accueil de l\u2019apr\u00e8s-midi&nbsp;: de 13h15 \u00e0 13h25 (\u00e9l\u00e8ves de d\u2019\u00e9l\u00e9mentaire) Sortie de l\u2019apr\u00e8s-midi&nbsp;: \u00e0 16h15<\/p>\n","protected":false},"author":6236,"featured_media":0,"parent":0,"menu_order":-2,"comment_status":"closed","ping_status":"closed","template":"","meta":{"ngg_post_thumbnail":0,"h5ap_radio_sources":[],"footnotes":""},"folder":[],"class_list":["post-1052","page","type-page","status-publish","hentry","nodate","item-wrap"],"_links":{"self":[{"href":"https:\/\/passerelle2.ac-nantes.fr\/ecoleprinquiau\/wp-json\/wp\/v2\/pages\/1052","targetHints":{"allow":["GET"]}}],"collection":[{"href":"https:\/\/passerelle2.ac-nantes.fr\/ecoleprinquiau\/wp-json\/wp\/v2\/pages"}],"about":[{"href":"https:\/\/passerelle2.ac-nantes.fr\/ecoleprinquiau\/wp-json\/wp\/v2\/types\/page"}],"author":[{"embeddable":true,"href":"https:\/\/passerelle2.ac-nantes.fr\/ecoleprinquiau\/wp-json\/wp\/v2\/users\/6236"}],"replies":[{"embeddable":true,"href":"https:\/\/passerelle2.ac-nantes.fr\/ecoleprinquiau\/wp-json\/wp\/v2\/comments?post=1052"}],"version-history":[{"count":0,"href":"https:\/\/passerelle2.ac-nantes.fr\/ecoleprinquiau\/wp-json\/wp\/v2\/pages\/1052\/revisions"}],"wp:attachment":[{"href":"https:\/\/passerelle2.ac-nantes.fr\/ecoleprinquiau\/wp-json\/wp\/v2\/media?parent=1052"}],"wp:term":[{"taxonomy":"folder","embeddable":true,"href":"https:\/\/passerelle2.ac-nantes.fr\/ecoleprinquiau\/wp-json\/wp\/v2\/folder?post=1052"}],"curies":[{"name":"wp","href":"https:\/\/api.w.org\/{rel}","templated":true}]}}