
{"id":199,"date":"2015-11-18T20:52:14","date_gmt":"2015-11-18T20:52:14","guid":{"rendered":"https:\/\/passerelle2.ac-nantes.fr\/ecoleprinquiau\/?page_id=199"},"modified":"2020-06-04T22:47:42","modified_gmt":"2020-06-04T20:47:42","slug":"nos-partenaires","status":"publish","type":"page","link":"https:\/\/passerelle2.ac-nantes.fr\/ecoleprinquiau\/nos-partenaires\/","title":{"rendered":"Nos partenaires"},"content":{"rendered":"<p>Sommaire de cette rubrique<\/p>\n<ul>\n<li><a title=\"Parents \u00e9lus au conseil d\u2019\u00e9cole\" href=\"https:\/\/passerelle2.ac-nantes.fr\/ecoleprinquiau\/nos-partenaires\/parents-elus-au-conseil-d%e2%80%99ecole\/\">Parents \u00e9lus au conseil d&rsquo;\u00e9cole<\/a><\/li>\n<li>Amicale la\u00efque<\/li>\n<\/ul>\n<p>&nbsp;<\/p>\n","protected":false},"excerpt":{"rendered":"<p>Sommaire de cette rubrique Parents \u00e9lus au conseil d&rsquo;\u00e9cole Amicale la\u00efque &nbsp;<\/p>\n","protected":false},"author":6236,"featured_media":0,"parent":0,"menu_order":-3,"comment_status":"closed","ping_status":"open","template":"","meta":{"ngg_post_thumbnail":0,"h5ap_radio_sources":[],"footnotes":""},"folder":[],"class_list":["post-199","page","type-page","status-publish","hentry","nodate","item-wrap"],"_links":{"self":[{"href":"https:\/\/passerelle2.ac-nantes.fr\/ecoleprinquiau\/wp-json\/wp\/v2\/pages\/199","targetHints":{"allow":["GET"]}}],"collection":[{"href":"https:\/\/passerelle2.ac-nantes.fr\/ecoleprinquiau\/wp-json\/wp\/v2\/pages"}],"about":[{"href":"https:\/\/passerelle2.ac-nantes.fr\/ecoleprinquiau\/wp-json\/wp\/v2\/types\/page"}],"author":[{"embeddable":true,"href":"https:\/\/passerelle2.ac-nantes.fr\/ecoleprinquiau\/wp-json\/wp\/v2\/users\/6236"}],"replies":[{"embeddable":true,"href":"https:\/\/passerelle2.ac-nantes.fr\/ecoleprinquiau\/wp-json\/wp\/v2\/comments?post=199"}],"version-history":[{"count":0,"href":"https:\/\/passerelle2.ac-nantes.fr\/ecoleprinquiau\/wp-json\/wp\/v2\/pages\/199\/revisions"}],"wp:attachment":[{"href":"https:\/\/passerelle2.ac-nantes.fr\/ecoleprinquiau\/wp-json\/wp\/v2\/media?parent=199"}],"wp:term":[{"taxonomy":"folder","embeddable":true,"href":"https:\/\/passerelle2.ac-nantes.fr\/ecoleprinquiau\/wp-json\/wp\/v2\/folder?post=199"}],"curies":[{"name":"wp","href":"https:\/\/api.w.org\/{rel}","templated":true}]}}