
{"id":2,"date":"2015-10-05T08:38:18","date_gmt":"2015-10-05T08:38:18","guid":{"rendered":"https:\/\/passerelle2.ac-nantes.fr\/prinquiaucdenoix\/?page_id=2"},"modified":"2015-12-17T13:49:01","modified_gmt":"2015-12-17T13:49:01","slug":"mentions-legales","status":"publish","type":"page","link":"https:\/\/passerelle2.ac-nantes.fr\/ecoleprinquiau\/mentions-legales\/","title":{"rendered":"Mentions l\u00e9gales"},"content":{"rendered":"<p>[mentions_legales]<\/p>\n<p><strong>Veille qualitative<br \/>\n<\/strong><\/p>\n<p>Si vous constatez un dysfonctionnement ou un contenu contraire \u00e0 la biens\u00e9ance et aux lois en  vigueur, veuillez contacter imm\u00e9diatement le Responsable \u00e9ditorial.<\/p>\n","protected":false},"excerpt":{"rendered":"<p>[mentions_legales] Veille qualitative Si vous constatez un dysfonctionnement ou un contenu contraire \u00e0 la biens\u00e9ance et aux lois en vigueur, veuillez contacter imm\u00e9diatement le Responsable \u00e9ditorial.<\/p>\n","protected":false},"author":6236,"featured_media":0,"parent":0,"menu_order":2,"comment_status":"closed","ping_status":"closed","template":"","meta":{"ngg_post_thumbnail":0,"h5ap_radio_sources":[],"footnotes":""},"folder":[],"class_list":["post-2","page","type-page","status-publish","hentry","nodate","item-wrap"],"_links":{"self":[{"href":"https:\/\/passerelle2.ac-nantes.fr\/ecoleprinquiau\/wp-json\/wp\/v2\/pages\/2","targetHints":{"allow":["GET"]}}],"collection":[{"href":"https:\/\/passerelle2.ac-nantes.fr\/ecoleprinquiau\/wp-json\/wp\/v2\/pages"}],"about":[{"href":"https:\/\/passerelle2.ac-nantes.fr\/ecoleprinquiau\/wp-json\/wp\/v2\/types\/page"}],"author":[{"embeddable":true,"href":"https:\/\/passerelle2.ac-nantes.fr\/ecoleprinquiau\/wp-json\/wp\/v2\/users\/6236"}],"replies":[{"embeddable":true,"href":"https:\/\/passerelle2.ac-nantes.fr\/ecoleprinquiau\/wp-json\/wp\/v2\/comments?post=2"}],"version-history":[{"count":0,"href":"https:\/\/passerelle2.ac-nantes.fr\/ecoleprinquiau\/wp-json\/wp\/v2\/pages\/2\/revisions"}],"wp:attachment":[{"href":"https:\/\/passerelle2.ac-nantes.fr\/ecoleprinquiau\/wp-json\/wp\/v2\/media?parent=2"}],"wp:term":[{"taxonomy":"folder","embeddable":true,"href":"https:\/\/passerelle2.ac-nantes.fr\/ecoleprinquiau\/wp-json\/wp\/v2\/folder?post=2"}],"curies":[{"name":"wp","href":"https:\/\/api.w.org\/{rel}","templated":true}]}}