
{"id":429,"date":"2016-05-30T19:40:15","date_gmt":"2016-05-30T19:40:15","guid":{"rendered":"https:\/\/passerelle2.ac-nantes.fr\/ecoleprinquiau\/?page_id=429"},"modified":"2020-10-21T22:29:45","modified_gmt":"2020-10-21T20:29:45","slug":"parents-elus-au-conseil-decole","status":"publish","type":"page","link":"https:\/\/passerelle2.ac-nantes.fr\/ecoleprinquiau\/nos-partenaires\/parents-elus-au-conseil-decole\/","title":{"rendered":"L&rsquo;association des parents d&rsquo;\u00e9l\u00e8ves"},"content":{"rendered":"<p>Dans les \u00e9coles maternelles et \u00e9l\u00e9mentaires, les parents d\u2019\u00e9l\u00e8ves \u00e9lisent tous les ans certains d\u2019entre eux pour les repr\u00e9senter dans les instances scolaires.<\/p>\n<p>Les parents d\u2019\u00e9l\u00e8ves \u00e9lus :<\/p>\n<ul>\n<li>participent au conseil d\u2019\u00e9cole (il y a autant de repr\u00e9sentants de parents d\u2019\u00e9l\u00e8ves au conseil d\u2019\u00e9cole que de classes dans l\u2019\u00e9cole)<\/li>\n<li>peuvent assurer un r\u00f4le de m\u00e9diation, \u00e0 la demande de tout parent d\u2019\u00e9l\u00e8ve, aupr\u00e8s des autres membres de la communaut\u00e9 \u00e9ducative<\/li>\n<\/ul>\n<p>L&rsquo;Association des Parents d&rsquo;\u00e9l\u00e8ves r\u00e9unit des parents volontaires et b\u00e9n\u00e9voles qui souhaitent s&rsquo;investir dans la vie de l&rsquo;\u00e9cole au profit des enfants.<br>Le r\u00f4le de l&rsquo;association est de participer \u00e0 la vie de l&rsquo;\u00e9cole, de d\u00e9fendre les int\u00e9r\u00eats de nos enfants et de repr\u00e9senter tous les parents. Outre son r\u00f4le aux conseils d&rsquo;\u00e9cole, l&rsquo;association est aussi pr\u00e9sente pour r\u00e9pondre \u00e0 vos questions, si vous avez des id\u00e9es ou si vous rencontrez des difficult\u00e9s quelconques. Elle organise \u00e9galement diff\u00e9rentes manifestations au cours de l&rsquo;ann\u00e9e.<\/p>\n<p>Notre capacit\u00e9 d&rsquo;action d\u00e9pend directement de la mobilisation des parents. En fonction des envies et des disponibilit\u00e9s de chacun, toutes les implications sont possibles.<br>N&rsquo;h\u00e9sitez pas \u00e0 nous solliciter, nous sommes l\u00e0 pour \u00e7a ! Nous sommes votre porte parole, des interm\u00e9diaires, toujours pr\u00e9sents et \u00e0 votre disposition.<\/p>\n<p>Comment nous contacter<\/p>\n<p>Par mail : apeprinquiau@gmail.com<br><a href=\"https:\/\/www.facebook.com\/APEprinquiau\/\" target=\"_blank\" rel=\"noopener noreferrer\">Via la page Facebook de l&rsquo;Association des parents d&rsquo;\u00e9l\u00e8ves<\/a><\/p>\n\n\n<p>Actions pour l&rsquo;ann\u00e9e 2019\/2020 :<\/p>\n\n\n\n<figure class=\"wp-block-image size-large\"><img loading=\"lazy\" decoding=\"async\" width=\"425\" height=\"600\" src=\"https:\/\/passerelle2.ac-nantes.fr\/ecoleprinquiau\/wp-content\/uploads\/sites\/434\/2020\/04\/flyer-APE-actions-2019-2020.jpg\" alt=\"\" class=\"wp-image-856\" srcset=\"https:\/\/passerelle2.ac-nantes.fr\/ecoleprinquiau\/wp-content\/uploads\/sites\/434\/2020\/04\/flyer-APE-actions-2019-2020.jpg 425w, https:\/\/passerelle2.ac-nantes.fr\/ecoleprinquiau\/wp-content\/uploads\/sites\/434\/2020\/04\/flyer-APE-actions-2019-2020-213x300.jpg 213w\" sizes=\"auto, (max-width: 425px) 100vw, 425px\" \/><\/figure>\n","protected":false},"excerpt":{"rendered":"<p>Dans les \u00e9coles maternelles et \u00e9l\u00e9mentaires, les parents d\u2019\u00e9l\u00e8ves \u00e9lisent tous les ans certains d\u2019entre eux pour les repr\u00e9senter dans les instances scolaires. Les parents d\u2019\u00e9l\u00e8ves \u00e9lus : participent au conseil d\u2019\u00e9cole (il y a autant de repr\u00e9sentants de parents d\u2019\u00e9l\u00e8ves au conseil d\u2019\u00e9cole que de classes dans l\u2019\u00e9cole) peuvent assurer un r\u00f4le de m\u00e9diation, &hellip; <\/p>\n<p><a class=\"more-link btn\" href=\"https:\/\/passerelle2.ac-nantes.fr\/ecoleprinquiau\/nos-partenaires\/parents-elus-au-conseil-decole\/\">Lire la suite<\/a><\/p>\n","protected":false},"author":6236,"featured_media":0,"parent":199,"menu_order":0,"comment_status":"closed","ping_status":"open","template":"","meta":{"ngg_post_thumbnail":0,"h5ap_radio_sources":[],"footnotes":""},"folder":[],"class_list":["post-429","page","type-page","status-publish","hentry","nodate","item-wrap"],"_links":{"self":[{"href":"https:\/\/passerelle2.ac-nantes.fr\/ecoleprinquiau\/wp-json\/wp\/v2\/pages\/429","targetHints":{"allow":["GET"]}}],"collection":[{"href":"https:\/\/passerelle2.ac-nantes.fr\/ecoleprinquiau\/wp-json\/wp\/v2\/pages"}],"about":[{"href":"https:\/\/passerelle2.ac-nantes.fr\/ecoleprinquiau\/wp-json\/wp\/v2\/types\/page"}],"author":[{"embeddable":true,"href":"https:\/\/passerelle2.ac-nantes.fr\/ecoleprinquiau\/wp-json\/wp\/v2\/users\/6236"}],"replies":[{"embeddable":true,"href":"https:\/\/passerelle2.ac-nantes.fr\/ecoleprinquiau\/wp-json\/wp\/v2\/comments?post=429"}],"version-history":[{"count":0,"href":"https:\/\/passerelle2.ac-nantes.fr\/ecoleprinquiau\/wp-json\/wp\/v2\/pages\/429\/revisions"}],"up":[{"embeddable":true,"href":"https:\/\/passerelle2.ac-nantes.fr\/ecoleprinquiau\/wp-json\/wp\/v2\/pages\/199"}],"wp:attachment":[{"href":"https:\/\/passerelle2.ac-nantes.fr\/ecoleprinquiau\/wp-json\/wp\/v2\/media?parent=429"}],"wp:term":[{"taxonomy":"folder","embeddable":true,"href":"https:\/\/passerelle2.ac-nantes.fr\/ecoleprinquiau\/wp-json\/wp\/v2\/folder?post=429"}],"curies":[{"name":"wp","href":"https:\/\/api.w.org\/{rel}","templated":true}]}}