
{"id":850,"date":"2020-04-08T12:01:39","date_gmt":"2020-04-08T10:01:39","guid":{"rendered":"https:\/\/passerelle2.ac-nantes.fr\/ecoleprinquiau\/?page_id=850"},"modified":"2020-06-04T22:54:22","modified_gmt":"2020-06-04T20:54:22","slug":"lamicale-laique","status":"publish","type":"page","link":"https:\/\/passerelle2.ac-nantes.fr\/ecoleprinquiau\/nos-partenaires\/lamicale-laique\/","title":{"rendered":"L&rsquo;amicale la\u00efque"},"content":{"rendered":"\n<p>L&rsquo;amicale la\u00efque est une association d&rsquo;\u00e9ducation populaire qui intervient activement aupr\u00e8s de l&rsquo;\u00e9cole publique pour toutes ses manifestations (march\u00e9 de no\u00ebl, f\u00eate de l&rsquo;\u00e9cole&#8230;).<\/p>\n\n\n\n<p>Les lecteurs de l&rsquo;Amicale la\u00efque interviennent directement aupr\u00e8s des \u00e9l\u00e8ves dans le cadre de l&rsquo;op\u00e9ration Lire et faire lire  (de la grande section au CE2).<\/p>\n\n\n\n<p>Elle propose aussi des activit\u00e9s \u00e0 la population (th\u00e9\u00e2tre, peinture, danse, chorale, scapbooking&#8230;).<\/p>\n\n\n\n<p><a rel=\"noreferrer noopener\" href=\"https:\/\/www.facebook.com\/Amicale-La%C3%AFque-de-Prinquiau-1271890759532746\/?ref=py_c\" target=\"_blank\">Lien vers l&rsquo;amicale la\u00efque<\/a><\/p>\n","protected":false},"excerpt":{"rendered":"<p>L&rsquo;amicale la\u00efque est une association d&rsquo;\u00e9ducation populaire qui intervient activement aupr\u00e8s de l&rsquo;\u00e9cole publique pour toutes ses manifestations (march\u00e9 de no\u00ebl, f\u00eate de l&rsquo;\u00e9cole&#8230;). Les lecteurs de l&rsquo;Amicale la\u00efque interviennent directement aupr\u00e8s des \u00e9l\u00e8ves dans le cadre de l&rsquo;op\u00e9ration Lire et faire lire (de la grande section au CE2). Elle propose aussi des activit\u00e9s \u00e0 &hellip; <\/p>\n<p><a class=\"more-link btn\" href=\"https:\/\/passerelle2.ac-nantes.fr\/ecoleprinquiau\/nos-partenaires\/lamicale-laique\/\">Lire la suite<\/a><\/p>\n","protected":false},"author":6236,"featured_media":0,"parent":199,"menu_order":0,"comment_status":"closed","ping_status":"closed","template":"","meta":{"ngg_post_thumbnail":0,"h5ap_radio_sources":[],"footnotes":""},"folder":[],"class_list":["post-850","page","type-page","status-publish","hentry","nodate","item-wrap"],"_links":{"self":[{"href":"https:\/\/passerelle2.ac-nantes.fr\/ecoleprinquiau\/wp-json\/wp\/v2\/pages\/850","targetHints":{"allow":["GET"]}}],"collection":[{"href":"https:\/\/passerelle2.ac-nantes.fr\/ecoleprinquiau\/wp-json\/wp\/v2\/pages"}],"about":[{"href":"https:\/\/passerelle2.ac-nantes.fr\/ecoleprinquiau\/wp-json\/wp\/v2\/types\/page"}],"author":[{"embeddable":true,"href":"https:\/\/passerelle2.ac-nantes.fr\/ecoleprinquiau\/wp-json\/wp\/v2\/users\/6236"}],"replies":[{"embeddable":true,"href":"https:\/\/passerelle2.ac-nantes.fr\/ecoleprinquiau\/wp-json\/wp\/v2\/comments?post=850"}],"version-history":[{"count":0,"href":"https:\/\/passerelle2.ac-nantes.fr\/ecoleprinquiau\/wp-json\/wp\/v2\/pages\/850\/revisions"}],"up":[{"embeddable":true,"href":"https:\/\/passerelle2.ac-nantes.fr\/ecoleprinquiau\/wp-json\/wp\/v2\/pages\/199"}],"wp:attachment":[{"href":"https:\/\/passerelle2.ac-nantes.fr\/ecoleprinquiau\/wp-json\/wp\/v2\/media?parent=850"}],"wp:term":[{"taxonomy":"folder","embeddable":true,"href":"https:\/\/passerelle2.ac-nantes.fr\/ecoleprinquiau\/wp-json\/wp\/v2\/folder?post=850"}],"curies":[{"name":"wp","href":"https:\/\/api.w.org\/{rel}","templated":true}]}}