
{"id":1333,"date":"2023-11-13T16:51:56","date_gmt":"2023-11-13T15:51:56","guid":{"rendered":"https:\/\/passerelle2.ac-nantes.fr\/ecolepubliquestluminedeclisson\/?page_id=1333"},"modified":"2025-09-23T16:23:00","modified_gmt":"2025-09-23T14:23:00","slug":"association-lucie-en-fetes","status":"publish","type":"page","link":"https:\/\/passerelle2.ac-nantes.fr\/ecolepubliquestluminedeclisson\/association-lucie-en-fetes\/","title":{"rendered":"Association Lucie en f\u00eates"},"content":{"rendered":"<div class=\"wp-block-image\">\n<figure class=\"aligncenter size-full\"><img decoding=\"async\" src=\"https:\/\/passerelle2.ac-nantes.fr\/ecolepubliquestluminedeclisson\/wp-content\/uploads\/sites\/689\/2023\/11\/Cest-quoi-Association-Lucie-en-fetes-copie.jpg\" alt=\"\" class=\"wp-image-1343\"\/><\/figure>\n<\/div>\n\n\n<p>Pr\u00e9sidente : Mme Duval M\u00e9lanie<br>Vice-pr\u00e9sident : M. Breux Fran\u00e7ois-Fr\u00e9d\u00e9ric<br>Secr\u00e9taire : Mme Falcon Sonia<br>Tr\u00e9sorier : M. Labuzan Matthieu<br><\/p>\n\n\n\n<p>Voici un lien vers la <a href=\"https:\/\/www.facebook.com\/profile.php?id=61553076734416\">page Facebook<\/a> de l&rsquo;association.<\/p>\n\n\n\n<p>Lucie en F\u00eates<br>Place Klettgau<br>44190 SAINT LUMINE DE CLISSON<\/p>\n\n\n\n<p>Contact : lucieenfetes@gmail.com<\/p>\n\n\n\n\n","protected":false},"excerpt":{"rendered":"<p>Pr\u00e9sidente : Mme Duval M\u00e9lanieVice-pr\u00e9sident : M. Breux Fran\u00e7ois-Fr\u00e9d\u00e9ricSecr\u00e9taire : Mme Falcon SoniaTr\u00e9sorier : M. Labuzan Matthieu Voici un lien vers la page Facebook de l&rsquo;association. Lucie en F\u00eatesPlace Klettgau44190 SAINT LUMINE DE CLISSON Contact : lucieenfetes@gmail.com<\/p>\n","protected":false},"author":8092,"featured_media":0,"parent":0,"menu_order":4,"comment_status":"closed","ping_status":"closed","template":"","meta":{"ngg_post_thumbnail":0,"h5ap_radio_sources":[],"footnotes":""},"folder":[],"class_list":["post-1333","page","type-page","status-publish","hentry"],"_links":{"self":[{"href":"https:\/\/passerelle2.ac-nantes.fr\/ecolepubliquestluminedeclisson\/wp-json\/wp\/v2\/pages\/1333","targetHints":{"allow":["GET"]}}],"collection":[{"href":"https:\/\/passerelle2.ac-nantes.fr\/ecolepubliquestluminedeclisson\/wp-json\/wp\/v2\/pages"}],"about":[{"href":"https:\/\/passerelle2.ac-nantes.fr\/ecolepubliquestluminedeclisson\/wp-json\/wp\/v2\/types\/page"}],"author":[{"embeddable":true,"href":"https:\/\/passerelle2.ac-nantes.fr\/ecolepubliquestluminedeclisson\/wp-json\/wp\/v2\/users\/8092"}],"replies":[{"embeddable":true,"href":"https:\/\/passerelle2.ac-nantes.fr\/ecolepubliquestluminedeclisson\/wp-json\/wp\/v2\/comments?post=1333"}],"version-history":[{"count":0,"href":"https:\/\/passerelle2.ac-nantes.fr\/ecolepubliquestluminedeclisson\/wp-json\/wp\/v2\/pages\/1333\/revisions"}],"wp:attachment":[{"href":"https:\/\/passerelle2.ac-nantes.fr\/ecolepubliquestluminedeclisson\/wp-json\/wp\/v2\/media?parent=1333"}],"wp:term":[{"taxonomy":"folder","embeddable":true,"href":"https:\/\/passerelle2.ac-nantes.fr\/ecolepubliquestluminedeclisson\/wp-json\/wp\/v2\/folder?post=1333"}],"curies":[{"name":"wp","href":"https:\/\/api.w.org\/{rel}","templated":true}]}}