
{"id":2,"date":"2017-09-28T13:32:17","date_gmt":"2017-09-28T11:32:17","guid":{"rendered":"https:\/\/passerelle2.ac-nantes.fr\/ecolelucieaubrac\/?page_id=2"},"modified":"2021-01-26T17:35:40","modified_gmt":"2021-01-26T16:35:40","slug":"page-d-exemple","status":"publish","type":"page","link":"https:\/\/passerelle2.ac-nantes.fr\/ecolepubliquestluminedeclisson\/page-d-exemple\/","title":{"rendered":"Mentions l\u00e9gales"},"content":{"rendered":"<div class=\"entry-content\">\n<p><strong>Renseignements \u00e9ditoriaux<\/strong><\/p>\n<p>Vous \u00eates connect\u00e9s \u00e0 la plateforme de blogs <a href=\"https:\/\/passerelle2.ac-nantes.fr\">passerelle<\/a><\/p>\n<p><strong>Responsable \u00e9ditorial<\/strong> : Mme HAMON Sylvie<em><br \/>\n<\/em><\/p>\n<p><strong>H\u00e9bergeur<\/strong> : Rectorat de Nantes.<\/p>\n<p>4 rue de la Houssini\u00e8re<\/p>\n<p>BP 72626 44326 NANTES Cedex 3<\/p>\n<p><strong>Pour nous contacter<\/strong><\/p>\n<p>Conform\u00e9ment \u00e0 l\u2019article 34 de la loi Informatique et Libert\u00e9s du 6 janvier 1978, vous disposez d\u2019un droit d\u2019acc\u00e8s aux informations vous concernant. Vous pouvez \u00e9galement demander la modification ou la suppression de ces informations. Il vous suffit d\u2019\u00e9crire \u00e0 l\u2019adresse suivante, \u00e0 l\u2019attention de :<\/p>\n<p>Mme HAMON Sylvie<\/p>\n<p>\u00c9cole publique LUCIE AUBRAC<br \/>\nPlace Klettgau<br \/>\n44190 SAINT LUMINE DE CLISSON<\/p>\n<p>Pour en savoir plus sur le traitement des donn\u00e9es, veuillez consulter notre <a href=\"https:\/\/passerelle2.ac-nantes.fr\/politique-de-confidentialite\/\">politique de confidentialit\u00e9<\/a>.<\/p>\n<\/div>\n<footer class=\"entry-footer\">\n<hr \/>\n<\/footer>\n<p>[mentions_legales]<\/p>\n<p style=\"text-align: center;\"><em>ce.0440123v@ac-nantes.fr<\/em><\/p>\n","protected":false},"excerpt":{"rendered":"<p>Renseignements \u00e9ditoriaux Vous \u00eates connect\u00e9s \u00e0 la plateforme de blogs passerelle Responsable \u00e9ditorial : Mme HAMON Sylvie H\u00e9bergeur : Rectorat de Nantes. 4 rue de la Houssini\u00e8re BP 72626 44326 NANTES Cedex 3 Pour nous contacter Conform\u00e9ment \u00e0 l\u2019article 34 &hellip; <a href=\"https:\/\/passerelle2.ac-nantes.fr\/ecolepubliquestluminedeclisson\/page-d-exemple\/\">Continuer la lecture <span class=\"meta-nav\">&rarr;<\/span><\/a><\/p>\n","protected":false},"author":8039,"featured_media":0,"parent":0,"menu_order":0,"comment_status":"closed","ping_status":"open","template":"","meta":{"ngg_post_thumbnail":0,"h5ap_radio_sources":[],"footnotes":""},"folder":[],"class_list":["post-2","page","type-page","status-publish","hentry"],"_links":{"self":[{"href":"https:\/\/passerelle2.ac-nantes.fr\/ecolepubliquestluminedeclisson\/wp-json\/wp\/v2\/pages\/2","targetHints":{"allow":["GET"]}}],"collection":[{"href":"https:\/\/passerelle2.ac-nantes.fr\/ecolepubliquestluminedeclisson\/wp-json\/wp\/v2\/pages"}],"about":[{"href":"https:\/\/passerelle2.ac-nantes.fr\/ecolepubliquestluminedeclisson\/wp-json\/wp\/v2\/types\/page"}],"author":[{"embeddable":true,"href":"https:\/\/passerelle2.ac-nantes.fr\/ecolepubliquestluminedeclisson\/wp-json\/wp\/v2\/users\/8039"}],"replies":[{"embeddable":true,"href":"https:\/\/passerelle2.ac-nantes.fr\/ecolepubliquestluminedeclisson\/wp-json\/wp\/v2\/comments?post=2"}],"version-history":[{"count":0,"href":"https:\/\/passerelle2.ac-nantes.fr\/ecolepubliquestluminedeclisson\/wp-json\/wp\/v2\/pages\/2\/revisions"}],"wp:attachment":[{"href":"https:\/\/passerelle2.ac-nantes.fr\/ecolepubliquestluminedeclisson\/wp-json\/wp\/v2\/media?parent=2"}],"wp:term":[{"taxonomy":"folder","embeddable":true,"href":"https:\/\/passerelle2.ac-nantes.fr\/ecolepubliquestluminedeclisson\/wp-json\/wp\/v2\/folder?post=2"}],"curies":[{"name":"wp","href":"https:\/\/api.w.org\/{rel}","templated":true}]}}