
{"id":30,"date":"2017-11-24T11:04:55","date_gmt":"2017-11-24T10:04:55","guid":{"rendered":"https:\/\/passerelle2.ac-nantes.fr\/ecolepubliquestluminedeclisson\/?page_id=30"},"modified":"2025-11-03T14:14:47","modified_gmt":"2025-11-03T13:14:47","slug":"equipe-enseignantes-atsem","status":"publish","type":"page","link":"https:\/\/passerelle2.ac-nantes.fr\/ecolepubliquestluminedeclisson\/informations-pratiques\/equipe-enseignantes-atsem\/","title":{"rendered":"Equipe enseignante &#8211; ATSEM &#8211; AESH"},"content":{"rendered":"<p><strong> PS-MS<\/strong><br \/>\nH\u00e9l\u00e8ne PACAUD<br \/>\nATSEM : Nelly QUEAU<\/p>\n<p><img loading=\"lazy\" decoding=\"async\" class=\"alignnone size-medium wp-image-2144\" src=\"https:\/\/passerelle2.ac-nantes.fr\/ecolepubliquestluminedeclisson\/wp-content\/uploads\/sites\/689\/2025\/09\/2012-002-300x225.jpg\" alt=\"\" width=\"300\" height=\"225\" srcset=\"https:\/\/passerelle2.ac-nantes.fr\/ecolepubliquestluminedeclisson\/wp-content\/uploads\/sites\/689\/2025\/09\/2012-002-300x225.jpg 300w, https:\/\/passerelle2.ac-nantes.fr\/ecolepubliquestluminedeclisson\/wp-content\/uploads\/sites\/689\/2025\/09\/2012-002-768x576.jpg 768w, https:\/\/passerelle2.ac-nantes.fr\/ecolepubliquestluminedeclisson\/wp-content\/uploads\/sites\/689\/2025\/09\/2012-002.jpg 800w\" sizes=\"auto, (max-width: 300px) 100vw, 300px\" \/> <img loading=\"lazy\" decoding=\"async\" class=\"alignnone size-medium wp-image-2149\" src=\"https:\/\/passerelle2.ac-nantes.fr\/ecolepubliquestluminedeclisson\/wp-content\/uploads\/sites\/689\/2025\/09\/IMG_2038-225x300.jpg\" alt=\"\" width=\"225\" height=\"300\" srcset=\"https:\/\/passerelle2.ac-nantes.fr\/ecolepubliquestluminedeclisson\/wp-content\/uploads\/sites\/689\/2025\/09\/IMG_2038-225x300.jpg 225w, https:\/\/passerelle2.ac-nantes.fr\/ecolepubliquestluminedeclisson\/wp-content\/uploads\/sites\/689\/2025\/09\/IMG_2038.jpg 450w\" sizes=\"auto, (max-width: 225px) 100vw, 225px\" \/><\/p>\n<p><strong>GS-CP<\/strong><br \/>\nElisabeth CAFFIER (lundi, mardi, vendredi)<br \/>\nAnne BAILLY (jeudi)<br \/>\nATSEM : Morgane CHIPEAUX<\/p>\n<p><img loading=\"lazy\" decoding=\"async\" class=\"alignnone size-medium wp-image-2148\" src=\"https:\/\/passerelle2.ac-nantes.fr\/ecolepubliquestluminedeclisson\/wp-content\/uploads\/sites\/689\/2025\/09\/adultes-006-225x300.jpg\" alt=\"\" width=\"225\" height=\"300\" srcset=\"https:\/\/passerelle2.ac-nantes.fr\/ecolepubliquestluminedeclisson\/wp-content\/uploads\/sites\/689\/2025\/09\/adultes-006-225x300.jpg 225w, https:\/\/passerelle2.ac-nantes.fr\/ecolepubliquestluminedeclisson\/wp-content\/uploads\/sites\/689\/2025\/09\/adultes-006.jpg 450w\" sizes=\"auto, (max-width: 225px) 100vw, 225px\" \/> <img loading=\"lazy\" decoding=\"async\" class=\"alignnone size-medium wp-image-2152\" src=\"https:\/\/passerelle2.ac-nantes.fr\/ecolepubliquestluminedeclisson\/wp-content\/uploads\/sites\/689\/2025\/09\/IMG_4472-224x300.jpg\" alt=\"\" width=\"224\" height=\"300\" srcset=\"https:\/\/passerelle2.ac-nantes.fr\/ecolepubliquestluminedeclisson\/wp-content\/uploads\/sites\/689\/2025\/09\/IMG_4472-224x300.jpg 224w, https:\/\/passerelle2.ac-nantes.fr\/ecolepubliquestluminedeclisson\/wp-content\/uploads\/sites\/689\/2025\/09\/IMG_4472.jpg 448w\" sizes=\"auto, (max-width: 224px) 100vw, 224px\" \/> <img loading=\"lazy\" decoding=\"async\" class=\"alignnone size-medium wp-image-2155\" src=\"https:\/\/passerelle2.ac-nantes.fr\/ecolepubliquestluminedeclisson\/wp-content\/uploads\/sites\/689\/2025\/09\/Morgane-225x300.jpg\" alt=\"\" width=\"225\" height=\"300\" srcset=\"https:\/\/passerelle2.ac-nantes.fr\/ecolepubliquestluminedeclisson\/wp-content\/uploads\/sites\/689\/2025\/09\/Morgane-225x300.jpg 225w, https:\/\/passerelle2.ac-nantes.fr\/ecolepubliquestluminedeclisson\/wp-content\/uploads\/sites\/689\/2025\/09\/Morgane.jpg 450w\" sizes=\"auto, (max-width: 225px) 100vw, 225px\" \/><\/p>\n<p><strong>CP-CE1<\/strong><br \/>\nSylvie HAMON (lundi, mardi, jeudi)<br \/>\nAnne BAILLY (vendredi)<\/p>\n<p><img loading=\"lazy\" decoding=\"async\" class=\"alignnone size-medium wp-image-2145\" src=\"https:\/\/passerelle2.ac-nantes.fr\/ecolepubliquestluminedeclisson\/wp-content\/uploads\/sites\/689\/2025\/09\/adultes-002-225x300.jpg\" alt=\"\" width=\"225\" height=\"300\" srcset=\"https:\/\/passerelle2.ac-nantes.fr\/ecolepubliquestluminedeclisson\/wp-content\/uploads\/sites\/689\/2025\/09\/adultes-002-225x300.jpg 225w, https:\/\/passerelle2.ac-nantes.fr\/ecolepubliquestluminedeclisson\/wp-content\/uploads\/sites\/689\/2025\/09\/adultes-002.jpg 450w\" sizes=\"auto, (max-width: 225px) 100vw, 225px\" \/> <img loading=\"lazy\" decoding=\"async\" class=\"alignnone size-medium wp-image-2152\" src=\"https:\/\/passerelle2.ac-nantes.fr\/ecolepubliquestluminedeclisson\/wp-content\/uploads\/sites\/689\/2025\/09\/IMG_4472-224x300.jpg\" alt=\"\" width=\"224\" height=\"300\" srcset=\"https:\/\/passerelle2.ac-nantes.fr\/ecolepubliquestluminedeclisson\/wp-content\/uploads\/sites\/689\/2025\/09\/IMG_4472-224x300.jpg 224w, https:\/\/passerelle2.ac-nantes.fr\/ecolepubliquestluminedeclisson\/wp-content\/uploads\/sites\/689\/2025\/09\/IMG_4472.jpg 448w\" sizes=\"auto, (max-width: 224px) 100vw, 224px\" \/><\/p>\n<p><strong>CE2-CM1<\/strong><br \/>\nSt\u00e9phanie LAUNAY<\/p>\n<p><img loading=\"lazy\" decoding=\"async\" class=\"alignnone size-medium wp-image-2153\" src=\"https:\/\/passerelle2.ac-nantes.fr\/ecolepubliquestluminedeclisson\/wp-content\/uploads\/sites\/689\/2025\/09\/IMG_4473-224x300.jpg\" alt=\"\" width=\"224\" height=\"300\" srcset=\"https:\/\/passerelle2.ac-nantes.fr\/ecolepubliquestluminedeclisson\/wp-content\/uploads\/sites\/689\/2025\/09\/IMG_4473-224x300.jpg 224w, https:\/\/passerelle2.ac-nantes.fr\/ecolepubliquestluminedeclisson\/wp-content\/uploads\/sites\/689\/2025\/09\/IMG_4473.jpg 448w\" sizes=\"auto, (max-width: 224px) 100vw, 224px\" \/><\/p>\n<p><strong>CM1-CM2<\/strong><br \/>\nNadia BELHAMITI<\/p>\n<p><img loading=\"lazy\" decoding=\"async\" class=\"alignnone size-medium wp-image-2146\" src=\"https:\/\/passerelle2.ac-nantes.fr\/ecolepubliquestluminedeclisson\/wp-content\/uploads\/sites\/689\/2025\/09\/adultes-003-225x300.jpg\" alt=\"\" width=\"225\" height=\"300\" srcset=\"https:\/\/passerelle2.ac-nantes.fr\/ecolepubliquestluminedeclisson\/wp-content\/uploads\/sites\/689\/2025\/09\/adultes-003-225x300.jpg 225w, https:\/\/passerelle2.ac-nantes.fr\/ecolepubliquestluminedeclisson\/wp-content\/uploads\/sites\/689\/2025\/09\/adultes-003.jpg 450w\" sizes=\"auto, (max-width: 225px) 100vw, 225px\" \/><\/p>\n<p><strong>Rempla\u00e7ant rattach\u00e9 \u00e0 l&rsquo;\u00e9cole :<\/strong><br \/>\nAlexandre POUTRAIN<\/p>\n<p><img loading=\"lazy\" decoding=\"async\" class=\"alignnone size-medium wp-image-2156\" src=\"https:\/\/passerelle2.ac-nantes.fr\/ecolepubliquestluminedeclisson\/wp-content\/uploads\/sites\/689\/2025\/09\/IMG_1917-225x300.jpg\" alt=\"\" width=\"225\" height=\"300\" srcset=\"https:\/\/passerelle2.ac-nantes.fr\/ecolepubliquestluminedeclisson\/wp-content\/uploads\/sites\/689\/2025\/09\/IMG_1917-225x300.jpg 225w, https:\/\/passerelle2.ac-nantes.fr\/ecolepubliquestluminedeclisson\/wp-content\/uploads\/sites\/689\/2025\/09\/IMG_1917.jpg 450w\" sizes=\"auto, (max-width: 225px) 100vw, 225px\" \/><\/p>\n<p><strong>AESH (accompagnants pour \u00e9l\u00e8ves \u00e0 besoins particuliers)<br \/>\n<\/strong>Amandine BRIERE\u00a0 <img loading=\"lazy\" decoding=\"async\" class=\"alignnone size-medium wp-image-2151\" src=\"https:\/\/passerelle2.ac-nantes.fr\/ecolepubliquestluminedeclisson\/wp-content\/uploads\/sites\/689\/2025\/09\/IMG_4471-224x300.jpg\" alt=\"\" width=\"224\" height=\"300\" srcset=\"https:\/\/passerelle2.ac-nantes.fr\/ecolepubliquestluminedeclisson\/wp-content\/uploads\/sites\/689\/2025\/09\/IMG_4471-224x300.jpg 224w, https:\/\/passerelle2.ac-nantes.fr\/ecolepubliquestluminedeclisson\/wp-content\/uploads\/sites\/689\/2025\/09\/IMG_4471.jpg 448w\" sizes=\"auto, (max-width: 224px) 100vw, 224px\" \/><\/p>\n<p>Ang\u00e9lique BOSSER<img loading=\"lazy\" decoding=\"async\" class=\"alignnone size-medium wp-image-2154\" src=\"https:\/\/passerelle2.ac-nantes.fr\/ecolepubliquestluminedeclisson\/wp-content\/uploads\/sites\/689\/2025\/09\/IMG_4476-224x300.jpg\" alt=\"\" width=\"224\" height=\"300\" srcset=\"https:\/\/passerelle2.ac-nantes.fr\/ecolepubliquestluminedeclisson\/wp-content\/uploads\/sites\/689\/2025\/09\/IMG_4476-224x300.jpg 224w, https:\/\/passerelle2.ac-nantes.fr\/ecolepubliquestluminedeclisson\/wp-content\/uploads\/sites\/689\/2025\/09\/IMG_4476.jpg 448w\" sizes=\"auto, (max-width: 224px) 100vw, 224px\" \/><\/p>\n<p>Laurent GUESDON <img loading=\"lazy\" decoding=\"async\" class=\"alignnone size-medium wp-image-2150\" src=\"https:\/\/passerelle2.ac-nantes.fr\/ecolepubliquestluminedeclisson\/wp-content\/uploads\/sites\/689\/2025\/09\/IMG_4470-224x300.jpg\" alt=\"\" width=\"224\" height=\"300\" srcset=\"https:\/\/passerelle2.ac-nantes.fr\/ecolepubliquestluminedeclisson\/wp-content\/uploads\/sites\/689\/2025\/09\/IMG_4470-224x300.jpg 224w, https:\/\/passerelle2.ac-nantes.fr\/ecolepubliquestluminedeclisson\/wp-content\/uploads\/sites\/689\/2025\/09\/IMG_4470.jpg 448w\" sizes=\"auto, (max-width: 224px) 100vw, 224px\" \/><\/p>\n","protected":false},"excerpt":{"rendered":"<p>PS-MS H\u00e9l\u00e8ne PACAUD ATSEM : Nelly QUEAU GS-CP Elisabeth CAFFIER (lundi, mardi, vendredi) Anne BAILLY (jeudi) ATSEM : Morgane CHIPEAUX CP-CE1 Sylvie HAMON (lundi, mardi, jeudi) Anne BAILLY (vendredi) CE2-CM1 St\u00e9phanie LAUNAY CM1-CM2 Nadia BELHAMITI Rempla\u00e7ant rattach\u00e9 \u00e0 l&rsquo;\u00e9cole : &hellip; <a href=\"https:\/\/passerelle2.ac-nantes.fr\/ecolepubliquestluminedeclisson\/informations-pratiques\/equipe-enseignantes-atsem\/\">Continuer la lecture <span class=\"meta-nav\">&rarr;<\/span><\/a><\/p>\n","protected":false},"author":8039,"featured_media":0,"parent":29,"menu_order":2,"comment_status":"closed","ping_status":"closed","template":"","meta":{"ngg_post_thumbnail":0,"h5ap_radio_sources":[],"footnotes":""},"folder":[],"class_list":["post-30","page","type-page","status-publish","hentry"],"_links":{"self":[{"href":"https:\/\/passerelle2.ac-nantes.fr\/ecolepubliquestluminedeclisson\/wp-json\/wp\/v2\/pages\/30","targetHints":{"allow":["GET"]}}],"collection":[{"href":"https:\/\/passerelle2.ac-nantes.fr\/ecolepubliquestluminedeclisson\/wp-json\/wp\/v2\/pages"}],"about":[{"href":"https:\/\/passerelle2.ac-nantes.fr\/ecolepubliquestluminedeclisson\/wp-json\/wp\/v2\/types\/page"}],"author":[{"embeddable":true,"href":"https:\/\/passerelle2.ac-nantes.fr\/ecolepubliquestluminedeclisson\/wp-json\/wp\/v2\/users\/8039"}],"replies":[{"embeddable":true,"href":"https:\/\/passerelle2.ac-nantes.fr\/ecolepubliquestluminedeclisson\/wp-json\/wp\/v2\/comments?post=30"}],"version-history":[{"count":0,"href":"https:\/\/passerelle2.ac-nantes.fr\/ecolepubliquestluminedeclisson\/wp-json\/wp\/v2\/pages\/30\/revisions"}],"up":[{"embeddable":true,"href":"https:\/\/passerelle2.ac-nantes.fr\/ecolepubliquestluminedeclisson\/wp-json\/wp\/v2\/pages\/29"}],"wp:attachment":[{"href":"https:\/\/passerelle2.ac-nantes.fr\/ecolepubliquestluminedeclisson\/wp-json\/wp\/v2\/media?parent=30"}],"wp:term":[{"taxonomy":"folder","embeddable":true,"href":"https:\/\/passerelle2.ac-nantes.fr\/ecolepubliquestluminedeclisson\/wp-json\/wp\/v2\/folder?post=30"}],"curies":[{"name":"wp","href":"https:\/\/api.w.org\/{rel}","templated":true}]}}