
{"id":31,"date":"2017-11-24T11:07:42","date_gmt":"2017-11-24T10:07:42","guid":{"rendered":"https:\/\/passerelle2.ac-nantes.fr\/ecolepubliquestluminedeclisson\/?page_id=31"},"modified":"2025-09-10T15:51:04","modified_gmt":"2025-09-10T13:51:04","slug":"calendrier-scolaire","status":"publish","type":"page","link":"https:\/\/passerelle2.ac-nantes.fr\/ecolepubliquestluminedeclisson\/informations-pratiques\/calendrier-scolaire\/","title":{"rendered":"Calendrier scolaire"},"content":{"rendered":"<p><strong><img decoding=\"async\" class=\"sFlh5c FyHeAf iPVvYb\" src=\"https:\/\/t3.ftcdn.net\/jpg\/02\/68\/84\/28\/360_F_268842855_BmgawGGDiF1ZUbNv52zdudzDsgAEPSjQ.jpg\" alt=\"Vive Les Vacances&quot; - Images et vid\u00e9os libres de droits ...\" aria-hidden=\"false\" \/>Rentr\u00e9e des \u00e9l\u00e8ves :<\/strong> Lundi 1 septembre 2025<br \/>\n<strong>Vacances d\u2019automne :<\/strong> du vendredi 17 octobre 2025 au soir au lundi 3 novembre 2025<br \/>\n<strong>No\u00ebl :<\/strong> du vendredi 19 d\u00e9cembre 2025 au soir au lundi 5 janvier 2026<br \/>\n<strong>Hiver :<\/strong> du vendredi 13 f\u00e9vrier 2026 au soir au lundi 2 mars 2026<br \/>\n<strong>Printemps :<\/strong> du vendredi 10 avril 2026 au mardi 27 avril 2026<br \/>\n<strong>Vacances d\u2019\u00e9t\u00e9 :<\/strong> vendredi 3 juillet 2026 au soir<\/p>\n<p><strong>Pont de l&rsquo;ascension<\/strong> : du mardi 12 mai 2026 (apr\u00e8s la classe) au lundi 18 mai 2026<\/p>\n","protected":false},"excerpt":{"rendered":"<p>Rentr\u00e9e des \u00e9l\u00e8ves : Lundi 1 septembre 2025 Vacances d\u2019automne : du vendredi 17 octobre 2025 au soir au lundi 3 novembre 2025 No\u00ebl : du vendredi 19 d\u00e9cembre 2025 au soir au lundi 5 janvier 2026 Hiver : du &hellip; <a href=\"https:\/\/passerelle2.ac-nantes.fr\/ecolepubliquestluminedeclisson\/informations-pratiques\/calendrier-scolaire\/\">Continuer la lecture <span class=\"meta-nav\">&rarr;<\/span><\/a><\/p>\n","protected":false},"author":8039,"featured_media":0,"parent":29,"menu_order":3,"comment_status":"closed","ping_status":"closed","template":"","meta":{"ngg_post_thumbnail":0,"h5ap_radio_sources":[],"footnotes":""},"folder":[],"class_list":["post-31","page","type-page","status-publish","hentry"],"_links":{"self":[{"href":"https:\/\/passerelle2.ac-nantes.fr\/ecolepubliquestluminedeclisson\/wp-json\/wp\/v2\/pages\/31","targetHints":{"allow":["GET"]}}],"collection":[{"href":"https:\/\/passerelle2.ac-nantes.fr\/ecolepubliquestluminedeclisson\/wp-json\/wp\/v2\/pages"}],"about":[{"href":"https:\/\/passerelle2.ac-nantes.fr\/ecolepubliquestluminedeclisson\/wp-json\/wp\/v2\/types\/page"}],"author":[{"embeddable":true,"href":"https:\/\/passerelle2.ac-nantes.fr\/ecolepubliquestluminedeclisson\/wp-json\/wp\/v2\/users\/8039"}],"replies":[{"embeddable":true,"href":"https:\/\/passerelle2.ac-nantes.fr\/ecolepubliquestluminedeclisson\/wp-json\/wp\/v2\/comments?post=31"}],"version-history":[{"count":0,"href":"https:\/\/passerelle2.ac-nantes.fr\/ecolepubliquestluminedeclisson\/wp-json\/wp\/v2\/pages\/31\/revisions"}],"up":[{"embeddable":true,"href":"https:\/\/passerelle2.ac-nantes.fr\/ecolepubliquestluminedeclisson\/wp-json\/wp\/v2\/pages\/29"}],"wp:attachment":[{"href":"https:\/\/passerelle2.ac-nantes.fr\/ecolepubliquestluminedeclisson\/wp-json\/wp\/v2\/media?parent=31"}],"wp:term":[{"taxonomy":"folder","embeddable":true,"href":"https:\/\/passerelle2.ac-nantes.fr\/ecolepubliquestluminedeclisson\/wp-json\/wp\/v2\/folder?post=31"}],"curies":[{"name":"wp","href":"https:\/\/api.w.org\/{rel}","templated":true}]}}