
{"id":35,"date":"2017-11-24T11:22:29","date_gmt":"2017-11-24T10:22:29","guid":{"rendered":"https:\/\/passerelle2.ac-nantes.fr\/ecolepubliquestluminedeclisson\/?page_id=35"},"modified":"2022-12-10T14:33:46","modified_gmt":"2022-12-10T13:33:46","slug":"vie-de-lecole","status":"publish","type":"page","link":"https:\/\/passerelle2.ac-nantes.fr\/ecolepubliquestluminedeclisson\/vie-de-lecole\/","title":{"rendered":"Vie de l&rsquo;\u00e9cole"},"content":{"rendered":"<p><strong>PROJETS DE CLASSES<\/strong><\/p>\n<p>Projet artistique autour de la chaise du CP au CM2<\/p>\n<p>Projet interg\u00e9n\u00e9rationnel avec la maison de retraite de Gorges pour les CE2-CM1 en 2023<\/p>\n<p>Visite du monument aux morts de leur commune lors du 11 novembre pour les CE2, CM<\/p>\n<p>D\u00e9fi \u00e9co-syst\u00e8me 2022-2023 pour les CE2-CM1 : projet p\u00e9dagogique de sensibilisation au d\u00e9veloppement durable<\/p>\n<p>Breakfast pour les CM2 avec les 6\u00e8mes de Mme Bouchard, professeur d&rsquo;anglais, au coll\u00e8ge Rosa Parks mi-d\u00e9cembre 2022<\/p>\n<p>Ateliers philo pour les CP et les CE1 en d\u00e9cloisonnement pour l&rsquo;ann\u00e9e scolaire 2022-2023<\/p>\n<p>Rencontres USEP (rencontre sportive avec deux autres \u00e9coles du vignoble autour de th\u00e8mes tels que king-ball, rollers, randonn\u00e9e, apprendre \u00e0 porter secours&#8230;).<\/p>\n<p>Ateliers cuisine pour les maternelles \u00e0 chaque p\u00e9riode et d\u00e9gustation des confections pour f\u00eater les anniversaires.<\/p>\n<p>Classe d\u00e9couverte en Dordogne (activit\u00e9s autour de la pr\u00e9histoire, art pari\u00e9tal, navigation en gabarre, escalade, visite de la grotte de Rouffignac de Lascaux&#8230;) en avril 2022 pour les CE2, CM1, CM2<\/p>\n<p>Education musicale, cr\u00e9ations sonores, chants en lien avec des intervenants ext\u00e9rieurs\u2026.<\/p>\n<p>Plantations, Jardin<\/p>\n<p>Fabrication et vente de jus de pommes par les \u00e9l\u00e8ves<\/p>\n<p>Echange CM2-6\u00e8me avec le coll\u00e8ge Rosa Parks<\/p>\n<p>Echange avec les italiens dans le cadre du jumelage avec la ville d&rsquo;Alatri<\/p>\n<p>Projet \u00e9cole et cin\u00e9ma pour les CM1\/CM2<\/p>\n<p>Classe de neige pour les classes de CE1\/CE2 et CM1\/CM2<\/p>\n<p>Education \u00e0 la d\u00e9marche citoyenne (\u00e9lection de d\u00e9l\u00e9gu\u00e9s, conseil de classe, de d\u00e9l\u00e9gu\u00e9s\u2026.)<\/p>\n<p>Participation au prix litt\u00e9raire des \u00ab Incorruptibles \u00bb<\/p>\n<p>Participation aux Folles journ\u00e9es de Nantes<\/p>\n<p><strong>Retrouvez tous les articles de l&rsquo;ann\u00e9e dans la <a href=\"https:\/\/passerelle2.ac-nantes.fr\/ecolepubliquestluminedeclisson\/category\/vie-de-l-ecole\/\">cat\u00e9gorie \u00ab\u00a0vie de l&rsquo;\u00e9cole\u00a0\u00bb<\/a>.<\/strong><\/p>\n","protected":false},"excerpt":{"rendered":"<p>PROJETS DE CLASSES Projet artistique autour de la chaise du CP au CM2 Projet interg\u00e9n\u00e9rationnel avec la maison de retraite de Gorges pour les CE2-CM1 en 2023 Visite du monument aux morts de leur commune lors du 11 novembre pour &hellip; <a href=\"https:\/\/passerelle2.ac-nantes.fr\/ecolepubliquestluminedeclisson\/vie-de-lecole\/\">Continuer la lecture <span class=\"meta-nav\">&rarr;<\/span><\/a><\/p>\n","protected":false},"author":8039,"featured_media":0,"parent":0,"menu_order":0,"comment_status":"closed","ping_status":"closed","template":"","meta":{"ngg_post_thumbnail":0,"h5ap_radio_sources":[],"footnotes":""},"folder":[],"class_list":["post-35","page","type-page","status-publish","hentry"],"_links":{"self":[{"href":"https:\/\/passerelle2.ac-nantes.fr\/ecolepubliquestluminedeclisson\/wp-json\/wp\/v2\/pages\/35","targetHints":{"allow":["GET"]}}],"collection":[{"href":"https:\/\/passerelle2.ac-nantes.fr\/ecolepubliquestluminedeclisson\/wp-json\/wp\/v2\/pages"}],"about":[{"href":"https:\/\/passerelle2.ac-nantes.fr\/ecolepubliquestluminedeclisson\/wp-json\/wp\/v2\/types\/page"}],"author":[{"embeddable":true,"href":"https:\/\/passerelle2.ac-nantes.fr\/ecolepubliquestluminedeclisson\/wp-json\/wp\/v2\/users\/8039"}],"replies":[{"embeddable":true,"href":"https:\/\/passerelle2.ac-nantes.fr\/ecolepubliquestluminedeclisson\/wp-json\/wp\/v2\/comments?post=35"}],"version-history":[{"count":0,"href":"https:\/\/passerelle2.ac-nantes.fr\/ecolepubliquestluminedeclisson\/wp-json\/wp\/v2\/pages\/35\/revisions"}],"wp:attachment":[{"href":"https:\/\/passerelle2.ac-nantes.fr\/ecolepubliquestluminedeclisson\/wp-json\/wp\/v2\/media?parent=35"}],"wp:term":[{"taxonomy":"folder","embeddable":true,"href":"https:\/\/passerelle2.ac-nantes.fr\/ecolepubliquestluminedeclisson\/wp-json\/wp\/v2\/folder?post=35"}],"curies":[{"name":"wp","href":"https:\/\/api.w.org\/{rel}","templated":true}]}}