
{"id":37,"date":"2017-11-24T11:28:08","date_gmt":"2017-11-24T10:28:08","guid":{"rendered":"https:\/\/passerelle2.ac-nantes.fr\/ecolepubliquestluminedeclisson\/?page_id=37"},"modified":"2024-09-05T14:20:32","modified_gmt":"2024-09-05T12:20:32","slug":"accueil-periscolaire","status":"publish","type":"page","link":"https:\/\/passerelle2.ac-nantes.fr\/ecolepubliquestluminedeclisson\/informations-pratiques\/accueil-periscolaire\/","title":{"rendered":"Accueil et restaurant p\u00e9riscolaires"},"content":{"rendered":"<p>\u00a0<img loading=\"lazy\" decoding=\"async\" class=\"size-medium wp-image-880 aligncenter\" src=\"https:\/\/passerelle2.ac-nantes.fr\/ecolepubliquestluminedeclisson\/wp-content\/uploads\/sites\/689\/2022\/12\/accueil_periscolaire-300x211.jpg\" alt=\"\" width=\"300\" height=\"211\" \/><\/p>\n<p style=\"text-align: center;\"><strong>Accueil p\u00e9riscolaire<\/strong><br \/>Lundi, mardi, jeudi, vendredi<br \/>De 7h15 \u00e0 8h35 et de 16h15 \u00e0 19h<\/p>\n<p style=\"text-align: center;\"><br \/>Responsable enfance : La\u00ebtitia BODIN<br \/>02.40.54.48.32<br \/>accueil-perisco.saint-lumine@orange.fr<\/p>\n<p><img loading=\"lazy\" decoding=\"async\" class=\"size-medium wp-image-881 aligncenter\" src=\"https:\/\/passerelle2.ac-nantes.fr\/ecolepubliquestluminedeclisson\/wp-content\/uploads\/sites\/689\/2022\/12\/logocantine1-300x199.jpg\" alt=\"\" width=\"300\" height=\"199\" \/><\/p>\n<p style=\"text-align: center;\"><strong>Restaurant scolaire :<\/strong><br \/>02.40.54.48.32<br \/>accueil-perisco.saint-lumine@orange.fr<\/p>\n\n","protected":false},"excerpt":{"rendered":"<p>\u00a0 Accueil p\u00e9riscolaireLundi, mardi, jeudi, vendrediDe 7h15 \u00e0 8h35 et de 16h15 \u00e0 19h Responsable enfance : La\u00ebtitia BODIN02.40.54.48.32accueil-perisco.saint-lumine@orange.fr Restaurant scolaire :02.40.54.48.32accueil-perisco.saint-lumine@orange.fr<\/p>\n","protected":false},"author":8039,"featured_media":0,"parent":29,"menu_order":6,"comment_status":"closed","ping_status":"closed","template":"","meta":{"ngg_post_thumbnail":0,"h5ap_radio_sources":[],"footnotes":""},"folder":[],"class_list":["post-37","page","type-page","status-publish","hentry"],"_links":{"self":[{"href":"https:\/\/passerelle2.ac-nantes.fr\/ecolepubliquestluminedeclisson\/wp-json\/wp\/v2\/pages\/37","targetHints":{"allow":["GET"]}}],"collection":[{"href":"https:\/\/passerelle2.ac-nantes.fr\/ecolepubliquestluminedeclisson\/wp-json\/wp\/v2\/pages"}],"about":[{"href":"https:\/\/passerelle2.ac-nantes.fr\/ecolepubliquestluminedeclisson\/wp-json\/wp\/v2\/types\/page"}],"author":[{"embeddable":true,"href":"https:\/\/passerelle2.ac-nantes.fr\/ecolepubliquestluminedeclisson\/wp-json\/wp\/v2\/users\/8039"}],"replies":[{"embeddable":true,"href":"https:\/\/passerelle2.ac-nantes.fr\/ecolepubliquestluminedeclisson\/wp-json\/wp\/v2\/comments?post=37"}],"version-history":[{"count":0,"href":"https:\/\/passerelle2.ac-nantes.fr\/ecolepubliquestluminedeclisson\/wp-json\/wp\/v2\/pages\/37\/revisions"}],"up":[{"embeddable":true,"href":"https:\/\/passerelle2.ac-nantes.fr\/ecolepubliquestluminedeclisson\/wp-json\/wp\/v2\/pages\/29"}],"wp:attachment":[{"href":"https:\/\/passerelle2.ac-nantes.fr\/ecolepubliquestluminedeclisson\/wp-json\/wp\/v2\/media?parent=37"}],"wp:term":[{"taxonomy":"folder","embeddable":true,"href":"https:\/\/passerelle2.ac-nantes.fr\/ecolepubliquestluminedeclisson\/wp-json\/wp\/v2\/folder?post=37"}],"curies":[{"name":"wp","href":"https:\/\/api.w.org\/{rel}","templated":true}]}}