
{"id":11,"date":"2019-02-26T09:12:04","date_gmt":"2019-02-26T08:12:04","guid":{"rendered":"https:\/\/passerelle2.ac-nantes.fr\/ecolesalainetmichelet\/?page_id=11"},"modified":"2025-01-30T09:23:10","modified_gmt":"2025-01-30T08:23:10","slug":"lecole-alain","status":"publish","type":"page","link":"https:\/\/passerelle2.ac-nantes.fr\/ecolesalainetmichelet\/lecole-alain\/","title":{"rendered":"L&rsquo;\u00e9cole \u00e9l\u00e9mentaire Alain"},"content":{"rendered":"<div id='gallery-1' class='gallery galleryid-11 gallery-columns-1 gallery-size-medium'><dl class='gallery-item'>\n\t\t\t<dt class='gallery-icon landscape'>\n\t\t\t\t<a href='https:\/\/passerelle2.ac-nantes.fr\/ecolesalainetmichelet\/wp-content\/uploads\/sites\/818\/2019\/02\/Logo-\u00e9cole.gif'><img loading=\"lazy\" decoding=\"async\" width=\"300\" height=\"57\" src=\"https:\/\/passerelle2.ac-nantes.fr\/ecolesalainetmichelet\/wp-content\/uploads\/sites\/818\/2019\/02\/Logo-\u00e9cole-300x57.gif\" class=\"attachment-medium size-medium\" alt=\"\" srcset=\"https:\/\/passerelle2.ac-nantes.fr\/ecolesalainetmichelet\/wp-content\/uploads\/sites\/818\/2019\/02\/Logo-\u00e9cole-300x57.gif 300w, https:\/\/passerelle2.ac-nantes.fr\/ecolesalainetmichelet\/wp-content\/uploads\/sites\/818\/2019\/02\/Logo-\u00e9cole-768x146.gif 768w\" sizes=\"auto, (max-width: 300px) 100vw, 300px\" \/><\/a>\n\t\t\t<\/dt><\/dl><br style=\"clear: both\" \/>\n\t\t<\/div>\n\n<h4><strong>\u00c9cole Alain<\/strong><\/h4>\n<h4>27 rue de l&rsquo;Abb\u00e9 Angot<\/h4>\n<h4>53000 LAVAL<\/h4>\n<h4>t\u00e9l. : 02 43 53 09 56<\/h4>\n<h4>mail : ce.0530283v@ac-nantes.fr<\/h4>\n<p>Les horaires de classe sont les suivants :<\/p>\n<p>LUNDI, MARDI, JEUDI et VENDREDI de 8h30 \u00e0 11h45 et de 13h30 \u00e0 15h30<\/p>\n<p>MERCREDI de 8h30 \u00e0 11h30.<\/p>\n<p>L&rsquo;acc\u00e8s \u00e0 la cour est autoris\u00e9 \u00e0 8h20 et \u00e0 13h20.<\/p>\n","protected":false},"excerpt":{"rendered":"<p>\u00c9cole Alain 27 rue de l&rsquo;Abb\u00e9 Angot 53000 LAVAL t\u00e9l. : 02 43 53 09 56 mail : ce.0530283v@ac-nantes.fr Les horaires de classe sont les suivants : LUNDI, MARDI, JEUDI et VENDREDI de 8h30 \u00e0 11h45 et de 13h30 \u00e0 &hellip; <a href=\"https:\/\/passerelle2.ac-nantes.fr\/ecolesalainetmichelet\/lecole-alain\/\">Continuer la lecture <span class=\"meta-nav\">&rarr;<\/span><\/a><\/p>\n","protected":false},"author":1863,"featured_media":0,"parent":0,"menu_order":0,"comment_status":"closed","ping_status":"closed","template":"","meta":{"ngg_post_thumbnail":0,"h5ap_radio_sources":[],"footnotes":""},"folder":[],"class_list":["post-11","page","type-page","status-publish","hentry"],"_links":{"self":[{"href":"https:\/\/passerelle2.ac-nantes.fr\/ecolesalainetmichelet\/wp-json\/wp\/v2\/pages\/11","targetHints":{"allow":["GET"]}}],"collection":[{"href":"https:\/\/passerelle2.ac-nantes.fr\/ecolesalainetmichelet\/wp-json\/wp\/v2\/pages"}],"about":[{"href":"https:\/\/passerelle2.ac-nantes.fr\/ecolesalainetmichelet\/wp-json\/wp\/v2\/types\/page"}],"author":[{"embeddable":true,"href":"https:\/\/passerelle2.ac-nantes.fr\/ecolesalainetmichelet\/wp-json\/wp\/v2\/users\/1863"}],"replies":[{"embeddable":true,"href":"https:\/\/passerelle2.ac-nantes.fr\/ecolesalainetmichelet\/wp-json\/wp\/v2\/comments?post=11"}],"version-history":[{"count":0,"href":"https:\/\/passerelle2.ac-nantes.fr\/ecolesalainetmichelet\/wp-json\/wp\/v2\/pages\/11\/revisions"}],"wp:attachment":[{"href":"https:\/\/passerelle2.ac-nantes.fr\/ecolesalainetmichelet\/wp-json\/wp\/v2\/media?parent=11"}],"wp:term":[{"taxonomy":"folder","embeddable":true,"href":"https:\/\/passerelle2.ac-nantes.fr\/ecolesalainetmichelet\/wp-json\/wp\/v2\/folder?post=11"}],"curies":[{"name":"wp","href":"https:\/\/api.w.org\/{rel}","templated":true}]}}