
{"id":2,"date":"2018-11-29T14:48:43","date_gmt":"2018-11-29T13:48:43","guid":{"rendered":"https:\/\/passerelle2.ac-nantes.fr\/ecolesalainetmichelet\/?page_id=2"},"modified":"2025-01-30T09:23:38","modified_gmt":"2025-01-30T08:23:38","slug":"page-d-exemple","status":"publish","type":"page","link":"https:\/\/passerelle2.ac-nantes.fr\/ecolesalainetmichelet\/page-d-exemple\/","title":{"rendered":"Mentions l\u00e9gales"},"content":{"rendered":"<p><strong>Renseignements \u00e9ditoriaux<\/strong><\/p>\n<p>Vous \u00eates connect\u00e9s \u00e0 la plateforme de blogs&nbsp;<a href=\"https:\/\/passerelle2.ac-nantes.fr\/\">passerelle<\/a>&nbsp;<\/p>\n<p><strong>Responsable \u00e9ditorial<\/strong>&nbsp;:&nbsp;<em>S\u00e9bastien Touz\u00e9<\/em><\/p>\n<p><strong>H\u00e9bergeur<\/strong>&nbsp;: Rectorat de Nantes.<\/p>\n<p>4 rue de la Houssini\u00e8re<\/p>\n<p>BP 72626 44326 NANTES Cedex 3<\/p>\n<p><strong>Pour nous contacter<\/strong><\/p>\n<p>Conform\u00e9ment \u00e0 l\u2019article 34 de la loi Informatique et Libert\u00e9s du 6 janvier 1978, vous disposez d\u2019un droit d\u2019acc\u00e8s aux informations vous concernant. Vous pouvez \u00e9galement demander la modification ou la suppression de ces informations. Il vous suffit d\u2019\u00e9crire \u00e0 l\u2019adresse suivante, \u00e0 l\u2019attention de :<\/p>\n<p><em>S\u00e9bastien Touz\u00e9<\/em><\/p>\n<p><em>43 rue Ambroise Par\u00e9, 53000 Laval<\/em><\/p>\n<p class=\"dysaidehighlight\">Pour en savoir plus sur le traitement des donn\u00e9es, veuillez consulter notre&nbsp;<a href=\"https:\/\/passerelle2.ac-nantes.fr\/politique-de-confidentialite\/\">politique de confidentialit\u00e9<\/a>.<\/p>\n\n\n<p><\/p>\n","protected":false},"excerpt":{"rendered":"<p>Renseignements \u00e9ditoriaux Vous \u00eates connect\u00e9s \u00e0 la plateforme de blogs&nbsp;passerelle&nbsp; Responsable \u00e9ditorial&nbsp;:&nbsp;S\u00e9bastien Touz\u00e9 H\u00e9bergeur&nbsp;: Rectorat de Nantes. 4 rue de la Houssini\u00e8re BP 72626 44326 NANTES Cedex 3 Pour nous contacter Conform\u00e9ment \u00e0 l\u2019article 34 de la loi Informatique et &hellip; <a href=\"https:\/\/passerelle2.ac-nantes.fr\/ecolesalainetmichelet\/page-d-exemple\/\">Continuer la lecture <span class=\"meta-nav\">&rarr;<\/span><\/a><\/p>\n","protected":false},"author":1863,"featured_media":0,"parent":0,"menu_order":0,"comment_status":"closed","ping_status":"open","template":"","meta":{"ngg_post_thumbnail":0,"h5ap_radio_sources":[],"footnotes":""},"folder":[],"class_list":["post-2","page","type-page","status-publish","hentry"],"_links":{"self":[{"href":"https:\/\/passerelle2.ac-nantes.fr\/ecolesalainetmichelet\/wp-json\/wp\/v2\/pages\/2","targetHints":{"allow":["GET"]}}],"collection":[{"href":"https:\/\/passerelle2.ac-nantes.fr\/ecolesalainetmichelet\/wp-json\/wp\/v2\/pages"}],"about":[{"href":"https:\/\/passerelle2.ac-nantes.fr\/ecolesalainetmichelet\/wp-json\/wp\/v2\/types\/page"}],"author":[{"embeddable":true,"href":"https:\/\/passerelle2.ac-nantes.fr\/ecolesalainetmichelet\/wp-json\/wp\/v2\/users\/1863"}],"replies":[{"embeddable":true,"href":"https:\/\/passerelle2.ac-nantes.fr\/ecolesalainetmichelet\/wp-json\/wp\/v2\/comments?post=2"}],"version-history":[{"count":0,"href":"https:\/\/passerelle2.ac-nantes.fr\/ecolesalainetmichelet\/wp-json\/wp\/v2\/pages\/2\/revisions"}],"wp:attachment":[{"href":"https:\/\/passerelle2.ac-nantes.fr\/ecolesalainetmichelet\/wp-json\/wp\/v2\/media?parent=2"}],"wp:term":[{"taxonomy":"folder","embeddable":true,"href":"https:\/\/passerelle2.ac-nantes.fr\/ecolesalainetmichelet\/wp-json\/wp\/v2\/folder?post=2"}],"curies":[{"name":"wp","href":"https:\/\/api.w.org\/{rel}","templated":true}]}}