
{"id":1003,"date":"2016-09-11T11:21:00","date_gmt":"2016-09-11T11:21:00","guid":{"rendered":"https:\/\/passerelle2.ac-nantes.fr\/jjauresreze\/?page_id=1003"},"modified":"2020-10-31T13:36:18","modified_gmt":"2020-10-31T12:36:18","slug":"partenariats","status":"publish","type":"page","link":"https:\/\/passerelle2.ac-nantes.fr\/jjauresreze\/partenariats\/","title":{"rendered":"Partenariats"},"content":{"rendered":"<p>Diff\u00e9rents partenaires locaux accompagnent la vie de l&rsquo;\u00e9cole primaire publique Jean Jaur\u00e8s :<\/p>\n<ul>\n<li><a title=\"Ville de Rez\u00e9\" href=\"https:\/\/passerelle2.ac-nantes.fr\/jjauresreze\/partenariats\/ville-de-reze\/\">Ville de Rez\u00e9<\/a><\/li>\n<li><a title=\"Cepal\" href=\"https:\/\/passerelle2.ac-nantes.fr\/jjauresreze\/partenariats\/cepal\/\">Cepal<\/a><\/li>\n<li><a title=\"Ecole de musique et de danse\" href=\"https:\/\/passerelle2.ac-nantes.fr\/jjauresreze\/partenariats\/ecole-de-musique-et-de-danse\/\">Ecole de musique et de danse<\/a><\/li>\n<li><a title=\"La Soufflerie\" href=\"https:\/\/passerelle2.ac-nantes.fr\/jjauresreze\/partenariats\/la-soufflerie\/\">La Soufflerie<\/a><\/li>\n<li><a title=\"M\u00e9diath\u00e8que de Rez\u00e9\" href=\"https:\/\/passerelle2.ac-nantes.fr\/jjauresreze\/partenariats\/mediatheque-de-reze\/\">M\u00e9diath\u00e8que de Rez\u00e9<\/a><\/li>\n<li><a title=\"USEP\" href=\"https:\/\/passerelle2.ac-nantes.fr\/jjauresreze\/partenariats\/usep\/\">USEP<\/a><\/li>\n<\/ul>\n<p>&nbsp;<\/p>\n","protected":false},"excerpt":{"rendered":"<p>Diff\u00e9rents partenaires locaux accompagnent la vie de l&rsquo;\u00e9cole primaire publique Jean Jaur\u00e8s : Ville de Rez\u00e9 Cepal Ecole de musique et de danse La Soufflerie M\u00e9diath\u00e8que de Rez\u00e9 USEP &nbsp;<\/p>\n","protected":false},"author":7113,"featured_media":0,"parent":0,"menu_order":0,"comment_status":"closed","ping_status":"open","template":"","meta":{"ngg_post_thumbnail":0,"h5ap_radio_sources":[],"jetpack_post_was_ever_published":false,"footnotes":""},"folder":[],"class_list":["post-1003","page","type-page","status-publish","hentry","nodate","item-wrap"],"jetpack_sharing_enabled":true,"jetpack_shortlink":"https:\/\/wp.me\/P8Njot-gb","_links":{"self":[{"href":"https:\/\/passerelle2.ac-nantes.fr\/jjauresreze\/wp-json\/wp\/v2\/pages\/1003","targetHints":{"allow":["GET"]}}],"collection":[{"href":"https:\/\/passerelle2.ac-nantes.fr\/jjauresreze\/wp-json\/wp\/v2\/pages"}],"about":[{"href":"https:\/\/passerelle2.ac-nantes.fr\/jjauresreze\/wp-json\/wp\/v2\/types\/page"}],"author":[{"embeddable":true,"href":"https:\/\/passerelle2.ac-nantes.fr\/jjauresreze\/wp-json\/wp\/v2\/users\/7113"}],"replies":[{"embeddable":true,"href":"https:\/\/passerelle2.ac-nantes.fr\/jjauresreze\/wp-json\/wp\/v2\/comments?post=1003"}],"version-history":[{"count":0,"href":"https:\/\/passerelle2.ac-nantes.fr\/jjauresreze\/wp-json\/wp\/v2\/pages\/1003\/revisions"}],"wp:attachment":[{"href":"https:\/\/passerelle2.ac-nantes.fr\/jjauresreze\/wp-json\/wp\/v2\/media?parent=1003"}],"wp:term":[{"taxonomy":"folder","embeddable":true,"href":"https:\/\/passerelle2.ac-nantes.fr\/jjauresreze\/wp-json\/wp\/v2\/folder?post=1003"}],"curies":[{"name":"wp","href":"https:\/\/api.w.org\/{rel}","templated":true}]}}