
{"id":1010,"date":"2016-09-11T11:29:21","date_gmt":"2016-09-11T11:29:21","guid":{"rendered":"https:\/\/passerelle2.ac-nantes.fr\/jjauresreze\/?page_id=1010"},"modified":"2016-09-11T11:29:21","modified_gmt":"2016-09-11T11:29:21","slug":"ville-de-reze","status":"publish","type":"page","link":"https:\/\/passerelle2.ac-nantes.fr\/jjauresreze\/partenariats\/ville-de-reze\/","title":{"rendered":"Ville de Rez\u00e9"},"content":{"rendered":"<p>La ville de Rez\u00e9 a plac\u00e9 l\u2019\u00e9ducation au  coeur de son projet politique en favorisant le partenariat et la  concertation avec les acteurs \u00e9ducatifs et en d\u00e9veloppant des moyens  significatifs pour accompagner les enfants dans leur \u00e9panouissement et  la r\u00e9ussite \u00e9ducative.<\/p>\n<p>Chaque ann\u00e9e, les \u00e9l\u00e8ves de l\u2019\u00e9cole Jean Jaur\u00e8s b\u00e9n\u00e9ficient de cette politique.<\/p>\n<p>Informations compl\u00e9mentaires <a href=\"http:\/\/www.reze.fr\/\" target=\"_blank\">http:\/\/www.reze.fr\/<\/a><\/p>\n<p>&nbsp;<\/p>\n<p style=\"text-align: center\"><img loading=\"lazy\" decoding=\"async\" class=\"aligncenter size-medium wp-image-1011\" style=\"border: 0px none\" src=\"https:\/\/passerelle2.ac-nantes.fr\/jjauresreze\/wp-content\/uploads\/sites\/507\/2016\/09\/logo-ville-reze-300x119.jpg\" alt=\"\" width=\"300\" height=\"119\" srcset=\"https:\/\/passerelle2.ac-nantes.fr\/jjauresreze\/wp-content\/uploads\/sites\/507\/2016\/09\/logo-ville-reze-300x119.jpg 300w, https:\/\/passerelle2.ac-nantes.fr\/jjauresreze\/wp-content\/uploads\/sites\/507\/2016\/09\/logo-ville-reze.jpg 760w\" sizes=\"auto, (max-width: 300px) 100vw, 300px\" \/><\/p>\n<p>&nbsp;<\/p>\n<p>&nbsp;<\/p>\n","protected":false},"excerpt":{"rendered":"<p>La ville de Rez\u00e9 a plac\u00e9 l\u2019\u00e9ducation au coeur de son projet politique en favorisant le partenariat et la concertation avec les acteurs \u00e9ducatifs et en d\u00e9veloppant des moyens significatifs pour accompagner les enfants dans leur \u00e9panouissement et la r\u00e9ussite \u00e9ducative. Chaque ann\u00e9e, les \u00e9l\u00e8ves de l\u2019\u00e9cole Jean Jaur\u00e8s b\u00e9n\u00e9ficient de cette politique. Informations compl\u00e9mentaires &hellip; <\/p>\n<p><a class=\"more-link btn\" href=\"https:\/\/passerelle2.ac-nantes.fr\/jjauresreze\/partenariats\/ville-de-reze\/\">Lire la suite<\/a><\/p>\n","protected":false},"author":7113,"featured_media":0,"parent":1003,"menu_order":0,"comment_status":"closed","ping_status":"open","template":"","meta":{"ngg_post_thumbnail":0,"h5ap_radio_sources":[],"jetpack_post_was_ever_published":false,"footnotes":""},"folder":[],"class_list":["post-1010","page","type-page","status-publish","hentry","nodate","item-wrap"],"jetpack_sharing_enabled":true,"jetpack_shortlink":"https:\/\/wp.me\/P8Njot-gi","_links":{"self":[{"href":"https:\/\/passerelle2.ac-nantes.fr\/jjauresreze\/wp-json\/wp\/v2\/pages\/1010","targetHints":{"allow":["GET"]}}],"collection":[{"href":"https:\/\/passerelle2.ac-nantes.fr\/jjauresreze\/wp-json\/wp\/v2\/pages"}],"about":[{"href":"https:\/\/passerelle2.ac-nantes.fr\/jjauresreze\/wp-json\/wp\/v2\/types\/page"}],"author":[{"embeddable":true,"href":"https:\/\/passerelle2.ac-nantes.fr\/jjauresreze\/wp-json\/wp\/v2\/users\/7113"}],"replies":[{"embeddable":true,"href":"https:\/\/passerelle2.ac-nantes.fr\/jjauresreze\/wp-json\/wp\/v2\/comments?post=1010"}],"version-history":[{"count":0,"href":"https:\/\/passerelle2.ac-nantes.fr\/jjauresreze\/wp-json\/wp\/v2\/pages\/1010\/revisions"}],"up":[{"embeddable":true,"href":"https:\/\/passerelle2.ac-nantes.fr\/jjauresreze\/wp-json\/wp\/v2\/pages\/1003"}],"wp:attachment":[{"href":"https:\/\/passerelle2.ac-nantes.fr\/jjauresreze\/wp-json\/wp\/v2\/media?parent=1010"}],"wp:term":[{"taxonomy":"folder","embeddable":true,"href":"https:\/\/passerelle2.ac-nantes.fr\/jjauresreze\/wp-json\/wp\/v2\/folder?post=1010"}],"curies":[{"name":"wp","href":"https:\/\/api.w.org\/{rel}","templated":true}]}}