
{"id":1013,"date":"2016-09-11T11:30:43","date_gmt":"2016-09-11T11:30:43","guid":{"rendered":"https:\/\/passerelle2.ac-nantes.fr\/jjauresreze\/?page_id=1013"},"modified":"2026-01-30T19:25:53","modified_gmt":"2026-01-30T18:25:53","slug":"ecole-de-musique-et-de-danse","status":"publish","type":"page","link":"https:\/\/passerelle2.ac-nantes.fr\/jjauresreze\/partenariats\/ecole-de-musique-et-de-danse\/","title":{"rendered":"Ecole de musique et de danse"},"content":{"rendered":"<p>Presque chaque ann\u00e9e, des \u00e9l\u00e8ves de l\u2019\u00e9cole Jean Jaur\u00e8s participent \u00e0 des projets organis\u00e9s en partenariat avec l\u2019Ecole de musique et de danse de Rez\u00e9 (\u00e9tablissement d\u2019enseignement sp\u00e9cialis\u00e9 en danse et musique).<\/p>\n<p>Informations compl\u00e9mentaires&nbsp; <a href=\"https:\/\/www.reze.fr\/point-d-interet\/ecole-municipale-de-musique-de-danse\/\" target=\"_blank\" rel=\"noopener\">https:\/\/www.reze.fr\/point-d-interet\/ecole-municipale-de-musique-de-danse\/<\/a><\/p>\n<p>&nbsp;<\/p>\n<p style=\"text-align: center;\"><img loading=\"lazy\" decoding=\"async\" class=\"aligncenter size-medium wp-image-1014\" style=\"border: 0px none;\" src=\"https:\/\/passerelle2.ac-nantes.fr\/jjauresreze\/wp-content\/uploads\/sites\/507\/2016\/09\/ecole_musique_et_danse_la_baliniere_reze_01-300x195.jpg\" alt=\"\" width=\"300\" height=\"195\" srcset=\"https:\/\/passerelle2.ac-nantes.fr\/jjauresreze\/wp-content\/uploads\/sites\/507\/2016\/09\/ecole_musique_et_danse_la_baliniere_reze_01-300x195.jpg 300w, https:\/\/passerelle2.ac-nantes.fr\/jjauresreze\/wp-content\/uploads\/sites\/507\/2016\/09\/ecole_musique_et_danse_la_baliniere_reze_01.jpg 350w\" sizes=\"auto, (max-width: 300px) 100vw, 300px\" \/><\/p>\n<p>&nbsp;<\/p>\n<p>&nbsp;<\/p>\n","protected":false},"excerpt":{"rendered":"<p>Presque chaque ann\u00e9e, des \u00e9l\u00e8ves de l\u2019\u00e9cole Jean Jaur\u00e8s participent \u00e0 des projets organis\u00e9s en partenariat avec l\u2019Ecole de musique et de danse de Rez\u00e9 (\u00e9tablissement d\u2019enseignement sp\u00e9cialis\u00e9 en danse et musique). Informations compl\u00e9mentaires&nbsp; https:\/\/www.reze.fr\/point-d-interet\/ecole-municipale-de-musique-de-danse\/ &nbsp; &nbsp; &nbsp;<\/p>\n","protected":false},"author":7113,"featured_media":0,"parent":1003,"menu_order":0,"comment_status":"closed","ping_status":"open","template":"","meta":{"ngg_post_thumbnail":0,"h5ap_radio_sources":[],"jetpack_post_was_ever_published":false,"footnotes":""},"folder":[],"class_list":["post-1013","page","type-page","status-publish","hentry","nodate","item-wrap"],"jetpack_sharing_enabled":true,"jetpack_shortlink":"https:\/\/wp.me\/P8Njot-gl","_links":{"self":[{"href":"https:\/\/passerelle2.ac-nantes.fr\/jjauresreze\/wp-json\/wp\/v2\/pages\/1013","targetHints":{"allow":["GET"]}}],"collection":[{"href":"https:\/\/passerelle2.ac-nantes.fr\/jjauresreze\/wp-json\/wp\/v2\/pages"}],"about":[{"href":"https:\/\/passerelle2.ac-nantes.fr\/jjauresreze\/wp-json\/wp\/v2\/types\/page"}],"author":[{"embeddable":true,"href":"https:\/\/passerelle2.ac-nantes.fr\/jjauresreze\/wp-json\/wp\/v2\/users\/7113"}],"replies":[{"embeddable":true,"href":"https:\/\/passerelle2.ac-nantes.fr\/jjauresreze\/wp-json\/wp\/v2\/comments?post=1013"}],"version-history":[{"count":0,"href":"https:\/\/passerelle2.ac-nantes.fr\/jjauresreze\/wp-json\/wp\/v2\/pages\/1013\/revisions"}],"up":[{"embeddable":true,"href":"https:\/\/passerelle2.ac-nantes.fr\/jjauresreze\/wp-json\/wp\/v2\/pages\/1003"}],"wp:attachment":[{"href":"https:\/\/passerelle2.ac-nantes.fr\/jjauresreze\/wp-json\/wp\/v2\/media?parent=1013"}],"wp:term":[{"taxonomy":"folder","embeddable":true,"href":"https:\/\/passerelle2.ac-nantes.fr\/jjauresreze\/wp-json\/wp\/v2\/folder?post=1013"}],"curies":[{"name":"wp","href":"https:\/\/api.w.org\/{rel}","templated":true}]}}