
{"id":1019,"date":"2016-09-11T11:33:23","date_gmt":"2016-09-11T11:33:23","guid":{"rendered":"https:\/\/passerelle2.ac-nantes.fr\/jjauresreze\/?page_id=1019"},"modified":"2020-10-31T13:37:56","modified_gmt":"2020-10-31T12:37:56","slug":"cepal","status":"publish","type":"page","link":"https:\/\/passerelle2.ac-nantes.fr\/jjauresreze\/partenariats\/cepal\/","title":{"rendered":"Cepal"},"content":{"rendered":"<p>Depuis 1936, au travers de nombreux projets, l\u2019amicale la\u00efque CEPAL (centre d\u2019\u00e9ducation populaire amicale la\u00efque) accompagne la vie des quartiers Rez\u00e9 centre et Trentemoult les \u00eeles. L\u2019\u00e9cole Jean Jaur\u00e8s b\u00e9n\u00e9ficie du soutien de cette association.<\/p>\n<p>Pour obtenir des informations compl\u00e9mentaires, consultez le site de la ville de Rez\u00e9 <a href=\"https:\/\/www.reze.fr\/fiche-annuaire\/cepal-reze-centre\/\" target=\"_blank\" rel=\"noopener noreferrer\">https:\/\/www.reze.fr\/fiche-annuaire\/cepal-reze-centre\/<\/a><\/p>\n<p>&nbsp;<\/p>\n<p style=\"text-align: center;\"><img loading=\"lazy\" decoding=\"async\" class=\"aligncenter size-medium wp-image-1020\" style=\"border: 0px none;\" src=\"https:\/\/passerelle2.ac-nantes.fr\/jjauresreze\/wp-content\/uploads\/sites\/507\/2016\/09\/logo_cepal-300x195.jpg\" alt=\"\" width=\"300\" height=\"195\" srcset=\"https:\/\/passerelle2.ac-nantes.fr\/jjauresreze\/wp-content\/uploads\/sites\/507\/2016\/09\/logo_cepal-300x195.jpg 300w, https:\/\/passerelle2.ac-nantes.fr\/jjauresreze\/wp-content\/uploads\/sites\/507\/2016\/09\/logo_cepal.jpg 783w\" sizes=\"auto, (max-width: 300px) 100vw, 300px\" \/><\/p>\n<p>&nbsp;<\/p>\n<p>&nbsp;<\/p>\n","protected":false},"excerpt":{"rendered":"<p>Depuis 1936, au travers de nombreux projets, l\u2019amicale la\u00efque CEPAL (centre d\u2019\u00e9ducation populaire amicale la\u00efque) accompagne la vie des quartiers Rez\u00e9 centre et Trentemoult les \u00eeles. L\u2019\u00e9cole Jean Jaur\u00e8s b\u00e9n\u00e9ficie du soutien de cette association. Pour obtenir des informations compl\u00e9mentaires, consultez le site de la ville de Rez\u00e9 https:\/\/www.reze.fr\/fiche-annuaire\/cepal-reze-centre\/ &nbsp; &nbsp; &nbsp;<\/p>\n","protected":false},"author":7113,"featured_media":0,"parent":1003,"menu_order":0,"comment_status":"closed","ping_status":"open","template":"","meta":{"ngg_post_thumbnail":0,"h5ap_radio_sources":[],"jetpack_post_was_ever_published":false,"footnotes":""},"folder":[],"class_list":["post-1019","page","type-page","status-publish","hentry","nodate","item-wrap"],"jetpack_sharing_enabled":true,"jetpack_shortlink":"https:\/\/wp.me\/P8Njot-gr","_links":{"self":[{"href":"https:\/\/passerelle2.ac-nantes.fr\/jjauresreze\/wp-json\/wp\/v2\/pages\/1019","targetHints":{"allow":["GET"]}}],"collection":[{"href":"https:\/\/passerelle2.ac-nantes.fr\/jjauresreze\/wp-json\/wp\/v2\/pages"}],"about":[{"href":"https:\/\/passerelle2.ac-nantes.fr\/jjauresreze\/wp-json\/wp\/v2\/types\/page"}],"author":[{"embeddable":true,"href":"https:\/\/passerelle2.ac-nantes.fr\/jjauresreze\/wp-json\/wp\/v2\/users\/7113"}],"replies":[{"embeddable":true,"href":"https:\/\/passerelle2.ac-nantes.fr\/jjauresreze\/wp-json\/wp\/v2\/comments?post=1019"}],"version-history":[{"count":0,"href":"https:\/\/passerelle2.ac-nantes.fr\/jjauresreze\/wp-json\/wp\/v2\/pages\/1019\/revisions"}],"up":[{"embeddable":true,"href":"https:\/\/passerelle2.ac-nantes.fr\/jjauresreze\/wp-json\/wp\/v2\/pages\/1003"}],"wp:attachment":[{"href":"https:\/\/passerelle2.ac-nantes.fr\/jjauresreze\/wp-json\/wp\/v2\/media?parent=1019"}],"wp:term":[{"taxonomy":"folder","embeddable":true,"href":"https:\/\/passerelle2.ac-nantes.fr\/jjauresreze\/wp-json\/wp\/v2\/folder?post=1019"}],"curies":[{"name":"wp","href":"https:\/\/api.w.org\/{rel}","templated":true}]}}