
{"id":168,"date":"2016-05-14T17:45:48","date_gmt":"2016-05-14T17:45:48","guid":{"rendered":"https:\/\/passerelle2.ac-nantes.fr\/jjauresreze\/?page_id=168"},"modified":"2020-10-31T13:34:36","modified_gmt":"2020-10-31T12:34:36","slug":"fete-de-lecole","status":"publish","type":"page","link":"https:\/\/passerelle2.ac-nantes.fr\/jjauresreze\/parents-deleves\/fete-de-lecole\/","title":{"rendered":"F\u00eate de l&rsquo;\u00e9cole"},"content":{"rendered":"<p style=\"text-align: justify;\">Organis\u00e9e par l&rsquo;association FCPE Jean Jaur\u00e8s depuis juin 2013, la f\u00eate de l&rsquo;\u00e9cole permet en fin d&rsquo;ann\u00e9e scolaire de r\u00e9unir petits et grands de mani\u00e8re festive avec des jeux, des spectacles, de la musique, un repas&#8230;<\/p>\n<p style=\"text-align: justify;\">&nbsp;<\/p>\n<p style=\"text-align: center;\"><img loading=\"lazy\" decoding=\"async\" class=\"aligncenter size-medium wp-image-368\" style=\"border: 0px none;\" src=\"https:\/\/passerelle2.ac-nantes.fr\/jjauresreze\/wp-content\/uploads\/sites\/507\/2016\/05\/fete_ecole_2013-300x291.jpg\" alt=\"\" width=\"300\" height=\"291\" srcset=\"https:\/\/passerelle2.ac-nantes.fr\/jjauresreze\/wp-content\/uploads\/sites\/507\/2016\/05\/fete_ecole_2013-300x291.jpg 300w, https:\/\/passerelle2.ac-nantes.fr\/jjauresreze\/wp-content\/uploads\/sites\/507\/2016\/05\/fete_ecole_2013.jpg 444w\" sizes=\"auto, (max-width: 300px) 100vw, 300px\" \/><\/p>\n<p>&nbsp;<\/p>\n<p>&nbsp;<\/p>\n","protected":false},"excerpt":{"rendered":"<p>Organis\u00e9e par l&rsquo;association FCPE Jean Jaur\u00e8s depuis juin 2013, la f\u00eate de l&rsquo;\u00e9cole permet en fin d&rsquo;ann\u00e9e scolaire de r\u00e9unir petits et grands de mani\u00e8re festive avec des jeux, des spectacles, de la musique, un repas&#8230; &nbsp; &nbsp; &nbsp;<\/p>\n","protected":false},"author":7113,"featured_media":0,"parent":25,"menu_order":0,"comment_status":"closed","ping_status":"open","template":"","meta":{"ngg_post_thumbnail":0,"h5ap_radio_sources":[],"jetpack_post_was_ever_published":false,"footnotes":""},"folder":[],"class_list":["post-168","page","type-page","status-publish","hentry","nodate","item-wrap"],"jetpack_sharing_enabled":true,"jetpack_shortlink":"https:\/\/wp.me\/P8Njot-2I","_links":{"self":[{"href":"https:\/\/passerelle2.ac-nantes.fr\/jjauresreze\/wp-json\/wp\/v2\/pages\/168","targetHints":{"allow":["GET"]}}],"collection":[{"href":"https:\/\/passerelle2.ac-nantes.fr\/jjauresreze\/wp-json\/wp\/v2\/pages"}],"about":[{"href":"https:\/\/passerelle2.ac-nantes.fr\/jjauresreze\/wp-json\/wp\/v2\/types\/page"}],"author":[{"embeddable":true,"href":"https:\/\/passerelle2.ac-nantes.fr\/jjauresreze\/wp-json\/wp\/v2\/users\/7113"}],"replies":[{"embeddable":true,"href":"https:\/\/passerelle2.ac-nantes.fr\/jjauresreze\/wp-json\/wp\/v2\/comments?post=168"}],"version-history":[{"count":0,"href":"https:\/\/passerelle2.ac-nantes.fr\/jjauresreze\/wp-json\/wp\/v2\/pages\/168\/revisions"}],"up":[{"embeddable":true,"href":"https:\/\/passerelle2.ac-nantes.fr\/jjauresreze\/wp-json\/wp\/v2\/pages\/25"}],"wp:attachment":[{"href":"https:\/\/passerelle2.ac-nantes.fr\/jjauresreze\/wp-json\/wp\/v2\/media?parent=168"}],"wp:term":[{"taxonomy":"folder","embeddable":true,"href":"https:\/\/passerelle2.ac-nantes.fr\/jjauresreze\/wp-json\/wp\/v2\/folder?post=168"}],"curies":[{"name":"wp","href":"https:\/\/api.w.org\/{rel}","templated":true}]}}