
{"id":17,"date":"2016-05-09T17:41:34","date_gmt":"2016-05-09T17:41:34","guid":{"rendered":"https:\/\/passerelle2.ac-nantes.fr\/jjauresreze\/?page_id=17"},"modified":"2026-01-30T18:31:45","modified_gmt":"2026-01-30T17:31:45","slug":"temps-periscolaires","status":"publish","type":"page","link":"https:\/\/passerelle2.ac-nantes.fr\/jjauresreze\/temps-periscolaires\/","title":{"rendered":"Temps p\u00e9riscolaires"},"content":{"rendered":"<p style=\"text-align: justify;\">Pour obtenir des informations concernant l\u2019accueil des enfants en dehors des temps scolaires (accueil du matin et du soir, restauration du midi, activit\u00e9s p\u00e9ri-\u00e9ducatives), veuillez consulter le site Internet de la ville de Rez\u00e9 :<\/p>\n<ul>\n<li>Lien vers&nbsp;<a href=\"https:\/\/www.reze.fr\/pratique\/enfance-famille\/inscrire-son-enfant-aux-services-periscolaires\/\" target=\"_blank\" rel=\"noopener noreferrer\">l&rsquo;espace 3-11 ans de la ville de Rez\u00e9<\/a><\/li>\n<\/ul>\n<p>&nbsp;<\/p>\n<h4>Contacter l&rsquo;accueil p\u00e9riscolaire de l&rsquo;\u00e9cole Jean Jaur\u00e8s<\/h4>\n<p style=\"text-align: justify;\">Si vous avez besoin de modifier une inscription pour votre enfant, vous pouvez contacter l&rsquo;accueil p\u00e9riscolaire de l&rsquo;\u00e9cole primaire Jean Jaur\u00e8s au&nbsp; &nbsp;<strong>02.40.84.44.73<\/strong><\/p>\n<p>&nbsp;<\/p>\n<p style=\"text-align: center;\"><img loading=\"lazy\" decoding=\"async\" class=\"aligncenter size-medium wp-image-18\" style=\"border: 0px none;\" src=\"https:\/\/passerelle2.ac-nantes.fr\/jjauresreze\/wp-content\/uploads\/sites\/507\/2016\/05\/logo-ville-reze-300x119.jpg\" alt=\"\" width=\"300\" height=\"119\"><\/p>\n<p style=\"text-align: center;\">&nbsp;<\/p>\n<p style=\"text-align: center;\">&nbsp;<\/p>\n","protected":false},"excerpt":{"rendered":"<p>Pour obtenir des informations concernant l\u2019accueil des enfants en dehors des temps scolaires (accueil du matin et du soir, restauration du midi, activit\u00e9s p\u00e9ri-\u00e9ducatives), veuillez consulter le site Internet de la ville de Rez\u00e9 : Lien vers&nbsp;l&rsquo;espace 3-11 ans de la ville de Rez\u00e9 &nbsp; Contacter l&rsquo;accueil p\u00e9riscolaire de l&rsquo;\u00e9cole Jean Jaur\u00e8s Si vous avez &hellip; <\/p>\n<p><a class=\"more-link btn\" href=\"https:\/\/passerelle2.ac-nantes.fr\/jjauresreze\/temps-periscolaires\/\">Lire la suite<\/a><\/p>\n","protected":false},"author":7113,"featured_media":0,"parent":0,"menu_order":0,"comment_status":"closed","ping_status":"open","template":"","meta":{"ngg_post_thumbnail":0,"h5ap_radio_sources":[],"jetpack_post_was_ever_published":false,"footnotes":""},"folder":[],"class_list":["post-17","page","type-page","status-publish","hentry","nodate","item-wrap"],"jetpack_sharing_enabled":true,"jetpack_shortlink":"https:\/\/wp.me\/P8Njot-h","_links":{"self":[{"href":"https:\/\/passerelle2.ac-nantes.fr\/jjauresreze\/wp-json\/wp\/v2\/pages\/17","targetHints":{"allow":["GET"]}}],"collection":[{"href":"https:\/\/passerelle2.ac-nantes.fr\/jjauresreze\/wp-json\/wp\/v2\/pages"}],"about":[{"href":"https:\/\/passerelle2.ac-nantes.fr\/jjauresreze\/wp-json\/wp\/v2\/types\/page"}],"author":[{"embeddable":true,"href":"https:\/\/passerelle2.ac-nantes.fr\/jjauresreze\/wp-json\/wp\/v2\/users\/7113"}],"replies":[{"embeddable":true,"href":"https:\/\/passerelle2.ac-nantes.fr\/jjauresreze\/wp-json\/wp\/v2\/comments?post=17"}],"version-history":[{"count":0,"href":"https:\/\/passerelle2.ac-nantes.fr\/jjauresreze\/wp-json\/wp\/v2\/pages\/17\/revisions"}],"wp:attachment":[{"href":"https:\/\/passerelle2.ac-nantes.fr\/jjauresreze\/wp-json\/wp\/v2\/media?parent=17"}],"wp:term":[{"taxonomy":"folder","embeddable":true,"href":"https:\/\/passerelle2.ac-nantes.fr\/jjauresreze\/wp-json\/wp\/v2\/folder?post=17"}],"curies":[{"name":"wp","href":"https:\/\/api.w.org\/{rel}","templated":true}]}}