
{"id":175,"date":"2016-05-14T18:00:22","date_gmt":"2016-05-14T18:00:22","guid":{"rendered":"https:\/\/passerelle2.ac-nantes.fr\/jjauresreze\/?page_id=175"},"modified":"2020-10-31T13:35:00","modified_gmt":"2020-10-31T12:35:00","slug":"jardin-pret-a-lemploi","status":"publish","type":"page","link":"https:\/\/passerelle2.ac-nantes.fr\/jjauresreze\/parents-deleves\/jardin-pret-a-lemploi\/","title":{"rendered":"Jardin pr\u00eat \u00e0 l&#8217;emploi"},"content":{"rendered":"<p style=\"text-align: justify;\">Depuis 2011, l&rsquo;association Collectif propose aux parents d&rsquo;\u00e9l\u00e8ves (un samedi matin en septembre ou octobre) de retrousser leurs manches et de sortir leurs outils pour offrir \u00e0 l&rsquo;\u00e9cole Jean Jaur\u00e8s un jardin pr\u00eat \u00e0 l&#8217;emploi.<\/p>\n<p style=\"text-align: justify;\">A cette occasion, caf\u00e9, croissant et bonne humeur sont offerts.<\/p>\n<p style=\"text-align: justify;\">&nbsp;<\/p>\n<p style=\"text-align: center;\"><img loading=\"lazy\" decoding=\"async\" class=\"aligncenter size-medium wp-image-943\" style=\"border: 0px none;\" src=\"https:\/\/passerelle2.ac-nantes.fr\/jjauresreze\/wp-content\/uploads\/sites\/507\/2016\/05\/outils-de-jardin-300x168.jpg\" alt=\"\" width=\"300\" height=\"168\" srcset=\"https:\/\/passerelle2.ac-nantes.fr\/jjauresreze\/wp-content\/uploads\/sites\/507\/2016\/05\/outils-de-jardin-300x168.jpg 300w, https:\/\/passerelle2.ac-nantes.fr\/jjauresreze\/wp-content\/uploads\/sites\/507\/2016\/05\/outils-de-jardin.jpg 500w\" sizes=\"auto, (max-width: 300px) 100vw, 300px\" \/><\/p>\n<p style=\"text-align: justify;\">&nbsp;<\/p>\n<p style=\"text-align: justify;\">&nbsp;<\/p>\n","protected":false},"excerpt":{"rendered":"<p>Depuis 2011, l&rsquo;association Collectif propose aux parents d&rsquo;\u00e9l\u00e8ves (un samedi matin en septembre ou octobre) de retrousser leurs manches et de sortir leurs outils pour offrir \u00e0 l&rsquo;\u00e9cole Jean Jaur\u00e8s un jardin pr\u00eat \u00e0 l&#8217;emploi. A cette occasion, caf\u00e9, croissant et bonne humeur sont offerts. &nbsp; &nbsp; &nbsp;<\/p>\n","protected":false},"author":7113,"featured_media":0,"parent":25,"menu_order":0,"comment_status":"closed","ping_status":"open","template":"","meta":{"ngg_post_thumbnail":0,"h5ap_radio_sources":[],"jetpack_post_was_ever_published":false,"footnotes":""},"folder":[],"class_list":["post-175","page","type-page","status-publish","hentry","nodate","item-wrap"],"jetpack_sharing_enabled":true,"jetpack_shortlink":"https:\/\/wp.me\/P8Njot-2P","_links":{"self":[{"href":"https:\/\/passerelle2.ac-nantes.fr\/jjauresreze\/wp-json\/wp\/v2\/pages\/175","targetHints":{"allow":["GET"]}}],"collection":[{"href":"https:\/\/passerelle2.ac-nantes.fr\/jjauresreze\/wp-json\/wp\/v2\/pages"}],"about":[{"href":"https:\/\/passerelle2.ac-nantes.fr\/jjauresreze\/wp-json\/wp\/v2\/types\/page"}],"author":[{"embeddable":true,"href":"https:\/\/passerelle2.ac-nantes.fr\/jjauresreze\/wp-json\/wp\/v2\/users\/7113"}],"replies":[{"embeddable":true,"href":"https:\/\/passerelle2.ac-nantes.fr\/jjauresreze\/wp-json\/wp\/v2\/comments?post=175"}],"version-history":[{"count":0,"href":"https:\/\/passerelle2.ac-nantes.fr\/jjauresreze\/wp-json\/wp\/v2\/pages\/175\/revisions"}],"up":[{"embeddable":true,"href":"https:\/\/passerelle2.ac-nantes.fr\/jjauresreze\/wp-json\/wp\/v2\/pages\/25"}],"wp:attachment":[{"href":"https:\/\/passerelle2.ac-nantes.fr\/jjauresreze\/wp-json\/wp\/v2\/media?parent=175"}],"wp:term":[{"taxonomy":"folder","embeddable":true,"href":"https:\/\/passerelle2.ac-nantes.fr\/jjauresreze\/wp-json\/wp\/v2\/folder?post=175"}],"curies":[{"name":"wp","href":"https:\/\/api.w.org\/{rel}","templated":true}]}}