
{"id":23,"date":"2016-05-09T17:43:17","date_gmt":"2016-05-09T17:43:17","guid":{"rendered":"https:\/\/passerelle2.ac-nantes.fr\/jjauresreze\/?page_id=23"},"modified":"2020-10-31T12:59:47","modified_gmt":"2020-10-31T11:59:47","slug":"temps-scolaires","status":"publish","type":"page","link":"https:\/\/passerelle2.ac-nantes.fr\/jjauresreze\/temps-scolaires\/","title":{"rendered":"Temps scolaires"},"content":{"rendered":"<h4>Sommaire de cette rubrique<\/h4>\n<ul>\n<li><a title=\"Pr\u00e9sentation de l\u2019\u00e9cole\" href=\"https:\/\/passerelle2.ac-nantes.fr\/jjauresreze\/notre-ecole\/presentation-de-lecole\/\">Pr\u00e9sentation de l&rsquo;\u00e9cole<\/a><\/li>\n<li><a title=\"Contacter l\u2019\u00e9cole\" href=\"https:\/\/passerelle2.ac-nantes.fr\/jjauresreze\/notre-ecole\/contacter-lecole\/\">Contacter l&rsquo;\u00e9cole<\/a><\/li>\n<li><a title=\"Horaires scolaires\" href=\"https:\/\/passerelle2.ac-nantes.fr\/jjauresreze\/notre-ecole\/horaires-scolaires\/\">Horaires scolaires<\/a><\/li>\n<li><a title=\"Calendrier scolaire\" href=\"https:\/\/passerelle2.ac-nantes.fr\/jjauresreze\/notre-ecole\/calendrier-scolaire\/\">Calendrier scolaire<\/a><\/li>\n<li><a title=\"Inscription nouvel \u00e9l\u00e8ve\" href=\"https:\/\/passerelle2.ac-nantes.fr\/jjauresreze\/notre-ecole\/inscription-nouvel-eleve\/\">Inscription nouvel \u00e9l\u00e8ve<\/a><\/li>\n<li><a title=\"Historique de l\u2019\u00e9cole\" href=\"https:\/\/passerelle2.ac-nantes.fr\/jjauresreze\/notre-ecole\/historique-de-lecole\/\">Historique de l&rsquo;\u00e9cole<\/a><\/li>\n<li><a title=\"Coll\u00e8ge de secteur\" href=\"https:\/\/passerelle2.ac-nantes.fr\/jjauresreze\/notre-ecole\/college-de-secteur\/\">Coll\u00e8ge de secteur<\/a><\/li>\n<li><a title=\"Circonscription de secteur\" href=\"https:\/\/passerelle2.ac-nantes.fr\/jjauresreze\/notre-ecole\/circonscription-de-secteur\/\">Circonscription de secteur<\/a><\/li>\n<li><a title=\"Espaces parents\" href=\"https:\/\/passerelle2.ac-nantes.fr\/jjauresreze\/notre-ecole\/espace-parents\/\">Espaces parents<\/a><\/li>\n<\/ul>\n<p>&nbsp;<\/p>\n","protected":false},"excerpt":{"rendered":"<p>Sommaire de cette rubrique Pr\u00e9sentation de l&rsquo;\u00e9cole Contacter l&rsquo;\u00e9cole Horaires scolaires Calendrier scolaire Inscription nouvel \u00e9l\u00e8ve Historique de l&rsquo;\u00e9cole Coll\u00e8ge de secteur Circonscription de secteur Espaces parents &nbsp;<\/p>\n","protected":false},"author":7113,"featured_media":0,"parent":0,"menu_order":0,"comment_status":"closed","ping_status":"open","template":"","meta":{"ngg_post_thumbnail":0,"h5ap_radio_sources":[],"jetpack_post_was_ever_published":false,"footnotes":""},"folder":[],"class_list":["post-23","page","type-page","status-publish","hentry","nodate","item-wrap"],"jetpack_sharing_enabled":true,"jetpack_shortlink":"https:\/\/wp.me\/P8Njot-n","_links":{"self":[{"href":"https:\/\/passerelle2.ac-nantes.fr\/jjauresreze\/wp-json\/wp\/v2\/pages\/23","targetHints":{"allow":["GET"]}}],"collection":[{"href":"https:\/\/passerelle2.ac-nantes.fr\/jjauresreze\/wp-json\/wp\/v2\/pages"}],"about":[{"href":"https:\/\/passerelle2.ac-nantes.fr\/jjauresreze\/wp-json\/wp\/v2\/types\/page"}],"author":[{"embeddable":true,"href":"https:\/\/passerelle2.ac-nantes.fr\/jjauresreze\/wp-json\/wp\/v2\/users\/7113"}],"replies":[{"embeddable":true,"href":"https:\/\/passerelle2.ac-nantes.fr\/jjauresreze\/wp-json\/wp\/v2\/comments?post=23"}],"version-history":[{"count":0,"href":"https:\/\/passerelle2.ac-nantes.fr\/jjauresreze\/wp-json\/wp\/v2\/pages\/23\/revisions"}],"wp:attachment":[{"href":"https:\/\/passerelle2.ac-nantes.fr\/jjauresreze\/wp-json\/wp\/v2\/media?parent=23"}],"wp:term":[{"taxonomy":"folder","embeddable":true,"href":"https:\/\/passerelle2.ac-nantes.fr\/jjauresreze\/wp-json\/wp\/v2\/folder?post=23"}],"curies":[{"name":"wp","href":"https:\/\/api.w.org\/{rel}","templated":true}]}}