
{"id":29,"date":"2016-05-09T17:51:44","date_gmt":"2016-05-09T17:51:44","guid":{"rendered":"https:\/\/passerelle2.ac-nantes.fr\/jjauresreze\/?page_id=29"},"modified":"2025-09-15T19:31:16","modified_gmt":"2025-09-15T17:31:16","slug":"contacter-lecole","status":"publish","type":"page","link":"https:\/\/passerelle2.ac-nantes.fr\/jjauresreze\/temps-scolaires\/contacter-lecole\/","title":{"rendered":"Contacter l&rsquo;\u00e9cole"},"content":{"rendered":"<div style=\"text-align: justify;\">\n<div>\n<p>&nbsp;<\/p>\n<p><strong>Contacter la directrice de l\u2019\u00e9cole<\/strong><\/p>\n<ul>\n<li>La directrice de l&rsquo;\u00e9cole (Madame Bernoud) est en d\u00e9charge administrative le lundi matin et le vendredi.<\/li>\n<\/ul>\n<p>&nbsp;<\/p>\n<p><strong>Num\u00e9ros de t\u00e9l\u00e9phone<\/strong><\/p>\n<ul>\n<li>B\u00e2timent sud (bureau de la directrice, classes GS-CP-CE1-CE2-CM1-CM2) :&nbsp; <strong>02.40.84.44.70<\/strong><\/li>\n<li>B\u00e2timent nord (classes PS-MS-GS-CP) :&nbsp; <strong>02.40.84.44.72<\/strong><\/li>\n<\/ul>\n<p>&nbsp;<\/p>\n<p><strong>Adresse postale<\/strong><\/p>\n<ul>\n<li>Ecole primaire publique Jean Jaur\u00e8s, 1 rue Paul Ploquin, 44400 Rez\u00e9.<\/li>\n<\/ul>\n<p>&nbsp;<\/p>\n<p><strong>Adresse \u00e9lectronique<\/strong><\/p>\n<ul>\n<li><a href=\"mailto:ce.0440807n@ac-nantes.fr\">ce.0440807n@ac-nantes.fr<\/a><\/li>\n<\/ul>\n<p>&nbsp;<\/p>\n<p style=\"text-align: center;\"><img loading=\"lazy\" decoding=\"async\" class=\"aligncenter size-full wp-image-895\" style=\"border: 0px none;\" src=\"https:\/\/passerelle2.ac-nantes.fr\/jjauresreze\/wp-content\/uploads\/sites\/507\/2016\/05\/contact-liste-preferences-icone-4360-128.png\" alt=\"\" width=\"128\" height=\"128\"><\/p>\n<p>&nbsp;<\/p>\n<p>&nbsp;<\/p>\n<\/div>\n<\/div>\n","protected":false},"excerpt":{"rendered":"<p>&nbsp; Contacter la directrice de l\u2019\u00e9cole La directrice de l&rsquo;\u00e9cole (Madame Bernoud) est en d\u00e9charge administrative le lundi matin et le vendredi. &nbsp; Num\u00e9ros de t\u00e9l\u00e9phone B\u00e2timent sud (bureau de la directrice, classes GS-CP-CE1-CE2-CM1-CM2) :&nbsp; 02.40.84.44.70 B\u00e2timent nord (classes PS-MS-GS-CP) :&nbsp; 02.40.84.44.72 &nbsp; Adresse postale Ecole primaire publique Jean Jaur\u00e8s, 1 rue Paul Ploquin, 44400 &hellip; <\/p>\n<p><a class=\"more-link btn\" href=\"https:\/\/passerelle2.ac-nantes.fr\/jjauresreze\/temps-scolaires\/contacter-lecole\/\">Lire la suite<\/a><\/p>\n","protected":false},"author":7113,"featured_media":0,"parent":23,"menu_order":0,"comment_status":"closed","ping_status":"open","template":"","meta":{"ngg_post_thumbnail":0,"h5ap_radio_sources":[],"jetpack_post_was_ever_published":false,"footnotes":""},"folder":[],"class_list":["post-29","page","type-page","status-publish","hentry","nodate","item-wrap"],"jetpack_sharing_enabled":true,"jetpack_shortlink":"https:\/\/wp.me\/P8Njot-t","_links":{"self":[{"href":"https:\/\/passerelle2.ac-nantes.fr\/jjauresreze\/wp-json\/wp\/v2\/pages\/29","targetHints":{"allow":["GET"]}}],"collection":[{"href":"https:\/\/passerelle2.ac-nantes.fr\/jjauresreze\/wp-json\/wp\/v2\/pages"}],"about":[{"href":"https:\/\/passerelle2.ac-nantes.fr\/jjauresreze\/wp-json\/wp\/v2\/types\/page"}],"author":[{"embeddable":true,"href":"https:\/\/passerelle2.ac-nantes.fr\/jjauresreze\/wp-json\/wp\/v2\/users\/7113"}],"replies":[{"embeddable":true,"href":"https:\/\/passerelle2.ac-nantes.fr\/jjauresreze\/wp-json\/wp\/v2\/comments?post=29"}],"version-history":[{"count":0,"href":"https:\/\/passerelle2.ac-nantes.fr\/jjauresreze\/wp-json\/wp\/v2\/pages\/29\/revisions"}],"up":[{"embeddable":true,"href":"https:\/\/passerelle2.ac-nantes.fr\/jjauresreze\/wp-json\/wp\/v2\/pages\/23"}],"wp:attachment":[{"href":"https:\/\/passerelle2.ac-nantes.fr\/jjauresreze\/wp-json\/wp\/v2\/media?parent=29"}],"wp:term":[{"taxonomy":"folder","embeddable":true,"href":"https:\/\/passerelle2.ac-nantes.fr\/jjauresreze\/wp-json\/wp\/v2\/folder?post=29"}],"curies":[{"name":"wp","href":"https:\/\/api.w.org\/{rel}","templated":true}]}}