
{"id":36,"date":"2016-05-09T17:59:59","date_gmt":"2016-05-09T17:59:59","guid":{"rendered":"https:\/\/passerelle2.ac-nantes.fr\/jjauresreze\/?page_id=36"},"modified":"2020-10-31T13:05:43","modified_gmt":"2020-10-31T12:05:43","slug":"inscription-nouvel-eleve","status":"publish","type":"page","link":"https:\/\/passerelle2.ac-nantes.fr\/jjauresreze\/temps-scolaires\/inscription-nouvel-eleve\/","title":{"rendered":"Inscription nouvel \u00e9l\u00e8ve"},"content":{"rendered":"<h4 style=\"text-align: justify;\">Deux \u00e9tapes<\/h4>\n<ol style=\"text-align: justify;\">\n<li>Contacter le service Education de la ville de Rez\u00e9 pour proc\u00e9der \u00e0 l&rsquo;inscription :&nbsp;<a href=\"https:\/\/www.reze.fr\/pratique\/enfance-famille\/inscrire-son-enfant-a-lecole\/\" target=\"_blank\" rel=\"noopener noreferrer\">\u00ab\u00a0Inscrire son enfant \u00e0 l\u2019\u00e9cole\u00a0\u00bb du site Internet de la ville de Rez\u00e9<\/a>.<\/li>\n<li>Contacter la <a title=\"Contacter l\u2019\u00e9cole\" href=\"https:\/\/passerelle2.ac-nantes.fr\/jjauresreze\/notre-ecole\/contacter-lecole\/\">directrice de l&rsquo;\u00e9cole Jean Jaur\u00e8s<\/a> pour convenir avec elle d&rsquo;un rendez-vous et proc\u00e9der \u00e0 l\u2019admission d\u00e9finitive de votre enfant.<\/li>\n<\/ol>\n<p style=\"text-align: justify;\">&nbsp;<\/p>\n<p style=\"text-align: center;\"><img loading=\"lazy\" decoding=\"async\" class=\"aligncenter size-full wp-image-893\" style=\"border: 0px none;\" src=\"https:\/\/passerelle2.ac-nantes.fr\/jjauresreze\/wp-content\/uploads\/sites\/507\/2016\/05\/edit-un-stylo-ecrire-icone-7960-128.png\" alt=\"\" width=\"128\" height=\"128\"><\/p>\n<p style=\"text-align: justify;\">&nbsp;<\/p>\n<p style=\"text-align: justify;\">&nbsp;<\/p>\n","protected":false},"excerpt":{"rendered":"<p>Deux \u00e9tapes Contacter le service Education de la ville de Rez\u00e9 pour proc\u00e9der \u00e0 l&rsquo;inscription :&nbsp;\u00ab\u00a0Inscrire son enfant \u00e0 l\u2019\u00e9cole\u00a0\u00bb du site Internet de la ville de Rez\u00e9. Contacter la directrice de l&rsquo;\u00e9cole Jean Jaur\u00e8s pour convenir avec elle d&rsquo;un rendez-vous et proc\u00e9der \u00e0 l\u2019admission d\u00e9finitive de votre enfant. &nbsp; &nbsp; &nbsp;<\/p>\n","protected":false},"author":7113,"featured_media":0,"parent":23,"menu_order":0,"comment_status":"closed","ping_status":"open","template":"","meta":{"ngg_post_thumbnail":0,"h5ap_radio_sources":[],"jetpack_post_was_ever_published":false,"footnotes":""},"folder":[],"class_list":["post-36","page","type-page","status-publish","hentry","nodate","item-wrap"],"jetpack_sharing_enabled":true,"jetpack_shortlink":"https:\/\/wp.me\/P8Njot-A","_links":{"self":[{"href":"https:\/\/passerelle2.ac-nantes.fr\/jjauresreze\/wp-json\/wp\/v2\/pages\/36","targetHints":{"allow":["GET"]}}],"collection":[{"href":"https:\/\/passerelle2.ac-nantes.fr\/jjauresreze\/wp-json\/wp\/v2\/pages"}],"about":[{"href":"https:\/\/passerelle2.ac-nantes.fr\/jjauresreze\/wp-json\/wp\/v2\/types\/page"}],"author":[{"embeddable":true,"href":"https:\/\/passerelle2.ac-nantes.fr\/jjauresreze\/wp-json\/wp\/v2\/users\/7113"}],"replies":[{"embeddable":true,"href":"https:\/\/passerelle2.ac-nantes.fr\/jjauresreze\/wp-json\/wp\/v2\/comments?post=36"}],"version-history":[{"count":0,"href":"https:\/\/passerelle2.ac-nantes.fr\/jjauresreze\/wp-json\/wp\/v2\/pages\/36\/revisions"}],"up":[{"embeddable":true,"href":"https:\/\/passerelle2.ac-nantes.fr\/jjauresreze\/wp-json\/wp\/v2\/pages\/23"}],"wp:attachment":[{"href":"https:\/\/passerelle2.ac-nantes.fr\/jjauresreze\/wp-json\/wp\/v2\/media?parent=36"}],"wp:term":[{"taxonomy":"folder","embeddable":true,"href":"https:\/\/passerelle2.ac-nantes.fr\/jjauresreze\/wp-json\/wp\/v2\/folder?post=36"}],"curies":[{"name":"wp","href":"https:\/\/api.w.org\/{rel}","templated":true}]}}