
{"id":384,"date":"2016-05-16T11:14:03","date_gmt":"2016-05-16T11:14:03","guid":{"rendered":"https:\/\/passerelle2.ac-nantes.fr\/jjauresreze\/?page_id=384"},"modified":"2024-11-29T13:06:20","modified_gmt":"2024-11-29T12:06:20","slug":"circonscription-de-secteur","status":"publish","type":"page","link":"https:\/\/passerelle2.ac-nantes.fr\/jjauresreze\/temps-scolaires\/circonscription-de-secteur\/","title":{"rendered":"Circonscription de secteur"},"content":{"rendered":"<p style=\"text-align: justify;\">Le d\u00e9partement de la Loire-Atlantique est divis\u00e9 en 25 circonscriptions du premier degr\u00e9, chacune sous la responsabilit\u00e9 d&rsquo;un Inspecteur de l&rsquo;\u00c9ducation Nationale (IEN), relais entre l&rsquo;inspecteur d&rsquo;acad\u00e9mie et les \u00e9coles primaires.<\/p>\n<p style=\"text-align: justify;\">Notre \u00e9cole&nbsp;d\u00e9pend de la circonscription de Bouguenais.<\/p>\n<p style=\"text-align: justify;\">Cliquez sur <a href=\"https:\/\/www.ac-nantes.fr\/circonscription-bouguenais-122272\" target=\"_blank\" rel=\"noopener\">le lien pour obtenir des informations compl\u00e9mentaires sur la circonscription de secteur<\/a>.<\/p>\n<p>&nbsp;<\/p>\n<p style=\"text-align: center;\"><img loading=\"lazy\" decoding=\"async\" class=\"aligncenter size-medium wp-image-385\" style=\"border: 0px none;\" src=\"https:\/\/passerelle2.ac-nantes.fr\/jjauresreze\/wp-content\/uploads\/sites\/507\/2016\/05\/logo-academie-nantes-300x211.jpg\" alt=\"\" width=\"300\" height=\"211\" srcset=\"https:\/\/passerelle2.ac-nantes.fr\/jjauresreze\/wp-content\/uploads\/sites\/507\/2016\/05\/logo-academie-nantes-300x211.jpg 300w, https:\/\/passerelle2.ac-nantes.fr\/jjauresreze\/wp-content\/uploads\/sites\/507\/2016\/05\/logo-academie-nantes.jpg 368w\" sizes=\"auto, (max-width: 300px) 100vw, 300px\" \/><\/p>\n<p>&nbsp;<\/p>\n<p>&nbsp;<\/p>\n","protected":false},"excerpt":{"rendered":"<p>Le d\u00e9partement de la Loire-Atlantique est divis\u00e9 en 25 circonscriptions du premier degr\u00e9, chacune sous la responsabilit\u00e9 d&rsquo;un Inspecteur de l&rsquo;\u00c9ducation Nationale (IEN), relais entre l&rsquo;inspecteur d&rsquo;acad\u00e9mie et les \u00e9coles primaires. Notre \u00e9cole&nbsp;d\u00e9pend de la circonscription de Bouguenais. Cliquez sur le lien pour obtenir des informations compl\u00e9mentaires sur la circonscription de secteur. &nbsp; &nbsp; &nbsp;<\/p>\n","protected":false},"author":7113,"featured_media":0,"parent":23,"menu_order":0,"comment_status":"closed","ping_status":"open","template":"","meta":{"ngg_post_thumbnail":0,"h5ap_radio_sources":[],"jetpack_post_was_ever_published":false,"footnotes":""},"folder":[],"class_list":["post-384","page","type-page","status-publish","hentry","nodate","item-wrap"],"jetpack_sharing_enabled":true,"jetpack_shortlink":"https:\/\/wp.me\/P8Njot-6c","_links":{"self":[{"href":"https:\/\/passerelle2.ac-nantes.fr\/jjauresreze\/wp-json\/wp\/v2\/pages\/384","targetHints":{"allow":["GET"]}}],"collection":[{"href":"https:\/\/passerelle2.ac-nantes.fr\/jjauresreze\/wp-json\/wp\/v2\/pages"}],"about":[{"href":"https:\/\/passerelle2.ac-nantes.fr\/jjauresreze\/wp-json\/wp\/v2\/types\/page"}],"author":[{"embeddable":true,"href":"https:\/\/passerelle2.ac-nantes.fr\/jjauresreze\/wp-json\/wp\/v2\/users\/7113"}],"replies":[{"embeddable":true,"href":"https:\/\/passerelle2.ac-nantes.fr\/jjauresreze\/wp-json\/wp\/v2\/comments?post=384"}],"version-history":[{"count":0,"href":"https:\/\/passerelle2.ac-nantes.fr\/jjauresreze\/wp-json\/wp\/v2\/pages\/384\/revisions"}],"up":[{"embeddable":true,"href":"https:\/\/passerelle2.ac-nantes.fr\/jjauresreze\/wp-json\/wp\/v2\/pages\/23"}],"wp:attachment":[{"href":"https:\/\/passerelle2.ac-nantes.fr\/jjauresreze\/wp-json\/wp\/v2\/media?parent=384"}],"wp:term":[{"taxonomy":"folder","embeddable":true,"href":"https:\/\/passerelle2.ac-nantes.fr\/jjauresreze\/wp-json\/wp\/v2\/folder?post=384"}],"curies":[{"name":"wp","href":"https:\/\/api.w.org\/{rel}","templated":true}]}}