
{"id":43,"date":"2016-05-09T18:10:13","date_gmt":"2016-05-09T18:10:13","guid":{"rendered":"https:\/\/passerelle2.ac-nantes.fr\/jjauresreze\/?page_id=43"},"modified":"2016-06-28T07:28:22","modified_gmt":"2016-06-28T07:28:22","slug":"horaires-scolaires","status":"publish","type":"page","link":"https:\/\/passerelle2.ac-nantes.fr\/jjauresreze\/temps-scolaires\/horaires-scolaires\/","title":{"rendered":"Horaires scolaires"},"content":{"rendered":"<p><strong>lundi, mardi, jeudi, vendredi<\/strong><\/p>\n<ul>\n<li>Matin : de 8h45* \u00e0 11h45<\/li>\n<li>Apr\u00e8s-midi : de 14h00* \u00e0 16h15<\/li>\n<\/ul>\n<p><strong>mercredi<\/strong><\/p>\n<ul>\n<li>Matin : de 8h45* \u00e0 11h45<\/li>\n<\/ul>\n<p>&nbsp;<\/p>\n<p>* Ouverture des portes 10 minutes avant le d\u00e9but des cours.<\/p>\n<p>&nbsp;<\/p>\n<p style=\"text-align: center\"><img loading=\"lazy\" decoding=\"async\" class=\"aligncenter size-full wp-image-891\" style=\"border: 0px none\" src=\"https:\/\/passerelle2.ac-nantes.fr\/jjauresreze\/wp-content\/uploads\/sites\/507\/2016\/05\/bleu-horloge-icone-6154-128.png\" alt=\"\" width=\"128\" height=\"128\" \/><\/p>\n<p>&nbsp;<\/p>\n<p>&nbsp;<\/p>\n","protected":false},"excerpt":{"rendered":"<p>lundi, mardi, jeudi, vendredi Matin : de 8h45* \u00e0 11h45 Apr\u00e8s-midi : de 14h00* \u00e0 16h15 mercredi Matin : de 8h45* \u00e0 11h45 &nbsp; * Ouverture des portes 10 minutes avant le d\u00e9but des cours. &nbsp; &nbsp; &nbsp;<\/p>\n","protected":false},"author":7113,"featured_media":0,"parent":23,"menu_order":0,"comment_status":"closed","ping_status":"open","template":"","meta":{"ngg_post_thumbnail":0,"h5ap_radio_sources":[],"jetpack_post_was_ever_published":false,"footnotes":""},"folder":[],"class_list":["post-43","page","type-page","status-publish","hentry","nodate","item-wrap"],"jetpack_sharing_enabled":true,"jetpack_shortlink":"https:\/\/wp.me\/P8Njot-H","_links":{"self":[{"href":"https:\/\/passerelle2.ac-nantes.fr\/jjauresreze\/wp-json\/wp\/v2\/pages\/43","targetHints":{"allow":["GET"]}}],"collection":[{"href":"https:\/\/passerelle2.ac-nantes.fr\/jjauresreze\/wp-json\/wp\/v2\/pages"}],"about":[{"href":"https:\/\/passerelle2.ac-nantes.fr\/jjauresreze\/wp-json\/wp\/v2\/types\/page"}],"author":[{"embeddable":true,"href":"https:\/\/passerelle2.ac-nantes.fr\/jjauresreze\/wp-json\/wp\/v2\/users\/7113"}],"replies":[{"embeddable":true,"href":"https:\/\/passerelle2.ac-nantes.fr\/jjauresreze\/wp-json\/wp\/v2\/comments?post=43"}],"version-history":[{"count":0,"href":"https:\/\/passerelle2.ac-nantes.fr\/jjauresreze\/wp-json\/wp\/v2\/pages\/43\/revisions"}],"up":[{"embeddable":true,"href":"https:\/\/passerelle2.ac-nantes.fr\/jjauresreze\/wp-json\/wp\/v2\/pages\/23"}],"wp:attachment":[{"href":"https:\/\/passerelle2.ac-nantes.fr\/jjauresreze\/wp-json\/wp\/v2\/media?parent=43"}],"wp:term":[{"taxonomy":"folder","embeddable":true,"href":"https:\/\/passerelle2.ac-nantes.fr\/jjauresreze\/wp-json\/wp\/v2\/folder?post=43"}],"curies":[{"name":"wp","href":"https:\/\/api.w.org\/{rel}","templated":true}]}}