
{"id":45,"date":"2016-05-09T18:11:16","date_gmt":"2016-05-09T18:11:16","guid":{"rendered":"https:\/\/passerelle2.ac-nantes.fr\/jjauresreze\/?page_id=45"},"modified":"2019-05-27T18:08:11","modified_gmt":"2019-05-27T16:08:11","slug":"historique-de-lecole","status":"publish","type":"page","link":"https:\/\/passerelle2.ac-nantes.fr\/jjauresreze\/temps-scolaires\/historique-de-lecole\/","title":{"rendered":"Historique de l&rsquo;\u00e9cole"},"content":{"rendered":"<p style=\"text-align: justify;\">Cette page pr\u00e9sente un historique partiel de l&rsquo;\u00e9cole primaire publique Jean Jaur\u00e8s (Rez\u00e9). Les informations propos\u00e9es ont \u00e9t\u00e9 recueillies aupr\u00e8s du <a title=\"Archives municipales\" href=\"https:\/\/passerelle2.ac-nantes.fr\/jjauresreze\/2016\/05\/13\/archives-municipales\/\">service municipal des archives de Rez\u00e9<\/a>, des enseignants de l&rsquo;\u00e9cole et des habitants du quartier.<\/p>\n<p style=\"text-align: justify;\">Si vous avez des informations compl\u00e9mentaires \u00e0 nous apporter ou des documents \u00e0 publier, <a title=\"Contacter l\u2019\u00e9cole\" href=\"https:\/\/passerelle2.ac-nantes.fr\/jjauresreze\/notre-ecole\/contacter-lecole\/\">merci de contacter l&rsquo;\u00e9quipe enseignante<\/a>.<\/p>\n<p style=\"text-align: justify;\">&nbsp;<\/p>\n<h3 style=\"text-align: justify;\">1934 Demande d&rsquo;ouverture d&rsquo;une \u00e9cole \u00e0 Trentemoult<\/h3>\n<p style=\"text-align: justify;\">Un conseiller municipal (Monsieur Chauvelon) propose la cr\u00e9ation d&rsquo;une \u00e9cole maternelle \u00e0 Trentemoult.<\/p>\n<div id=\"attachment_482\" style=\"width: 150px\" class=\"wp-caption aligncenter\"><a href=\"https:\/\/passerelle2.ac-nantes.fr\/jjauresreze\/wp-content\/uploads\/sites\/507\/2016\/05\/1934-09-30_dcm1.jpg\"><img loading=\"lazy\" decoding=\"async\" aria-describedby=\"caption-attachment-482\" class=\"size-thumbnail wp-image-482\" src=\"https:\/\/passerelle2.ac-nantes.fr\/jjauresreze\/wp-content\/uploads\/sites\/507\/2016\/05\/1934-09-30_dcm1-150x150.jpg\" alt=\"\" width=\"150\" height=\"150\"><\/a><p id=\"caption-attachment-482\" class=\"wp-caption-text\">\u00a9 Archives municipales de Rez\u00e9<\/p><\/div>\n<p style=\"text-align: justify;\">&nbsp;<\/p>\n<h3 style=\"text-align: justify;\">1936 Cr\u00e9ation d&rsquo;une \u00e9cole mixte \u00e0 une classe<\/h3>\n<p style=\"text-align: justify;\">C&rsquo;est \u00e0 la rentr\u00e9e scolaire d&rsquo;octobre 1936 que commence l&rsquo;histoire de l&rsquo;\u00e9cole publique de Trentemoult (l&rsquo;un des quartiers de la commune de Rez\u00e9). Avant cette date, les enfants de Trentemoult allaient \u00e0 l&rsquo;\u00e9cole Rez\u00e9 centre, d\u00e9sormais une \u00e9cole mixte \u00e0 une classe accueille une partie d&rsquo;entre eux.<\/p>\n<p style=\"text-align: justify;\">Quelques-unes des d\u00e9cisions li\u00e9es \u00e0 la cr\u00e9ation de l&rsquo;\u00e9cole publique de Trentemoult.<\/p>\n<p style=\"text-align: justify;\">&nbsp;<\/p>\n<p style=\"text-align: center;\"><a href=\"https:\/\/passerelle2.ac-nantes.fr\/jjauresreze\/wp-content\/uploads\/sites\/507\/2016\/05\/1936-01-24_pref-maire1.jpg\"><img loading=\"lazy\" decoding=\"async\" class=\"alignnone size-thumbnail wp-image-483\" src=\"https:\/\/passerelle2.ac-nantes.fr\/jjauresreze\/wp-content\/uploads\/sites\/507\/2016\/05\/1936-01-24_pref-maire1-150x150.jpg\" alt=\"\" width=\"150\" height=\"150\"><\/a> <a href=\"https:\/\/passerelle2.ac-nantes.fr\/jjauresreze\/wp-content\/uploads\/sites\/507\/2016\/05\/1936-07-27_inspecteur-maire1.jpg\"><img loading=\"lazy\" decoding=\"async\" class=\"alignnone size-thumbnail wp-image-484\" src=\"https:\/\/passerelle2.ac-nantes.fr\/jjauresreze\/wp-content\/uploads\/sites\/507\/2016\/05\/1936-07-27_inspecteur-maire1-150x150.jpg\" alt=\"\" width=\"150\" height=\"150\"><\/a> <a href=\"https:\/\/passerelle2.ac-nantes.fr\/jjauresreze\/wp-content\/uploads\/sites\/507\/2016\/05\/1936-07-27_inspecteur-maire21.jpg\"><img loading=\"lazy\" decoding=\"async\" class=\"alignnone size-thumbnail wp-image-485\" src=\"https:\/\/passerelle2.ac-nantes.fr\/jjauresreze\/wp-content\/uploads\/sites\/507\/2016\/05\/1936-07-27_inspecteur-maire21-150x150.jpg\" alt=\"\" width=\"150\" height=\"150\"> <\/a><a href=\"https:\/\/passerelle2.ac-nantes.fr\/jjauresreze\/wp-content\/uploads\/sites\/507\/2016\/05\/1936-07-30_arrete1.jpg\"><img loading=\"lazy\" decoding=\"async\" class=\"alignnone size-thumbnail wp-image-486\" src=\"https:\/\/passerelle2.ac-nantes.fr\/jjauresreze\/wp-content\/uploads\/sites\/507\/2016\/05\/1936-07-30_arrete1-150x150.jpg\" alt=\"\" width=\"150\" height=\"150\"><\/a> <a href=\"https:\/\/passerelle2.ac-nantes.fr\/jjauresreze\/wp-content\/uploads\/sites\/507\/2016\/05\/1936-08-10_maire-ministre1.jpg\"><img loading=\"lazy\" decoding=\"async\" class=\"alignnone size-thumbnail wp-image-487\" src=\"https:\/\/passerelle2.ac-nantes.fr\/jjauresreze\/wp-content\/uploads\/sites\/507\/2016\/05\/1936-08-10_maire-ministre1-150x150.jpg\" alt=\"\" width=\"150\" height=\"150\"><\/a> <a href=\"https:\/\/passerelle2.ac-nantes.fr\/jjauresreze\/wp-content\/uploads\/sites\/507\/2016\/05\/1936-09-09_pref-la1.jpg\"><img loading=\"lazy\" decoding=\"async\" class=\"alignnone size-thumbnail wp-image-488\" src=\"https:\/\/passerelle2.ac-nantes.fr\/jjauresreze\/wp-content\/uploads\/sites\/507\/2016\/05\/1936-09-09_pref-la1-150x150.jpg\" alt=\"\" width=\"150\" height=\"150\"><\/a> <a href=\"https:\/\/passerelle2.ac-nantes.fr\/jjauresreze\/wp-content\/uploads\/sites\/507\/2016\/05\/1936-09-09_pref-la21.jpg\"><img loading=\"lazy\" decoding=\"async\" class=\"alignnone size-thumbnail wp-image-489\" src=\"https:\/\/passerelle2.ac-nantes.fr\/jjauresreze\/wp-content\/uploads\/sites\/507\/2016\/05\/1936-09-09_pref-la21-150x150.jpg\" alt=\"\" width=\"150\" height=\"150\"><\/a><\/p>\n<p style=\"text-align: center;\">\u00a9 Archives municipales de Rez\u00e9<\/p>\n<p style=\"text-align: justify;\">&nbsp;<\/p>\n<p style=\"text-align: justify;\">Quelques photos de l&rsquo;\u00e9cole publique de Trentemoult (datation approximative : entre 1936 et 1954)<\/p>\n<p style=\"text-align: center;\"><a href=\"https:\/\/passerelle2.ac-nantes.fr\/jjauresreze\/wp-content\/uploads\/sites\/507\/2016\/05\/1936-1954_ecole_trentemoult_011.jpg\"><img loading=\"lazy\" decoding=\"async\" class=\"alignnone size-thumbnail wp-image-493\" src=\"https:\/\/passerelle2.ac-nantes.fr\/jjauresreze\/wp-content\/uploads\/sites\/507\/2016\/05\/1936-1954_ecole_trentemoult_011-150x150.jpg\" alt=\"\" width=\"150\" height=\"150\"><\/a> <a href=\"https:\/\/passerelle2.ac-nantes.fr\/jjauresreze\/wp-content\/uploads\/sites\/507\/2016\/05\/1936-1954_ecole_trentemoult_021.jpg\"><img loading=\"lazy\" decoding=\"async\" class=\"alignnone size-thumbnail wp-image-494\" src=\"https:\/\/passerelle2.ac-nantes.fr\/jjauresreze\/wp-content\/uploads\/sites\/507\/2016\/05\/1936-1954_ecole_trentemoult_021-150x150.jpg\" alt=\"\" width=\"150\" height=\"150\"><\/a> <a href=\"https:\/\/passerelle2.ac-nantes.fr\/jjauresreze\/wp-content\/uploads\/sites\/507\/2016\/05\/1936-1954_ecole_trentemoult_031.jpg\"><img loading=\"lazy\" decoding=\"async\" class=\"alignnone size-thumbnail wp-image-495\" src=\"https:\/\/passerelle2.ac-nantes.fr\/jjauresreze\/wp-content\/uploads\/sites\/507\/2016\/05\/1936-1954_ecole_trentemoult_031-150x150.jpg\" alt=\"\" width=\"150\" height=\"150\"><\/a> <a href=\"https:\/\/passerelle2.ac-nantes.fr\/jjauresreze\/wp-content\/uploads\/sites\/507\/2016\/05\/1936-1954_ecole_trentemoult_041.jpg\"><img loading=\"lazy\" decoding=\"async\" class=\"alignnone size-thumbnail wp-image-496\" src=\"https:\/\/passerelle2.ac-nantes.fr\/jjauresreze\/wp-content\/uploads\/sites\/507\/2016\/05\/1936-1954_ecole_trentemoult_041-150x150.jpg\" alt=\"\" width=\"150\" height=\"150\"><\/a><\/p>\n<p style=\"text-align: center;\">\u00a9 Archives municipales de Rez\u00e9<\/p>\n<p style=\"text-align: justify;\">&nbsp;<\/p>\n<p style=\"text-align: justify;\">Les plans ci-dessous ne sont pas dat\u00e9s mais sont forc\u00e9ment ant\u00e9rieurs \u00e0 1947, ann\u00e9e de cr\u00e9ation de la rue Ploquin (ces plans mentionnent l\u2019ancienne d\u00e9nomination des rues).<\/p>\n<p style=\"text-align: center;\"><a href=\"https:\/\/passerelle2.ac-nantes.fr\/jjauresreze\/wp-content\/uploads\/sites\/507\/2016\/05\/1936-1947_plan_ecole_trentemoult_011.jpg\"><img loading=\"lazy\" decoding=\"async\" class=\"alignnone size-thumbnail wp-image-490\" src=\"https:\/\/passerelle2.ac-nantes.fr\/jjauresreze\/wp-content\/uploads\/sites\/507\/2016\/05\/1936-1947_plan_ecole_trentemoult_011-150x150.jpg\" alt=\"\" width=\"150\" height=\"150\"><\/a> <a href=\"https:\/\/passerelle2.ac-nantes.fr\/jjauresreze\/wp-content\/uploads\/sites\/507\/2016\/05\/1936-1947_plan_ecole_trentemoult_021.jpg\"><img loading=\"lazy\" decoding=\"async\" class=\"alignnone size-thumbnail wp-image-491\" src=\"https:\/\/passerelle2.ac-nantes.fr\/jjauresreze\/wp-content\/uploads\/sites\/507\/2016\/05\/1936-1947_plan_ecole_trentemoult_021-150x150.jpg\" alt=\"\" width=\"150\" height=\"150\"><\/a> <a href=\"https:\/\/passerelle2.ac-nantes.fr\/jjauresreze\/wp-content\/uploads\/sites\/507\/2016\/05\/1936-1947_plan_ecole_trentemoult_031.jpg\"><img loading=\"lazy\" decoding=\"async\" class=\"alignnone size-thumbnail wp-image-492\" src=\"https:\/\/passerelle2.ac-nantes.fr\/jjauresreze\/wp-content\/uploads\/sites\/507\/2016\/05\/1936-1947_plan_ecole_trentemoult_031-150x150.jpg\" alt=\"\" width=\"150\" height=\"150\"><\/a><\/p>\n<p style=\"text-align: center;\">\u00a9 Archives municipales de Rez\u00e9<\/p>\n<p style=\"text-align: justify;\">&nbsp;<\/p>\n<p style=\"text-align: justify;\">&nbsp;<\/p>\n<h3 style=\"text-align: justify;\">1937 Une seconde classe<\/h3>\n<p style=\"text-align: justify;\">A la rentr\u00e9e d&rsquo;octobre 1937, une seconde classe est ouverte \u00e0 l&rsquo;\u00e9cole publique de Trentemoult.<\/p>\n<p style=\"text-align: justify;\">&nbsp;<\/p>\n<p style=\"text-align: justify;\">&nbsp;<\/p>\n<h3 style=\"text-align: justify;\">1947 La rue du Ch\u00e2telet devient la rue Paul Ploquin<\/h3>\n<p style=\"text-align: justify;\">Apr\u00e8s la deuxi\u00e8me guerre mondiale de nombreuses rues ont \u00e9t\u00e9 renomm\u00e9es, la rue du Ch\u00e2telet (adresse administrative de l&rsquo;\u00e9cole) devient la rue Paul Ploquin.<\/p>\n<p style=\"text-align: center;\"><a href=\"https:\/\/passerelle2.ac-nantes.fr\/jjauresreze\/wp-content\/uploads\/sites\/507\/2016\/05\/panneau_rue_paul_ploquin1.jpg\"><img loading=\"lazy\" decoding=\"async\" class=\"alignnone size-thumbnail wp-image-508\" src=\"https:\/\/passerelle2.ac-nantes.fr\/jjauresreze\/wp-content\/uploads\/sites\/507\/2016\/05\/panneau_rue_paul_ploquin1-150x150.jpg\" alt=\"\" width=\"150\" height=\"150\"><\/a><\/p>\n<p style=\"text-align: justify;\">Remarque : d&rsquo;autres rues proches de l&rsquo;\u00e9cole publique de Trentemoult seront \u00e9galement renomm\u00e9es dans les ann\u00e9es suivantes.<\/p>\n<ul>\n<li>La rue Toussaint deviendra la rue Pierre Douillard<\/li>\n<li>La rue Chauvelon deviendra la rue Marcel Lacroix<\/li>\n<li>La rue de la Vall\u00e9e deviendra la rue Roin\u00e9<\/li>\n<\/ul>\n<p style=\"text-align: center;\"><a href=\"https:\/\/passerelle2.ac-nantes.fr\/jjauresreze\/wp-content\/uploads\/sites\/507\/2016\/05\/panneau_rue_pierre_douillard1.jpg\"><img loading=\"lazy\" decoding=\"async\" class=\"alignnone size-thumbnail wp-image-509\" src=\"https:\/\/passerelle2.ac-nantes.fr\/jjauresreze\/wp-content\/uploads\/sites\/507\/2016\/05\/panneau_rue_pierre_douillard1-150x150.jpg\" alt=\"\" width=\"150\" height=\"150\"><\/a> <a href=\"https:\/\/passerelle2.ac-nantes.fr\/jjauresreze\/wp-content\/uploads\/sites\/507\/2016\/05\/panneau_rue_marcel_lacroix1.jpg\"><img loading=\"lazy\" decoding=\"async\" class=\"alignnone size-thumbnail wp-image-507\" src=\"https:\/\/passerelle2.ac-nantes.fr\/jjauresreze\/wp-content\/uploads\/sites\/507\/2016\/05\/panneau_rue_marcel_lacroix1-150x150.jpg\" alt=\"\" width=\"150\" height=\"150\"><\/a> <a href=\"https:\/\/passerelle2.ac-nantes.fr\/jjauresreze\/wp-content\/uploads\/sites\/507\/2016\/05\/panneau_rue_roine1.jpg\"><img loading=\"lazy\" decoding=\"async\" class=\"alignnone size-thumbnail wp-image-510\" src=\"https:\/\/passerelle2.ac-nantes.fr\/jjauresreze\/wp-content\/uploads\/sites\/507\/2016\/05\/panneau_rue_roine1-150x150.jpg\" alt=\"\" width=\"150\" height=\"150\"><\/a><\/p>\n<p style=\"text-align: justify;\">&nbsp;<\/p>\n<p style=\"text-align: justify;\">&nbsp;<\/p>\n<h3 style=\"text-align: justify;\">1950-1954 Construction d&rsquo;un nouveau b\u00e2timent pour l&rsquo;\u00e9cole de Trentemoult<\/h3>\n<p style=\"text-align: justify;\">Deux classes suppl\u00e9mentaires \u00e0 l&rsquo;\u00e9cole publique de Trentemoult.<\/p>\n<p style=\"text-align: center;\"><a href=\"https:\/\/passerelle2.ac-nantes.fr\/jjauresreze\/wp-content\/uploads\/sites\/507\/2016\/05\/1949-02-21_directrice-maire11.jpg\"><img loading=\"lazy\" decoding=\"async\" class=\"alignnone size-thumbnail wp-image-497\" src=\"https:\/\/passerelle2.ac-nantes.fr\/jjauresreze\/wp-content\/uploads\/sites\/507\/2016\/05\/1949-02-21_directrice-maire11-150x150.jpg\" alt=\"\" width=\"150\" height=\"150\"><\/a> <a href=\"https:\/\/passerelle2.ac-nantes.fr\/jjauresreze\/wp-content\/uploads\/sites\/507\/2016\/05\/1949-02-21_directrice-maire21.jpg\"><img loading=\"lazy\" decoding=\"async\" class=\"alignnone size-thumbnail wp-image-498\" src=\"https:\/\/passerelle2.ac-nantes.fr\/jjauresreze\/wp-content\/uploads\/sites\/507\/2016\/05\/1949-02-21_directrice-maire21-150x150.jpg\" alt=\"\" width=\"150\" height=\"150\"><\/a> <a href=\"https:\/\/passerelle2.ac-nantes.fr\/jjauresreze\/wp-content\/uploads\/sites\/507\/2016\/05\/1950-03-01_academie1.jpg\"><img loading=\"lazy\" decoding=\"async\" class=\"alignnone size-thumbnail wp-image-500\" src=\"https:\/\/passerelle2.ac-nantes.fr\/jjauresreze\/wp-content\/uploads\/sites\/507\/2016\/05\/1950-03-01_academie1-150x150.jpg\" alt=\"\" width=\"150\" height=\"150\"><\/a> <a href=\"https:\/\/passerelle2.ac-nantes.fr\/jjauresreze\/wp-content\/uploads\/sites\/507\/2016\/05\/1950_plan_vue_perspective.jpg\"><img loading=\"lazy\" decoding=\"async\" class=\"alignnone size-thumbnail wp-image-499\" src=\"https:\/\/passerelle2.ac-nantes.fr\/jjauresreze\/wp-content\/uploads\/sites\/507\/2016\/05\/1950_plan_vue_perspective-150x150.jpg\" alt=\"\" width=\"150\" height=\"150\"><\/a> <a href=\"https:\/\/passerelle2.ac-nantes.fr\/jjauresreze\/wp-content\/uploads\/sites\/507\/2016\/05\/1950-08-01_plan_coupe1.jpg\"><img loading=\"lazy\" decoding=\"async\" class=\"alignnone size-thumbnail wp-image-501\" src=\"https:\/\/passerelle2.ac-nantes.fr\/jjauresreze\/wp-content\/uploads\/sites\/507\/2016\/05\/1950-08-01_plan_coupe1-150x150.jpg\" alt=\"\" width=\"150\" height=\"150\"><\/a><\/p>\n<p style=\"text-align: center;\">\u00a9 Archives municipales de Rez\u00e9<\/p>\n<p style=\"text-align: justify;\">&nbsp;<\/p>\n<p style=\"text-align: justify;\">&nbsp;<\/p>\n<h3 style=\"text-align: justify;\">1968 L&rsquo;\u00e9cole devient mixte<\/h3>\n<p style=\"text-align: justify;\">Avant 1968, l&rsquo;\u00e9cole publique de Trentemoult accueillait d\u00e9j\u00e0 des filles et des gar\u00e7ons, m\u00eame si officiellement c\u2019\u00e9tait un \u00e9tablissement r\u00e9serv\u00e9 aux filles, c\u2019est en 1968 que la mixit\u00e9 devient officielle par la d\u00e9cision du conseil municipal (du 20 avril 1968).<\/p>\n<p style=\"text-align: justify;\">&nbsp;<\/p>\n<p style=\"text-align: justify;\">&nbsp;<\/p>\n<h3 style=\"text-align: justify;\">1975 Reconstruction de l&rsquo;\u00e9cole publique de Trentemoult<\/h3>\n<p style=\"text-align: center;\"><a href=\"https:\/\/passerelle2.ac-nantes.fr\/jjauresreze\/wp-content\/uploads\/sites\/507\/2016\/05\/1975-80_maternelle_jean_jaures_011.jpg\"><img loading=\"lazy\" decoding=\"async\" class=\"alignnone size-thumbnail wp-image-502\" src=\"https:\/\/passerelle2.ac-nantes.fr\/jjauresreze\/wp-content\/uploads\/sites\/507\/2016\/05\/1975-80_maternelle_jean_jaures_011-150x150.jpg\" alt=\"\" width=\"150\" height=\"150\"><\/a> <a href=\"https:\/\/passerelle2.ac-nantes.fr\/jjauresreze\/wp-content\/uploads\/sites\/507\/2016\/05\/1975-80_maternelle_jean_jaures_021.jpg\"><img loading=\"lazy\" decoding=\"async\" class=\"alignnone size-thumbnail wp-image-503\" src=\"https:\/\/passerelle2.ac-nantes.fr\/jjauresreze\/wp-content\/uploads\/sites\/507\/2016\/05\/1975-80_maternelle_jean_jaures_021-150x150.jpg\" alt=\"\" width=\"150\" height=\"150\"><\/a><\/p>\n<p style=\"text-align: center;\">\u00a9 Archives municipales de Rez\u00e9<\/p>\n<p style=\"text-align: justify;\">&nbsp;<\/p>\n<p style=\"text-align: justify;\">&nbsp;<\/p>\n<h3 style=\"text-align: justify;\">1992 Ouverture de la classe de CE2 et du restaurant scolaire<\/h3>\n<p style=\"text-align: justify;\">Jusqu&rsquo;alors, apr\u00e8s le CE1, les \u00e9l\u00e8ves \u00e9taient accueillis \u00e0 l&rsquo;\u00e9cole Rez\u00e9 centre. En 1992, l&rsquo;\u00e9cole publique de trentemoult gagne une classe de CE2 et la mise en place d&rsquo;un service de restauration scolaire.<\/p>\n<p style=\"text-align: justify;\">&nbsp;<\/p>\n<p style=\"text-align: justify;\">&nbsp;<\/p>\n<h3 style=\"text-align: justify;\">1993 ouverture de la classe de CM1<\/h3>\n<p style=\"text-align: justify;\">L&rsquo;\u00e9cole publique de Trentemoult gagne une classe de CM1.<\/p>\n<p style=\"text-align: justify;\">&nbsp;<\/p>\n<p style=\"text-align: justify;\">&nbsp;<\/p>\n<h3 style=\"text-align: justify;\">1994 ouverture de la classe de CM2<\/h3>\n<p style=\"text-align: justify;\">A la rentr\u00e9e scolaire de septembre 1994, le groupe scolaire de l&rsquo;\u00e9cole publique de Trentemoult est au complet gr\u00e2ce \u00e0 la cr\u00e9ation d&rsquo;une classe de CM2.<\/p>\n<p style=\"text-align: justify;\">&nbsp;<\/p>\n<p style=\"text-align: justify;\">&nbsp;<\/p>\n<h3 style=\"text-align: justify;\">1995 Extension des b\u00e2timents de l&rsquo;\u00e9cole<\/h3>\n<p style=\"text-align: justify;\">Les travaux d&rsquo;extension de l&rsquo;\u00e9cole publique de Trentemoult ont les honneurs de la presse locale.<\/p>\n<p style=\"text-align: center;\"><a href=\"https:\/\/passerelle2.ac-nantes.fr\/jjauresreze\/wp-content\/uploads\/sites\/507\/2016\/05\/19951.jpg\"><img loading=\"lazy\" decoding=\"async\" class=\"alignnone size-thumbnail wp-image-504\" src=\"https:\/\/passerelle2.ac-nantes.fr\/jjauresreze\/wp-content\/uploads\/sites\/507\/2016\/05\/19951-150x150.jpg\" alt=\"\" width=\"150\" height=\"150\"><\/a> <a href=\"https:\/\/passerelle2.ac-nantes.fr\/jjauresreze\/wp-content\/uploads\/sites\/507\/2016\/05\/1995-02-091.jpg\"><img loading=\"lazy\" decoding=\"async\" class=\"alignnone size-thumbnail wp-image-505\" src=\"https:\/\/passerelle2.ac-nantes.fr\/jjauresreze\/wp-content\/uploads\/sites\/507\/2016\/05\/1995-02-091-150x150.jpg\" alt=\"\" width=\"150\" height=\"150\"><\/a><\/p>\n<p style=\"text-align: justify;\">&nbsp;<\/p>\n<p style=\"text-align: justify;\">&nbsp;<\/p>\n<h3 style=\"text-align: justify;\">2003 Reconstruction du b\u00e2timent \u00e9l\u00e9mentaire<\/h3>\n<p style=\"text-align: justify;\">Reconstruction compl\u00e8te du b\u00e2timent \u00e9l\u00e9mentaire (5 classes), r\u00e9am\u00e9nagement du restaurant scolaire, cr\u00e9ation d&rsquo;un accueil p\u00e9riscolaire, construction de locaux administratifs, techniques et d&rsquo;un pr\u00e9au, ajout d&rsquo;un ascenseur.<\/p>\n<p style=\"text-align: center;\"><a href=\"https:\/\/passerelle2.ac-nantes.fr\/jjauresreze\/wp-content\/uploads\/sites\/507\/2016\/05\/entree_elementaire1.jpg\"><img loading=\"lazy\" decoding=\"async\" class=\"alignnone size-thumbnail wp-image-604\" src=\"https:\/\/passerelle2.ac-nantes.fr\/jjauresreze\/wp-content\/uploads\/sites\/507\/2016\/05\/entree_elementaire1-150x150.jpg\" alt=\"\" width=\"150\" height=\"150\"><\/a> <a href=\"https:\/\/passerelle2.ac-nantes.fr\/jjauresreze\/wp-content\/uploads\/sites\/507\/2016\/05\/rue_paul_ploquin_031.jpg\"><img loading=\"lazy\" decoding=\"async\" class=\"alignnone size-thumbnail wp-image-606\" src=\"https:\/\/passerelle2.ac-nantes.fr\/jjauresreze\/wp-content\/uploads\/sites\/507\/2016\/05\/rue_paul_ploquin_031-150x150.jpg\" alt=\"\" width=\"150\" height=\"150\"><\/a><\/p>\n<p style=\"text-align: justify;\">&nbsp;<\/p>\n<p style=\"text-align: justify;\">&nbsp;<\/p>\n<h3 style=\"text-align: justify;\">2007-2008 Reconstruction du b\u00e2timent maternelle<\/h3>\n<p style=\"text-align: justify;\">Reconstruction compl\u00e8te du b\u00e2timent maternelle (4 classes), ajout d&rsquo;un \u00e9tage suppl\u00e9mentaire pour l&rsquo;int\u00e9gration de nouveaux locaux (salle multi-activit\u00e9s, salle informatique, biblioth\u00e8que).<\/p>\n<p style=\"text-align: center;\"><a href=\"https:\/\/passerelle2.ac-nantes.fr\/jjauresreze\/wp-content\/uploads\/sites\/507\/2016\/05\/2007-03_renovation_batiment_maternelle_01.jpg\"><img loading=\"lazy\" decoding=\"async\" class=\"alignnone size-thumbnail wp-image-728\" src=\"https:\/\/passerelle2.ac-nantes.fr\/jjauresreze\/wp-content\/uploads\/sites\/507\/2016\/05\/2007-03_renovation_batiment_maternelle_01-150x150.jpg\" alt=\"\" width=\"150\" height=\"150\"><\/a> <a href=\"https:\/\/passerelle2.ac-nantes.fr\/jjauresreze\/wp-content\/uploads\/sites\/507\/2016\/05\/2007-03_renovation_batiment_maternelle_02.jpg\"><img loading=\"lazy\" decoding=\"async\" class=\"alignnone size-thumbnail wp-image-729\" src=\"https:\/\/passerelle2.ac-nantes.fr\/jjauresreze\/wp-content\/uploads\/sites\/507\/2016\/05\/2007-03_renovation_batiment_maternelle_02-150x150.jpg\" alt=\"\" width=\"150\" height=\"150\"><\/a> <a href=\"https:\/\/passerelle2.ac-nantes.fr\/jjauresreze\/wp-content\/uploads\/sites\/507\/2016\/05\/2007-03_renovation_batiment_maternelle_03.jpg\"><img loading=\"lazy\" decoding=\"async\" class=\"alignnone size-thumbnail wp-image-730\" src=\"https:\/\/passerelle2.ac-nantes.fr\/jjauresreze\/wp-content\/uploads\/sites\/507\/2016\/05\/2007-03_renovation_batiment_maternelle_03-150x150.jpg\" alt=\"\" width=\"150\" height=\"150\"><\/a> <a href=\"https:\/\/passerelle2.ac-nantes.fr\/jjauresreze\/wp-content\/uploads\/sites\/507\/2016\/05\/2007-03_renovation_batiment_maternelle_04.jpg\"><img loading=\"lazy\" decoding=\"async\" class=\"alignnone size-thumbnail wp-image-731\" src=\"https:\/\/passerelle2.ac-nantes.fr\/jjauresreze\/wp-content\/uploads\/sites\/507\/2016\/05\/2007-03_renovation_batiment_maternelle_04-150x150.jpg\" alt=\"\" width=\"150\" height=\"150\"><\/a> <a href=\"https:\/\/passerelle2.ac-nantes.fr\/jjauresreze\/wp-content\/uploads\/sites\/507\/2016\/05\/2007-03_renovation_batiment_maternelle_05.jpg\"><img loading=\"lazy\" decoding=\"async\" class=\"alignnone size-thumbnail wp-image-732\" src=\"https:\/\/passerelle2.ac-nantes.fr\/jjauresreze\/wp-content\/uploads\/sites\/507\/2016\/05\/2007-03_renovation_batiment_maternelle_05-150x150.jpg\" alt=\"\" width=\"150\" height=\"150\"><\/a> <a href=\"https:\/\/passerelle2.ac-nantes.fr\/jjauresreze\/wp-content\/uploads\/sites\/507\/2016\/05\/2007-03_renovation_batiment_maternelle_06.jpg\"><img loading=\"lazy\" decoding=\"async\" class=\"alignnone size-thumbnail wp-image-733\" src=\"https:\/\/passerelle2.ac-nantes.fr\/jjauresreze\/wp-content\/uploads\/sites\/507\/2016\/05\/2007-03_renovation_batiment_maternelle_06-150x150.jpg\" alt=\"\" width=\"150\" height=\"150\"><\/a><a href=\"https:\/\/passerelle2.ac-nantes.fr\/jjauresreze\/wp-content\/uploads\/sites\/507\/2016\/05\/rue_paul_ploquin_021.jpg\"> <img loading=\"lazy\" decoding=\"async\" class=\"alignnone size-thumbnail wp-image-605\" src=\"https:\/\/passerelle2.ac-nantes.fr\/jjauresreze\/wp-content\/uploads\/sites\/507\/2016\/05\/rue_paul_ploquin_021-150x150.jpg\" alt=\"\" width=\"150\" height=\"150\"><\/a> <a href=\"https:\/\/passerelle2.ac-nantes.fr\/jjauresreze\/wp-content\/uploads\/sites\/507\/2016\/05\/2008-02-23-241.jpg\"><img loading=\"lazy\" decoding=\"async\" class=\"alignnone size-thumbnail wp-image-506\" src=\"https:\/\/passerelle2.ac-nantes.fr\/jjauresreze\/wp-content\/uploads\/sites\/507\/2016\/05\/2008-02-23-241-150x150.jpg\" alt=\"\" width=\"150\" height=\"150\"><\/a><\/p>\n<p style=\"text-align: justify;\">&nbsp;<\/p>\n<p style=\"text-align: justify;\">&nbsp;<\/p>\n<h3 style=\"text-align: justify;\">Aujourd&rsquo;hui<\/h3>\n<p style=\"text-align: justify;\">L&rsquo;\u00e9cole primaire publique Jean Jaur\u00e8s accueille les enfants du quartier de Trentemoult dans des b\u00e2timents fonctionnels et color\u00e9s (<a title=\"Pr\u00e9sentation de l\u2019\u00e9cole\" href=\"https:\/\/passerelle2.ac-nantes.fr\/jjauresreze\/notre-ecole\/presentation-de-lecole\/\">cf. article Pr\u00e9sentation de l&rsquo;\u00e9cole<\/a>).<\/p>\n<p style=\"text-align: justify;\">&nbsp;<\/p>\n<p style=\"text-align: justify;\">&nbsp;<\/p>\n<h3 style=\"text-align: justify;\">Et demain ?<\/h3>\n<p style=\"text-align: justify;\">L&rsquo;histoire reste \u00e0 \u00e9crire&#8230;<\/p>\n<p style=\"text-align: justify;\">&nbsp;<\/p>\n<p style=\"text-align: justify;\">&nbsp;<\/p>\n","protected":false},"excerpt":{"rendered":"<p>Cette page pr\u00e9sente un historique partiel de l&rsquo;\u00e9cole primaire publique Jean Jaur\u00e8s (Rez\u00e9). Les informations propos\u00e9es ont \u00e9t\u00e9 recueillies aupr\u00e8s du service municipal des archives de Rez\u00e9, des enseignants de l&rsquo;\u00e9cole et des habitants du quartier. Si vous avez des informations compl\u00e9mentaires \u00e0 nous apporter ou des documents \u00e0 publier, merci de contacter l&rsquo;\u00e9quipe enseignante. &hellip; <\/p>\n<p><a class=\"more-link btn\" href=\"https:\/\/passerelle2.ac-nantes.fr\/jjauresreze\/temps-scolaires\/historique-de-lecole\/\">Lire la suite<\/a><\/p>\n","protected":false},"author":7113,"featured_media":0,"parent":23,"menu_order":0,"comment_status":"closed","ping_status":"open","template":"","meta":{"ngg_post_thumbnail":0,"h5ap_radio_sources":[],"jetpack_post_was_ever_published":false,"footnotes":""},"folder":[],"class_list":["post-45","page","type-page","status-publish","hentry","nodate","item-wrap"],"jetpack_sharing_enabled":true,"jetpack_shortlink":"https:\/\/wp.me\/P8Njot-J","_links":{"self":[{"href":"https:\/\/passerelle2.ac-nantes.fr\/jjauresreze\/wp-json\/wp\/v2\/pages\/45","targetHints":{"allow":["GET"]}}],"collection":[{"href":"https:\/\/passerelle2.ac-nantes.fr\/jjauresreze\/wp-json\/wp\/v2\/pages"}],"about":[{"href":"https:\/\/passerelle2.ac-nantes.fr\/jjauresreze\/wp-json\/wp\/v2\/types\/page"}],"author":[{"embeddable":true,"href":"https:\/\/passerelle2.ac-nantes.fr\/jjauresreze\/wp-json\/wp\/v2\/users\/7113"}],"replies":[{"embeddable":true,"href":"https:\/\/passerelle2.ac-nantes.fr\/jjauresreze\/wp-json\/wp\/v2\/comments?post=45"}],"version-history":[{"count":0,"href":"https:\/\/passerelle2.ac-nantes.fr\/jjauresreze\/wp-json\/wp\/v2\/pages\/45\/revisions"}],"up":[{"embeddable":true,"href":"https:\/\/passerelle2.ac-nantes.fr\/jjauresreze\/wp-json\/wp\/v2\/pages\/23"}],"wp:attachment":[{"href":"https:\/\/passerelle2.ac-nantes.fr\/jjauresreze\/wp-json\/wp\/v2\/media?parent=45"}],"wp:term":[{"taxonomy":"folder","embeddable":true,"href":"https:\/\/passerelle2.ac-nantes.fr\/jjauresreze\/wp-json\/wp\/v2\/folder?post=45"}],"curies":[{"name":"wp","href":"https:\/\/api.w.org\/{rel}","templated":true}]}}