
{"id":47,"date":"2016-05-09T18:12:40","date_gmt":"2016-05-09T18:12:40","guid":{"rendered":"https:\/\/passerelle2.ac-nantes.fr\/jjauresreze\/?page_id=47"},"modified":"2026-01-30T19:14:07","modified_gmt":"2026-01-30T18:14:07","slug":"association-fcpe","status":"publish","type":"page","link":"https:\/\/passerelle2.ac-nantes.fr\/jjauresreze\/parents-deleves\/association-fcpe\/","title":{"rendered":"Association FCPE"},"content":{"rendered":"<p>Jusqu&rsquo;en juin 2018 (date d&rsquo;arr\u00eat des activit\u00e9s), l&rsquo;association FCPE des parents d&rsquo;\u00e9l\u00e8ves de l&rsquo;\u00e9cole Jean Jaur\u00e8s a regroup\u00e9 des parents b\u00e9n\u00e9voles souhaitant prendre une place dans la vie de l\u2019\u00e9cole :<\/p>\n<ul style=\"text-align: justify;\">\n<li>en r\u00e9fl\u00e9chissant collectivement et en partenariat avec l&rsquo;\u00e9quipe enseignante, le personnel de la Mairie et les \u00e9lus de la commune au fonctionnement et au devenir de l&rsquo;\u00e9cole ;<\/li>\n<li>en menant des actions dans l\u2019\u00e9cole, avec les \u00e9quipes \u00e9ducatives et les parents.<\/li>\n<\/ul>\n<p style=\"text-align: justify;\">&nbsp;<\/p>\n<h4 style=\"text-align: justify;\">Les missions de l&rsquo;association<\/h4>\n<p style=\"text-align: justify;\">Repr\u00e9senter et faire entendre le point de vue des parents au conseil d\u2019\u00e9cole, \u00e0 la caisse des \u00e9coles, \u00e0 l\u2019interconseil FCPE de Rez\u00e9 (qui r\u00e9unit toutes les associations FCPE de la commune), aupr\u00e8s de la Mairie de Rez\u00e9, \u00e0 la maison de quartier de Trentemoult et par une relation permanente avec l\u2019\u00e9quipe des professeurs, des ATSEM et l\u2019\u00e9quipe de l\u2019accueil p\u00e9riscolaire.<\/p>\n<p style=\"text-align: justify;\">Informer, recueillir l\u2019avis des familles, d\u00e9velopper la convivialit\u00e9, servir de m\u00e9diateurs : les parents de la FCPE sont disponibles et les r\u00e9unions de l\u2019association ouvertes \u00e0 tous. Un travail de veille sur l\u2019\u00e9ducation est r\u00e9alis\u00e9 et des informations sur l\u2019\u00e9ducation en g\u00e9n\u00e9ral et sur l\u2019\u00e9cole Jean Jaur\u00e8s sont diffus\u00e9es sur le site internet de l&rsquo;association.<\/p>\n<p style=\"text-align: justify;\">Agir pour am\u00e9liorer la qualit\u00e9 de vie des enfants \u00e0 l\u2019\u00e9cole : suivre la mise en oeuvre de la r\u00e9forme sur les rythmes scolaires (semaine de 4 jours et demi) et plus largement la refondation de l&rsquo;\u00e9cole ; \u00eatre vigilant sur l\u2019\u00e9tat des locaux et la s\u00e9curit\u00e9, les conditions d\u2019accueil en p\u00e9riscolaire, l\u2019alimentation.<\/p>\n<p>&nbsp;<\/p>\n<p style=\"text-align: center;\"><img loading=\"lazy\" decoding=\"async\" class=\"aligncenter size-medium wp-image-364\" style=\"border: 0px none;\" src=\"https:\/\/passerelle2.ac-nantes.fr\/jjauresreze\/wp-content\/uploads\/sites\/507\/2016\/05\/logo_fcpe-jjaures_reduit-300x289.jpg\" alt=\"\" width=\"300\" height=\"289\" srcset=\"https:\/\/passerelle2.ac-nantes.fr\/jjauresreze\/wp-content\/uploads\/sites\/507\/2016\/05\/logo_fcpe-jjaures_reduit-300x289.jpg 300w, https:\/\/passerelle2.ac-nantes.fr\/jjauresreze\/wp-content\/uploads\/sites\/507\/2016\/05\/logo_fcpe-jjaures_reduit.jpg 600w\" sizes=\"auto, (max-width: 300px) 100vw, 300px\" \/><\/p>\n<p>&nbsp;<\/p>\n","protected":false},"excerpt":{"rendered":"<p>Jusqu&rsquo;en juin 2018 (date d&rsquo;arr\u00eat des activit\u00e9s), l&rsquo;association FCPE des parents d&rsquo;\u00e9l\u00e8ves de l&rsquo;\u00e9cole Jean Jaur\u00e8s a regroup\u00e9 des parents b\u00e9n\u00e9voles souhaitant prendre une place dans la vie de l\u2019\u00e9cole : en r\u00e9fl\u00e9chissant collectivement et en partenariat avec l&rsquo;\u00e9quipe enseignante, le personnel de la Mairie et les \u00e9lus de la commune au fonctionnement et au &hellip; <\/p>\n<p><a class=\"more-link btn\" href=\"https:\/\/passerelle2.ac-nantes.fr\/jjauresreze\/parents-deleves\/association-fcpe\/\">Lire la suite<\/a><\/p>\n","protected":false},"author":7113,"featured_media":0,"parent":25,"menu_order":0,"comment_status":"closed","ping_status":"open","template":"","meta":{"ngg_post_thumbnail":0,"h5ap_radio_sources":[],"jetpack_post_was_ever_published":false,"footnotes":""},"folder":[],"class_list":["post-47","page","type-page","status-publish","hentry","nodate","item-wrap"],"jetpack_sharing_enabled":true,"jetpack_shortlink":"https:\/\/wp.me\/P8Njot-L","_links":{"self":[{"href":"https:\/\/passerelle2.ac-nantes.fr\/jjauresreze\/wp-json\/wp\/v2\/pages\/47","targetHints":{"allow":["GET"]}}],"collection":[{"href":"https:\/\/passerelle2.ac-nantes.fr\/jjauresreze\/wp-json\/wp\/v2\/pages"}],"about":[{"href":"https:\/\/passerelle2.ac-nantes.fr\/jjauresreze\/wp-json\/wp\/v2\/types\/page"}],"author":[{"embeddable":true,"href":"https:\/\/passerelle2.ac-nantes.fr\/jjauresreze\/wp-json\/wp\/v2\/users\/7113"}],"replies":[{"embeddable":true,"href":"https:\/\/passerelle2.ac-nantes.fr\/jjauresreze\/wp-json\/wp\/v2\/comments?post=47"}],"version-history":[{"count":0,"href":"https:\/\/passerelle2.ac-nantes.fr\/jjauresreze\/wp-json\/wp\/v2\/pages\/47\/revisions"}],"up":[{"embeddable":true,"href":"https:\/\/passerelle2.ac-nantes.fr\/jjauresreze\/wp-json\/wp\/v2\/pages\/25"}],"wp:attachment":[{"href":"https:\/\/passerelle2.ac-nantes.fr\/jjauresreze\/wp-json\/wp\/v2\/media?parent=47"}],"wp:term":[{"taxonomy":"folder","embeddable":true,"href":"https:\/\/passerelle2.ac-nantes.fr\/jjauresreze\/wp-json\/wp\/v2\/folder?post=47"}],"curies":[{"name":"wp","href":"https:\/\/api.w.org\/{rel}","templated":true}]}}