
{"id":49,"date":"2016-05-09T18:12:56","date_gmt":"2016-05-09T18:12:56","guid":{"rendered":"https:\/\/passerelle2.ac-nantes.fr\/jjauresreze\/?page_id=49"},"modified":"2026-01-30T19:08:17","modified_gmt":"2026-01-30T18:08:17","slug":"association-collectif","status":"publish","type":"page","link":"https:\/\/passerelle2.ac-nantes.fr\/jjauresreze\/parents-deleves\/association-collectif\/","title":{"rendered":"Association Collectif"},"content":{"rendered":"<p style=\"text-align: justify;\">L&rsquo;association Collectif des parents d&rsquo;\u00e9l\u00e8ves de l&rsquo;\u00e9cole Jean Jaur\u00e8s est une association libre, sans rattachement \u00e0 une f\u00e9d\u00e9ration.<\/p>\n<p style=\"text-align: justify;\">&nbsp;<\/p>\n<h4 style=\"text-align: justify;\">Les missions de l&rsquo;association<\/h4>\n<p style=\"text-align: justify;\">L&rsquo;association Collectif participe \u00e0 la vie de l&rsquo;\u00e9cole en repr\u00e9sentant les parents d&rsquo;\u00e9l\u00e8ves aupr\u00e8s de l&rsquo;\u00e9quipe \u00e9ducative et de la municipalit\u00e9.<\/p>\n<p style=\"text-align: justify;\">Les sujets de vigilance sont vari\u00e9s : conditions d\u2019accueil en p\u00e9riscolaire, restauration du midi, \u00e9tat des locaux et s\u00e9curit\u00e9 des enfants, etc.<\/p>\n<p style=\"text-align: justify;\">Le collectif est ouvert \u00e0 toute proposition ou projet que vous souhaitez mettre en place pour l&rsquo;\u00e9cole et les enfants.<\/p>\n<p style=\"text-align: justify;\">&nbsp;<\/p>\n<h4 style=\"text-align: justify;\">Contact et renseignements<\/h4>\n<ul>\n<li>Groupe Facebook \u00ab\u00a0Le Collectif de l&rsquo;\u00e9cole Jean Jaur\u00e8s Rez\u00e9\u00a0\u00bb<\/li>\n<li>Courriel : <a href=\"mailto:collectif.ecole.jeanjaures@gmail.com\">collectif.ecole.jeanjaures@gmail.com<\/a><\/li>\n<\/ul>\n<p>&nbsp;<\/p>\n<p style=\"text-align: center;\"><img loading=\"lazy\" decoding=\"async\" class=\"aligncenter size-medium wp-image-366\" style=\"border: 0px none;\" src=\"https:\/\/passerelle2.ac-nantes.fr\/jjauresreze\/wp-content\/uploads\/sites\/507\/2016\/05\/logo_collectif-jjaures_reduit-300x100.jpg\" alt=\"\" width=\"300\" height=\"100\" srcset=\"https:\/\/passerelle2.ac-nantes.fr\/jjauresreze\/wp-content\/uploads\/sites\/507\/2016\/05\/logo_collectif-jjaures_reduit-300x100.jpg 300w, https:\/\/passerelle2.ac-nantes.fr\/jjauresreze\/wp-content\/uploads\/sites\/507\/2016\/05\/logo_collectif-jjaures_reduit.jpg 600w\" sizes=\"auto, (max-width: 300px) 100vw, 300px\" \/><\/p>\n<p>&nbsp;<\/p>\n","protected":false},"excerpt":{"rendered":"<p>L&rsquo;association Collectif des parents d&rsquo;\u00e9l\u00e8ves de l&rsquo;\u00e9cole Jean Jaur\u00e8s est une association libre, sans rattachement \u00e0 une f\u00e9d\u00e9ration. &nbsp; Les missions de l&rsquo;association L&rsquo;association Collectif participe \u00e0 la vie de l&rsquo;\u00e9cole en repr\u00e9sentant les parents d&rsquo;\u00e9l\u00e8ves aupr\u00e8s de l&rsquo;\u00e9quipe \u00e9ducative et de la municipalit\u00e9. Les sujets de vigilance sont vari\u00e9s : conditions d\u2019accueil en p\u00e9riscolaire, &hellip; <\/p>\n<p><a class=\"more-link btn\" href=\"https:\/\/passerelle2.ac-nantes.fr\/jjauresreze\/parents-deleves\/association-collectif\/\">Lire la suite<\/a><\/p>\n","protected":false},"author":7113,"featured_media":0,"parent":25,"menu_order":0,"comment_status":"closed","ping_status":"open","template":"","meta":{"ngg_post_thumbnail":0,"h5ap_radio_sources":[],"jetpack_post_was_ever_published":false,"footnotes":""},"folder":[],"class_list":["post-49","page","type-page","status-publish","hentry","nodate","item-wrap"],"jetpack_sharing_enabled":true,"jetpack_shortlink":"https:\/\/wp.me\/P8Njot-N","_links":{"self":[{"href":"https:\/\/passerelle2.ac-nantes.fr\/jjauresreze\/wp-json\/wp\/v2\/pages\/49","targetHints":{"allow":["GET"]}}],"collection":[{"href":"https:\/\/passerelle2.ac-nantes.fr\/jjauresreze\/wp-json\/wp\/v2\/pages"}],"about":[{"href":"https:\/\/passerelle2.ac-nantes.fr\/jjauresreze\/wp-json\/wp\/v2\/types\/page"}],"author":[{"embeddable":true,"href":"https:\/\/passerelle2.ac-nantes.fr\/jjauresreze\/wp-json\/wp\/v2\/users\/7113"}],"replies":[{"embeddable":true,"href":"https:\/\/passerelle2.ac-nantes.fr\/jjauresreze\/wp-json\/wp\/v2\/comments?post=49"}],"version-history":[{"count":0,"href":"https:\/\/passerelle2.ac-nantes.fr\/jjauresreze\/wp-json\/wp\/v2\/pages\/49\/revisions"}],"up":[{"embeddable":true,"href":"https:\/\/passerelle2.ac-nantes.fr\/jjauresreze\/wp-json\/wp\/v2\/pages\/25"}],"wp:attachment":[{"href":"https:\/\/passerelle2.ac-nantes.fr\/jjauresreze\/wp-json\/wp\/v2\/media?parent=49"}],"wp:term":[{"taxonomy":"folder","embeddable":true,"href":"https:\/\/passerelle2.ac-nantes.fr\/jjauresreze\/wp-json\/wp\/v2\/folder?post=49"}],"curies":[{"name":"wp","href":"https:\/\/api.w.org\/{rel}","templated":true}]}}