
{"id":8,"date":"2016-05-09T17:28:47","date_gmt":"2016-05-09T17:28:47","guid":{"rendered":"https:\/\/passerelle2.ac-nantes.fr\/jjauresreze\/?page_id=8"},"modified":"2021-10-08T18:45:16","modified_gmt":"2021-10-08T16:45:16","slug":"accueil","status":"publish","type":"page","link":"https:\/\/passerelle2.ac-nantes.fr\/jjauresreze\/","title":{"rendered":"Accueil"},"content":{"rendered":"<p style=\"text-align: justify;\">Bienvenue sur le site Internet de l\u2019<span style=\"color: #000000;\"><strong>\u00e9cole primaire publique Jean Jaur\u00e8s<\/strong><\/span> (44400 Rez\u00e9). Cet espace est destin\u00e9 \u00e0 faciliter l&rsquo;acc\u00e8s \u00e0 diverses informations, tout en pr\u00e9servant la place de l\u2019\u00e9cole comme r\u00e9el lieu de relations et d\u2019\u00e9changes.<\/p>\n<p style=\"text-align: center;\"><a href=\"https:\/\/passerelle2.ac-nantes.fr\/jjauresreze\/notre-ecole\/presentation-de-lecole\/\"><img loading=\"lazy\" decoding=\"async\" class=\"aligncenter size-full wp-image-804\" style=\"border: 0px none;\" src=\"https:\/\/passerelle2.ac-nantes.fr\/jjauresreze\/wp-content\/uploads\/sites\/507\/2016\/05\/facade02.jpg\" alt=\"\" width=\"1024\" height=\"333\" srcset=\"https:\/\/passerelle2.ac-nantes.fr\/jjauresreze\/wp-content\/uploads\/sites\/507\/2016\/05\/facade02.jpg 1024w, https:\/\/passerelle2.ac-nantes.fr\/jjauresreze\/wp-content\/uploads\/sites\/507\/2016\/05\/facade02-300x97.jpg 300w\" sizes=\"auto, (max-width: 1024px) 100vw, 1024px\" \/><\/a><\/p>\n<p>&nbsp;<\/p>\n<p>&nbsp;<\/p>\n","protected":false},"excerpt":{"rendered":"<p>Bienvenue sur le site Internet de l\u2019\u00e9cole primaire publique Jean Jaur\u00e8s (44400 Rez\u00e9). Cet espace est destin\u00e9 \u00e0 faciliter l&rsquo;acc\u00e8s \u00e0 diverses informations, tout en pr\u00e9servant la place de l\u2019\u00e9cole comme r\u00e9el lieu de relations et d\u2019\u00e9changes. &nbsp; &nbsp;<\/p>\n","protected":false},"author":7113,"featured_media":0,"parent":0,"menu_order":0,"comment_status":"closed","ping_status":"open","template":"","meta":{"ngg_post_thumbnail":0,"h5ap_radio_sources":[],"jetpack_post_was_ever_published":false,"footnotes":""},"folder":[],"class_list":["post-8","page","type-page","status-publish","hentry","nodate","item-wrap"],"jetpack_sharing_enabled":true,"jetpack_shortlink":"https:\/\/wp.me\/P8Njot-8","_links":{"self":[{"href":"https:\/\/passerelle2.ac-nantes.fr\/jjauresreze\/wp-json\/wp\/v2\/pages\/8","targetHints":{"allow":["GET"]}}],"collection":[{"href":"https:\/\/passerelle2.ac-nantes.fr\/jjauresreze\/wp-json\/wp\/v2\/pages"}],"about":[{"href":"https:\/\/passerelle2.ac-nantes.fr\/jjauresreze\/wp-json\/wp\/v2\/types\/page"}],"author":[{"embeddable":true,"href":"https:\/\/passerelle2.ac-nantes.fr\/jjauresreze\/wp-json\/wp\/v2\/users\/7113"}],"replies":[{"embeddable":true,"href":"https:\/\/passerelle2.ac-nantes.fr\/jjauresreze\/wp-json\/wp\/v2\/comments?post=8"}],"version-history":[{"count":0,"href":"https:\/\/passerelle2.ac-nantes.fr\/jjauresreze\/wp-json\/wp\/v2\/pages\/8\/revisions"}],"wp:attachment":[{"href":"https:\/\/passerelle2.ac-nantes.fr\/jjauresreze\/wp-json\/wp\/v2\/media?parent=8"}],"wp:term":[{"taxonomy":"folder","embeddable":true,"href":"https:\/\/passerelle2.ac-nantes.fr\/jjauresreze\/wp-json\/wp\/v2\/folder?post=8"}],"curies":[{"name":"wp","href":"https:\/\/api.w.org\/{rel}","templated":true}]}}