
{"id":971,"date":"2016-07-17T10:33:16","date_gmt":"2016-07-17T10:33:16","guid":{"rendered":"https:\/\/passerelle2.ac-nantes.fr\/jjauresreze\/?page_id=971"},"modified":"2020-10-31T13:52:45","modified_gmt":"2020-10-31T12:52:45","slug":"parents-elus-au-conseil-decole","status":"publish","type":"page","link":"https:\/\/passerelle2.ac-nantes.fr\/jjauresreze\/parents-deleves\/parents-elus-au-conseil-decole\/","title":{"rendered":"Parents \u00e9lus au conseil d\u2019\u00e9cole"},"content":{"rendered":"<p style=\"text-align: justify;\">Dans les \u00e9coles maternelles et \u00e9l\u00e9mentaires, les parents d\u2019\u00e9l\u00e8ves \u00e9lisent tous les ans certains d\u2019entre eux pour les repr\u00e9senter dans les instances scolaires.<\/p>\n<p style=\"text-align: justify;\">&nbsp;<\/p>\n<p style=\"text-align: justify;\">Les parents d\u2019\u00e9l\u00e8ves \u00e9lus :<\/p>\n<ul style=\"text-align: justify;\">\n<li>participent au conseil d\u2019\u00e9cole (il y a autant de repr\u00e9sentants de parents d\u2019\u00e9l\u00e8ves au conseil d\u2019\u00e9cole que de classes dans l\u2019\u00e9cole)<\/li>\n<li>peuvent assurer un r\u00f4le de m\u00e9diation, \u00e0 la demande de tout parent d\u2019\u00e9l\u00e8ve, aupr\u00e8s des autres membres de la communaut\u00e9 \u00e9ducative<\/li>\n<\/ul>\n<p>&nbsp;<\/p>\n<p style=\"text-align: center;\"><img loading=\"lazy\" decoding=\"async\" class=\"aligncenter size-medium wp-image-972\" style=\"border: 0px none;\" src=\"https:\/\/passerelle2.ac-nantes.fr\/jjauresreze\/wp-content\/uploads\/sites\/507\/2016\/07\/elections-parents-300x271.jpg\" alt=\"\" width=\"300\" height=\"271\" srcset=\"https:\/\/passerelle2.ac-nantes.fr\/jjauresreze\/wp-content\/uploads\/sites\/507\/2016\/07\/elections-parents-300x271.jpg 300w, https:\/\/passerelle2.ac-nantes.fr\/jjauresreze\/wp-content\/uploads\/sites\/507\/2016\/07\/elections-parents.jpg 311w\" sizes=\"auto, (max-width: 300px) 100vw, 300px\" \/><\/p>\n<p>&nbsp;<\/p>\n<p>&nbsp;<\/p>\n","protected":false},"excerpt":{"rendered":"<p>Dans les \u00e9coles maternelles et \u00e9l\u00e9mentaires, les parents d\u2019\u00e9l\u00e8ves \u00e9lisent tous les ans certains d\u2019entre eux pour les repr\u00e9senter dans les instances scolaires. &nbsp; Les parents d\u2019\u00e9l\u00e8ves \u00e9lus : participent au conseil d\u2019\u00e9cole (il y a autant de repr\u00e9sentants de parents d\u2019\u00e9l\u00e8ves au conseil d\u2019\u00e9cole que de classes dans l\u2019\u00e9cole) peuvent assurer un r\u00f4le de &hellip; <\/p>\n<p><a class=\"more-link btn\" href=\"https:\/\/passerelle2.ac-nantes.fr\/jjauresreze\/parents-deleves\/parents-elus-au-conseil-decole\/\">Lire la suite<\/a><\/p>\n","protected":false},"author":7113,"featured_media":0,"parent":25,"menu_order":0,"comment_status":"closed","ping_status":"open","template":"","meta":{"ngg_post_thumbnail":0,"h5ap_radio_sources":[],"jetpack_post_was_ever_published":false,"footnotes":""},"folder":[],"class_list":["post-971","page","type-page","status-publish","hentry","nodate","item-wrap"],"jetpack_sharing_enabled":true,"jetpack_shortlink":"https:\/\/wp.me\/P8Njot-fF","_links":{"self":[{"href":"https:\/\/passerelle2.ac-nantes.fr\/jjauresreze\/wp-json\/wp\/v2\/pages\/971","targetHints":{"allow":["GET"]}}],"collection":[{"href":"https:\/\/passerelle2.ac-nantes.fr\/jjauresreze\/wp-json\/wp\/v2\/pages"}],"about":[{"href":"https:\/\/passerelle2.ac-nantes.fr\/jjauresreze\/wp-json\/wp\/v2\/types\/page"}],"author":[{"embeddable":true,"href":"https:\/\/passerelle2.ac-nantes.fr\/jjauresreze\/wp-json\/wp\/v2\/users\/7113"}],"replies":[{"embeddable":true,"href":"https:\/\/passerelle2.ac-nantes.fr\/jjauresreze\/wp-json\/wp\/v2\/comments?post=971"}],"version-history":[{"count":0,"href":"https:\/\/passerelle2.ac-nantes.fr\/jjauresreze\/wp-json\/wp\/v2\/pages\/971\/revisions"}],"up":[{"embeddable":true,"href":"https:\/\/passerelle2.ac-nantes.fr\/jjauresreze\/wp-json\/wp\/v2\/pages\/25"}],"wp:attachment":[{"href":"https:\/\/passerelle2.ac-nantes.fr\/jjauresreze\/wp-json\/wp\/v2\/media?parent=971"}],"wp:term":[{"taxonomy":"folder","embeddable":true,"href":"https:\/\/passerelle2.ac-nantes.fr\/jjauresreze\/wp-json\/wp\/v2\/folder?post=971"}],"curies":[{"name":"wp","href":"https:\/\/api.w.org\/{rel}","templated":true}]}}