
{"id":4,"date":"2012-09-26T13:04:28","date_gmt":"2012-09-26T12:04:28","guid":{"rendered":"https:\/\/passerelle2.ac-nantes.fr\/labrulatte-lagravelle\/?page_id=4"},"modified":"2021-04-30T12:51:27","modified_gmt":"2021-04-30T10:51:27","slug":"mentions-legales","status":"publish","type":"page","link":"https:\/\/passerelle2.ac-nantes.fr\/labrulatte-lagravelle\/mentions-legales\/","title":{"rendered":"mentions l\u00e9gales"},"content":{"rendered":"<p><strong>Responsable \u00e9ditorial<\/strong> : Damien Dumousset<\/p>\n<p><strong>H\u00e9bergeur<\/strong>&nbsp;: Rectorat de Nantes.<\/p>\n<p>4 rue de la Houssini\u00e8re<\/p>\n<p>BP 72626 44326 NANTES Cedex 3<\/p>\n<p><strong>Pour nous contacter<\/strong><\/p>\n<p>Conform\u00e9ment \u00e0 l\u2019article 34 de la loi Informatique et Libert\u00e9s du 6 janvier 1978, vous disposez d\u2019un droit d\u2019acc\u00e8s aux informations vous concernant. Vous pouvez \u00e9galement demander la modification ou la suppression de ces informations. Il vous suffit d\u2019\u00e9crire \u00e0 l\u2019adresse suivante, \u00e0 l\u2019attention de :<\/p>\n<p><em>Adeline JAN<\/em><\/p>\n<p><em>rue des \u00e9coles, 53410 &#8211; La Br\u00fblatte<\/em><\/p>\n<p>Pour en savoir plus sur le traitement des donn\u00e9es, veuillez consulter notre&nbsp;<a href=\"https:\/\/passerelle2.ac-nantes.fr\/politique-de-confidentialite\/\">politique de confidentialit\u00e9<\/a>.<\/p>\n","protected":false},"excerpt":{"rendered":"<p>Responsable \u00e9ditorial : Damien Dumousset H\u00e9bergeur&nbsp;: Rectorat de Nantes. 4 rue de la Houssini\u00e8re BP 72626 44326 NANTES Cedex 3 Pour nous contacter Conform\u00e9ment \u00e0 l\u2019article 34 de la loi Informatique et Libert\u00e9s du 6 janvier 1978, vous disposez d\u2019un &hellip; <a href=\"https:\/\/passerelle2.ac-nantes.fr\/labrulatte-lagravelle\/mentions-legales\/\">Continuer la lecture <span class=\"meta-nav\">&rarr;<\/span><\/a><\/p>\n","protected":false},"author":11,"featured_media":0,"parent":0,"menu_order":5,"comment_status":"closed","ping_status":"closed","template":"","meta":{"ngg_post_thumbnail":0,"h5ap_radio_sources":[],"footnotes":""},"folder":[],"class_list":["post-4","page","type-page","status-publish","hentry"],"jetpack_sharing_enabled":true,"jetpack_shortlink":"https:\/\/wp.me\/P8Njox-4","_links":{"self":[{"href":"https:\/\/passerelle2.ac-nantes.fr\/labrulatte-lagravelle\/wp-json\/wp\/v2\/pages\/4","targetHints":{"allow":["GET"]}}],"collection":[{"href":"https:\/\/passerelle2.ac-nantes.fr\/labrulatte-lagravelle\/wp-json\/wp\/v2\/pages"}],"about":[{"href":"https:\/\/passerelle2.ac-nantes.fr\/labrulatte-lagravelle\/wp-json\/wp\/v2\/types\/page"}],"author":[{"embeddable":true,"href":"https:\/\/passerelle2.ac-nantes.fr\/labrulatte-lagravelle\/wp-json\/wp\/v2\/users\/11"}],"replies":[{"embeddable":true,"href":"https:\/\/passerelle2.ac-nantes.fr\/labrulatte-lagravelle\/wp-json\/wp\/v2\/comments?post=4"}],"version-history":[{"count":0,"href":"https:\/\/passerelle2.ac-nantes.fr\/labrulatte-lagravelle\/wp-json\/wp\/v2\/pages\/4\/revisions"}],"wp:attachment":[{"href":"https:\/\/passerelle2.ac-nantes.fr\/labrulatte-lagravelle\/wp-json\/wp\/v2\/media?parent=4"}],"wp:term":[{"taxonomy":"folder","embeddable":true,"href":"https:\/\/passerelle2.ac-nantes.fr\/labrulatte-lagravelle\/wp-json\/wp\/v2\/folder?post=4"}],"curies":[{"name":"wp","href":"https:\/\/api.w.org\/{rel}","templated":true}]}}