
{"id":409,"date":"2012-11-25T10:52:26","date_gmt":"2012-11-25T09:52:26","guid":{"rendered":"https:\/\/passerelle2.ac-nantes.fr\/labrulatte-lagravelle\/?page_id=409"},"modified":"2018-09-09T22:32:27","modified_gmt":"2018-09-09T20:32:27","slug":"agenda","status":"publish","type":"page","link":"https:\/\/passerelle2.ac-nantes.fr\/labrulatte-lagravelle\/agenda\/","title":{"rendered":"Infos pratiques\/agenda"},"content":{"rendered":"<h4>&nbsp;<\/h4>\n<h4>&nbsp;<\/h4>\n<p><a href=\"https:\/\/passerelle2.ac-nantes.fr\/labrulatte-lagravelle\/wp-content\/uploads\/sites\/96\/2012\/11\/coordonnees2.jpg\"><img loading=\"lazy\" decoding=\"async\" class=\"aligncenter size-medium wp-image-10604\" src=\"https:\/\/passerelle2.ac-nantes.fr\/labrulatte-lagravelle\/wp-content\/uploads\/sites\/96\/2012\/11\/coordonnees2-300x88.jpg\" alt=\"\" width=\"215\" height=\"63\"><\/a><\/p>\n<p><a href=\"https:\/\/passerelle2.ac-nantes.fr\/labrulatte-lagravelle\/wp-content\/uploads\/sites\/96\/2012\/11\/coordonnees.jpg\"><img loading=\"lazy\" decoding=\"async\" class=\"aligncenter size-medium wp-image-10607\" src=\"https:\/\/passerelle2.ac-nantes.fr\/labrulatte-lagravelle\/wp-content\/uploads\/sites\/96\/2012\/11\/coordonnees-300x88.jpg\" alt=\"\" width=\"218\" height=\"64\" srcset=\"https:\/\/passerelle2.ac-nantes.fr\/labrulatte-lagravelle\/wp-content\/uploads\/sites\/96\/2012\/11\/coordonnees-300x88.jpg 300w, https:\/\/passerelle2.ac-nantes.fr\/labrulatte-lagravelle\/wp-content\/uploads\/sites\/96\/2012\/11\/coordonnees.jpg 600w\" sizes=\"auto, (max-width: 218px) 100vw, 218px\" \/><\/a><span style=\"color: #008080;\">Ecole maternelle publique&nbsp;&nbsp;&nbsp;&nbsp;&nbsp;&nbsp;&nbsp;&nbsp;&nbsp;&nbsp;&nbsp;&nbsp;&nbsp;&nbsp;&nbsp;&nbsp;&nbsp;&nbsp;&nbsp;&nbsp;&nbsp;&nbsp;&nbsp;&nbsp;&nbsp;&nbsp;&nbsp;&nbsp;&nbsp;&nbsp; &nbsp; &nbsp; &nbsp; &nbsp; &nbsp; &nbsp; &nbsp; &nbsp; &nbsp; &nbsp; &nbsp;&nbsp;&nbsp; Ecole \u00e9l\u00e9mentaire publique<\/span><\/p>\n<p style=\"text-align: left;\"><span style=\"color: #008080;\">Rue des \u00e9coles&nbsp;&nbsp;&nbsp;&nbsp;&nbsp;&nbsp;&nbsp;&nbsp;&nbsp;&nbsp;&nbsp;&nbsp;&nbsp;&nbsp;&nbsp;&nbsp;&nbsp;&nbsp;&nbsp;&nbsp;&nbsp;&nbsp;&nbsp;&nbsp;&nbsp;&nbsp;&nbsp;&nbsp;&nbsp;&nbsp;&nbsp;&nbsp;&nbsp;&nbsp;&nbsp;&nbsp;&nbsp;&nbsp;&nbsp;&nbsp;&nbsp;&nbsp;&nbsp;&nbsp;&nbsp;&nbsp;&nbsp;&nbsp;&nbsp;&nbsp;&nbsp;&nbsp;&nbsp;&nbsp; &nbsp; &nbsp; &nbsp; &nbsp; &nbsp; &nbsp; &nbsp; &nbsp; &nbsp;&nbsp; &nbsp; 25 rue de l&rsquo;Oudon<\/span><br \/>\n<span style=\"color: #008080;\">53410 La Br\u00fblatte&nbsp;&nbsp;&nbsp;&nbsp;&nbsp;&nbsp;&nbsp;&nbsp;&nbsp;&nbsp;&nbsp;&nbsp;&nbsp;&nbsp;&nbsp;&nbsp;&nbsp;&nbsp;&nbsp;&nbsp;&nbsp;&nbsp;&nbsp;&nbsp;&nbsp;&nbsp;&nbsp;&nbsp;&nbsp;&nbsp;&nbsp;&nbsp;&nbsp;&nbsp;&nbsp;&nbsp;&nbsp;&nbsp;&nbsp;&nbsp; &nbsp; &nbsp; &nbsp; &nbsp; &nbsp; &nbsp; &nbsp; &nbsp; &nbsp;&nbsp; &nbsp;&nbsp;&nbsp;&nbsp;&nbsp;&nbsp;&nbsp;&nbsp;&nbsp; 53410 La Gravelle<\/span><\/p>\n<p><span style=\"color: #008080;\">02 43 02 01 22&nbsp;&nbsp;&nbsp;&nbsp;&nbsp;&nbsp;&nbsp;&nbsp;&nbsp;&nbsp;&nbsp;&nbsp;&nbsp;&nbsp;&nbsp;&nbsp;&nbsp;&nbsp;&nbsp;&nbsp;&nbsp;&nbsp;&nbsp;&nbsp;&nbsp;&nbsp;&nbsp;&nbsp;&nbsp;&nbsp;&nbsp;&nbsp;&nbsp;&nbsp;&nbsp;&nbsp;&nbsp;&nbsp;&nbsp;&nbsp;&nbsp;&nbsp;&nbsp;&nbsp;&nbsp;&nbsp;&nbsp;&nbsp;&nbsp;&nbsp;&nbsp;&nbsp;&nbsp;&nbsp;&nbsp;&nbsp; &nbsp; &nbsp; &nbsp; &nbsp; &nbsp; &nbsp; &nbsp; &nbsp; &nbsp;&nbsp; 02 43 37 50 77<\/span><\/p>\n<p><span style=\"color: #008080;\">ce.0530139n@ac-nantes.fr&nbsp;&nbsp;&nbsp;&nbsp;&nbsp;&nbsp;&nbsp;&nbsp;&nbsp;&nbsp;&nbsp;&nbsp;&nbsp;&nbsp;&nbsp;&nbsp;&nbsp;&nbsp;&nbsp;&nbsp;&nbsp;&nbsp;&nbsp;&nbsp;&nbsp;&nbsp;&nbsp;&nbsp;&nbsp;&nbsp;&nbsp;&nbsp;&nbsp;&nbsp;&nbsp;&nbsp;&nbsp;&nbsp;&nbsp;&nbsp;&nbsp;&nbsp;&nbsp;&nbsp; &nbsp;&nbsp; &nbsp;&nbsp;&nbsp;&nbsp; ce.0530228k@ac-nantes.fr<br \/>\n<\/span><\/p>\n<p><img loading=\"lazy\" decoding=\"async\" class=\"size-medium wp-image-10601 aligncenter\" style=\"border: 2px solid beige; margin-top: 2px; margin-bottom: 2px;\" src=\"https:\/\/passerelle2.ac-nantes.fr\/labrulatte-lagravelle\/wp-content\/uploads\/sites\/96\/2012\/11\/horaire_ecole_newslarge-300x200.jpg\" alt=\"\" width=\"152\" height=\"102\" srcset=\"https:\/\/passerelle2.ac-nantes.fr\/labrulatte-lagravelle\/wp-content\/uploads\/sites\/96\/2012\/11\/horaire_ecole_newslarge-300x200.jpg 300w, https:\/\/passerelle2.ac-nantes.fr\/labrulatte-lagravelle\/wp-content\/uploads\/sites\/96\/2012\/11\/horaire_ecole_newslarge.jpg 423w\" sizes=\"auto, (max-width: 152px) 100vw, 152px\" \/><\/p>\n<p><span style=\"color: #008080;\"><strong><span style=\"text-decoration: underline;\">Horaires des \u00e9coles: <\/span><\/strong><\/span><\/p>\n<p><span style=\"color: #008080;\"><strong>\u00e9cole maternelle de La Br\u00fblatte : <\/strong>9h00 &#8211; 12h00 et 13h30- 16h30<\/span><\/p>\n<p><span style=\"color: #008080;\"><strong>\u00e9cole \u00e9l\u00e9mentaire de La Gravelle :<\/strong> 8h45 &#8211; 11h45 et 13h15 &#8211; 16h15<\/span><\/p>\n<p><span style=\"color: #008080;\">(Ouverture 1O min avant le d\u00e9but des cours)<\/span><\/p>\n<p><span style=\"color: #008080;\"><br \/>\n<\/span><\/p>\n<p>&nbsp;<\/p>\n<p><a href=\"https:\/\/passerelle2.ac-nantes.fr\/labrulatte-lagravelle\/agenda\/mairiexp\/\" rel=\"attachment wp-att-2956\"><img loading=\"lazy\" decoding=\"async\" class=\"size-full wp-image-2956 aligncenter\" src=\"https:\/\/passerelle2.ac-nantes.fr\/labrulatte-lagravelle\/wp-content\/uploads\/sites\/96\/2012\/11\/mairiexp.png\" alt=\"\" width=\"128\" height=\"128\"><\/a><\/p>\n<p><span style=\"color: #800080;\">Sites officiels des mairies (informations \/ actualit\u00e9s):<\/span><\/p>\n<p><a title=\"mairie de La Br\u00fblatte\" href=\"http:\/\/www.labrulatte.mairie53.fr\/\">http:\/\/www.labrulatte.mairie53.fr\/<\/a><\/p>\n<p><a title=\"mairie de La Gravelle\" href=\"http:\/\/www.lagravelle.mairie53.fr\/\">http:\/\/www.lagravelle.mairie53.fr\/<\/a><\/p>\n<h4>&nbsp;<\/h4>\n<p>&nbsp;<\/p>\n<p><a href=\"https:\/\/passerelle2.ac-nantes.fr\/labrulatte-lagravelle\/agenda\/images\/\" rel=\"attachment wp-att-662\"><img loading=\"lazy\" decoding=\"async\" class=\"size-medium wp-image-662 aligncenter\" src=\"https:\/\/passerelle2.ac-nantes.fr\/labrulatte-lagravelle\/wp-content\/uploads\/sites\/96\/2012\/11\/images-300x137.jpg\" alt=\"\" width=\"167\" height=\"77\" srcset=\"https:\/\/passerelle2.ac-nantes.fr\/labrulatte-lagravelle\/wp-content\/uploads\/sites\/96\/2012\/11\/images-300x137.jpg 300w, https:\/\/passerelle2.ac-nantes.fr\/labrulatte-lagravelle\/wp-content\/uploads\/sites\/96\/2012\/11\/images.jpg 332w\" sizes=\"auto, (max-width: 167px) 100vw, 167px\" \/><\/a><\/p>\n<p><a href=\"https:\/\/passerelle2.ac-nantes.fr\/labrulatte-lagravelle\/wp-content\/uploads\/sites\/96\/2012\/11\/agenda.jpg\"><img loading=\"lazy\" decoding=\"async\" class=\"size-full wp-image-10620 alignleft\" src=\"https:\/\/passerelle2.ac-nantes.fr\/labrulatte-lagravelle\/wp-content\/uploads\/sites\/96\/2012\/11\/agenda.jpg\" alt=\"\" width=\"119\" height=\"78\"><\/a><\/p>\n<p>&nbsp;<\/p>\n<p>&nbsp;<\/p>\n<p><span style=\"color: #008000;\"><br \/>\n<\/span><\/p>\n<p><span style=\"text-decoration: underline; color: #800000;\"><strong>Calendrier scolaire 2017-2018<\/strong><\/span><\/p>\n<p style=\"text-align: justify;\"><a href=\"https:\/\/passerelle2.ac-nantes.fr\/labrulatte-lagravelle\/wp-content\/uploads\/sites\/96\/2012\/11\/vacances-scolaires-2016.png\"><img loading=\"lazy\" decoding=\"async\" class=\"size-full wp-image-11184\" src=\"https:\/\/passerelle2.ac-nantes.fr\/labrulatte-lagravelle\/wp-content\/uploads\/sites\/96\/2012\/11\/vacances-scolaires-2016.png\" alt=\"\" width=\"425\" height=\"431\" srcset=\"https:\/\/passerelle2.ac-nantes.fr\/labrulatte-lagravelle\/wp-content\/uploads\/sites\/96\/2012\/11\/vacances-scolaires-2016.png 650w, https:\/\/passerelle2.ac-nantes.fr\/labrulatte-lagravelle\/wp-content\/uploads\/sites\/96\/2012\/11\/vacances-scolaires-2016-295x300.png 295w\" sizes=\"auto, (max-width: 425px) 100vw, 425px\" \/><\/a><\/p>\n<p><a href=\"https:\/\/passerelle2.ac-nantes.fr\/labrulatte-lagravelle\/wp-content\/uploads\/sites\/96\/2012\/11\/Capture.png\"><img loading=\"lazy\" decoding=\"async\" class=\"size-full wp-image-11185 alignleft\" src=\"https:\/\/passerelle2.ac-nantes.fr\/labrulatte-lagravelle\/wp-content\/uploads\/sites\/96\/2012\/11\/Capture.png\" alt=\"\" width=\"356\" height=\"29\" srcset=\"https:\/\/passerelle2.ac-nantes.fr\/labrulatte-lagravelle\/wp-content\/uploads\/sites\/96\/2012\/11\/Capture.png 392w, https:\/\/passerelle2.ac-nantes.fr\/labrulatte-lagravelle\/wp-content\/uploads\/sites\/96\/2012\/11\/Capture-300x24.png 300w\" sizes=\"auto, (max-width: 356px) 100vw, 356px\" \/><\/a><\/p>\n<p>&nbsp;<\/p>\n<p>&nbsp;<\/p>\n<p><span style=\"color: #993300;\">Rentr\u00e9e scolaire des \u00e9l\u00e8ves : lundi 3 septembre 2018<br \/>\n<\/span><\/p>\n<p><span style=\"color: #993300;\">Vacances d&rsquo;automne (Toussaint): du &nbsp;samedi 20 octobre au lundi 5 novembre 2018<\/span><\/p>\n<p><span style=\"color: #993300;\">Vacances de fin d&rsquo;ann\u00e9e (No\u00ebl) : du samedi 22 d\u00e9cembre au lundi 7 janvier 2019&nbsp;<br \/>\n<\/span><\/p>\n<p><span style=\"color: #993300;\">Vacances d\u2019hiver : du samedi 9 f\u00e9vrier au lundi 25 f\u00e9vrier 2019<br \/>\n<\/span><\/p>\n<p><span style=\"color: #993300;\">Vacances de printemps : du&nbsp; samedi 6 avril au mardi 23 avril 2019<\/span><\/p>\n<p><span style=\"color: #993300;\">Pont de l&rsquo;ascension : mercredi 29 mai au lundi 3 juin 2019<\/span><\/p>\n<p><span style=\"color: #993300;\">Vacances d\u2019\u00e9t\u00e9 : &nbsp;le samedi 6 juillet 2019<\/span><br \/>\n<span style=\"color: #993300;\"> <a style=\"color: #993300;\" href=\"https:\/\/passerelle2.ac-nantes.fr\/labrulatte-lagravelle\/agenda\/capture3-3\/\" rel=\"attachment wp-att-8542\"><img loading=\"lazy\" decoding=\"async\" class=\"alignnone size-full wp-image-8542\" src=\"https:\/\/passerelle2.ac-nantes.fr\/labrulatte-lagravelle\/wp-content\/uploads\/sites\/96\/2012\/11\/Capture31.jpg\" alt=\"\" width=\"498\" height=\"18\"><\/a><\/span><\/p>\n<p>La reprise des cours a lieu le matin des jours indiqu\u00e9s.&nbsp;<\/p>\n<p>&nbsp;<\/p>\n<address>&nbsp;<\/address>\n<address>&nbsp;<\/address>\n<address>&nbsp;<\/address>\n<address>&nbsp;<\/address>\n","protected":false},"excerpt":{"rendered":"<p>&nbsp; &nbsp; Ecole maternelle publique&nbsp;&nbsp;&nbsp;&nbsp;&nbsp;&nbsp;&nbsp;&nbsp;&nbsp;&nbsp;&nbsp;&nbsp;&nbsp;&nbsp;&nbsp;&nbsp;&nbsp;&nbsp;&nbsp;&nbsp;&nbsp;&nbsp;&nbsp;&nbsp;&nbsp;&nbsp;&nbsp;&nbsp;&nbsp;&nbsp; &nbsp; &nbsp; &nbsp; &nbsp; &nbsp; &nbsp; &nbsp; &nbsp; &nbsp; &nbsp; &nbsp;&nbsp;&nbsp; Ecole \u00e9l\u00e9mentaire publique Rue des \u00e9coles&nbsp;&nbsp;&nbsp;&nbsp;&nbsp;&nbsp;&nbsp;&nbsp;&nbsp;&nbsp;&nbsp;&nbsp;&nbsp;&nbsp;&nbsp;&nbsp;&nbsp;&nbsp;&nbsp;&nbsp;&nbsp;&nbsp;&nbsp;&nbsp;&nbsp;&nbsp;&nbsp;&nbsp;&nbsp;&nbsp;&nbsp;&nbsp;&nbsp;&nbsp;&nbsp;&nbsp;&nbsp;&nbsp;&nbsp;&nbsp;&nbsp;&nbsp;&nbsp;&nbsp;&nbsp;&nbsp;&nbsp;&nbsp;&nbsp;&nbsp;&nbsp;&nbsp;&nbsp;&nbsp; &nbsp; &nbsp; &nbsp; &nbsp; &nbsp; &nbsp; &nbsp; &nbsp; &nbsp;&nbsp; &nbsp; 25 rue de l&rsquo;Oudon 53410 La Br\u00fblatte&nbsp;&nbsp;&nbsp;&nbsp;&nbsp;&nbsp;&nbsp;&nbsp;&nbsp;&nbsp;&nbsp;&nbsp;&nbsp;&nbsp;&nbsp;&nbsp;&nbsp;&nbsp;&nbsp;&nbsp;&nbsp;&nbsp;&nbsp;&nbsp;&nbsp;&nbsp;&nbsp;&nbsp;&nbsp;&nbsp;&nbsp;&nbsp;&nbsp;&nbsp;&nbsp;&nbsp;&nbsp;&nbsp;&nbsp;&nbsp; &nbsp; &hellip; <a href=\"https:\/\/passerelle2.ac-nantes.fr\/labrulatte-lagravelle\/agenda\/\">Continuer la lecture <span class=\"meta-nav\">&rarr;<\/span><\/a><\/p>\n","protected":false},"author":7877,"featured_media":0,"parent":0,"menu_order":1,"comment_status":"closed","ping_status":"closed","template":"","meta":{"ngg_post_thumbnail":0,"h5ap_radio_sources":[],"footnotes":""},"folder":[],"class_list":["post-409","page","type-page","status-publish","hentry"],"jetpack_sharing_enabled":true,"jetpack_shortlink":"https:\/\/wp.me\/P8Njox-6B","_links":{"self":[{"href":"https:\/\/passerelle2.ac-nantes.fr\/labrulatte-lagravelle\/wp-json\/wp\/v2\/pages\/409","targetHints":{"allow":["GET"]}}],"collection":[{"href":"https:\/\/passerelle2.ac-nantes.fr\/labrulatte-lagravelle\/wp-json\/wp\/v2\/pages"}],"about":[{"href":"https:\/\/passerelle2.ac-nantes.fr\/labrulatte-lagravelle\/wp-json\/wp\/v2\/types\/page"}],"author":[{"embeddable":true,"href":"https:\/\/passerelle2.ac-nantes.fr\/labrulatte-lagravelle\/wp-json\/wp\/v2\/users\/7877"}],"replies":[{"embeddable":true,"href":"https:\/\/passerelle2.ac-nantes.fr\/labrulatte-lagravelle\/wp-json\/wp\/v2\/comments?post=409"}],"version-history":[{"count":0,"href":"https:\/\/passerelle2.ac-nantes.fr\/labrulatte-lagravelle\/wp-json\/wp\/v2\/pages\/409\/revisions"}],"wp:attachment":[{"href":"https:\/\/passerelle2.ac-nantes.fr\/labrulatte-lagravelle\/wp-json\/wp\/v2\/media?parent=409"}],"wp:term":[{"taxonomy":"folder","embeddable":true,"href":"https:\/\/passerelle2.ac-nantes.fr\/labrulatte-lagravelle\/wp-json\/wp\/v2\/folder?post=409"}],"curies":[{"name":"wp","href":"https:\/\/api.w.org\/{rel}","templated":true}]}}