
{"id":713,"date":"2012-12-05T16:50:06","date_gmt":"2012-12-05T15:50:06","guid":{"rendered":"https:\/\/passerelle2.ac-nantes.fr\/labrulatte-lagravelle\/?page_id=713"},"modified":"2020-04-27T10:16:22","modified_gmt":"2020-04-27T08:16:22","slug":"association-de-parents-deleves","status":"publish","type":"page","link":"https:\/\/passerelle2.ac-nantes.fr\/labrulatte-lagravelle\/association-de-parents-deleves\/","title":{"rendered":"Amicale la\u00efque"},"content":{"rendered":"<p style=\"text-align: justify;\"><a href=\"https:\/\/passerelle2.ac-nantes.fr\/labrulatte-lagravelle\/association-de-parents-deleves\/capture-3\/\" rel=\"attachment wp-att-6418\"><img loading=\"lazy\" decoding=\"async\" class=\"size-full wp-image-6418 aligncenter\" src=\"https:\/\/passerelle2.ac-nantes.fr\/labrulatte-lagravelle\/wp-content\/uploads\/sites\/96\/2012\/12\/Capture2.png\" alt=\"\" width=\"149\" height=\"123\"><\/a>L&rsquo;association a pour but de favoriser les relations entre parents, entre parents et enseignants des 2 communes et d&rsquo;apporter un soutien financier \u00e0 toutes les activit\u00e9s \u00e0 caract\u00e8re p\u00e9dagogique.<\/p>\n<p style=\"text-align: justify;\">27\/04\/2020<\/p>\n<p><a href=\"https:\/\/passerelle2.ac-nantes.fr\/labrulatte-lagravelle\/wp-content\/uploads\/sites\/96\/2020\/04\/mot-parents.pdf\">mot parents<\/a><\/p>\n<p style=\"text-align: center;\">&nbsp;<\/p>\n<p>&nbsp;<\/p>\n<p>&nbsp;<\/p>\n<p style=\"text-align: center;\">&nbsp;<\/p>\n<p>&nbsp;<\/p>\n<p style=\"text-align: justify;\">&nbsp;<\/p>\n<p style=\"text-align: justify;\"><strong><em>&nbsp;<\/em><\/strong><\/p>\n<p style=\"text-align: justify;\"><span style=\"color: #000000;\"><strong><em>&nbsp;<\/em><\/strong><\/span><\/p>\n","protected":false},"excerpt":{"rendered":"<p>L&rsquo;association a pour but de favoriser les relations entre parents, entre parents et enseignants des 2 communes et d&rsquo;apporter un soutien financier \u00e0 toutes les activit\u00e9s \u00e0 caract\u00e8re p\u00e9dagogique. 27\/04\/2020 mot parents &nbsp; &nbsp; &nbsp; &nbsp; &nbsp; &nbsp; &nbsp; &nbsp;<\/p>\n","protected":false},"author":7877,"featured_media":0,"parent":0,"menu_order":4,"comment_status":"closed","ping_status":"closed","template":"","meta":{"ngg_post_thumbnail":0,"h5ap_radio_sources":[],"footnotes":""},"folder":[],"class_list":["post-713","page","type-page","status-publish","hentry"],"jetpack_sharing_enabled":true,"jetpack_shortlink":"https:\/\/wp.me\/P8Njox-bv","_links":{"self":[{"href":"https:\/\/passerelle2.ac-nantes.fr\/labrulatte-lagravelle\/wp-json\/wp\/v2\/pages\/713","targetHints":{"allow":["GET"]}}],"collection":[{"href":"https:\/\/passerelle2.ac-nantes.fr\/labrulatte-lagravelle\/wp-json\/wp\/v2\/pages"}],"about":[{"href":"https:\/\/passerelle2.ac-nantes.fr\/labrulatte-lagravelle\/wp-json\/wp\/v2\/types\/page"}],"author":[{"embeddable":true,"href":"https:\/\/passerelle2.ac-nantes.fr\/labrulatte-lagravelle\/wp-json\/wp\/v2\/users\/7877"}],"replies":[{"embeddable":true,"href":"https:\/\/passerelle2.ac-nantes.fr\/labrulatte-lagravelle\/wp-json\/wp\/v2\/comments?post=713"}],"version-history":[{"count":0,"href":"https:\/\/passerelle2.ac-nantes.fr\/labrulatte-lagravelle\/wp-json\/wp\/v2\/pages\/713\/revisions"}],"wp:attachment":[{"href":"https:\/\/passerelle2.ac-nantes.fr\/labrulatte-lagravelle\/wp-json\/wp\/v2\/media?parent=713"}],"wp:term":[{"taxonomy":"folder","embeddable":true,"href":"https:\/\/passerelle2.ac-nantes.fr\/labrulatte-lagravelle\/wp-json\/wp\/v2\/folder?post=713"}],"curies":[{"name":"wp","href":"https:\/\/api.w.org\/{rel}","templated":true}]}}