
{"id":2,"date":"2016-05-24T15:13:51","date_gmt":"2016-05-24T15:13:51","guid":{"rendered":"https:\/\/passerelle2.ac-nantes.fr\/lecoledespetitsloups\/?page_id=2"},"modified":"2021-05-03T16:16:14","modified_gmt":"2021-05-03T14:16:14","slug":"page-d-exemple","status":"publish","type":"page","link":"https:\/\/passerelle2.ac-nantes.fr\/lecoledespetitsloups\/page-d-exemple\/","title":{"rendered":"Mentions l\u00e9gales"},"content":{"rendered":"\n<p><strong>Renseignements \u00e9ditoriaux<\/strong><\/p>\n\n\n\n<p>Vous \u00eates connect\u00e9s \u00e0 la plateforme de blogs <a href=\"https:\/\/passerelle2.ac-nantes.fr\">passerelle<\/a>&nbsp;<\/p>\n\n\n\n<p><strong>Responsable \u00e9ditorial<\/strong> : <em>Eric Nicoux<\/em><\/p>\n\n\n\n<p><strong>H\u00e9bergeur<\/strong> : <em>Rectorat de Nantes<\/em><\/p>\n\n\n\n<p><em>4 rue de la Houssini\u00e8re, BP 72626, 44326 &#8211; NANTES Cedex 3<\/em><\/p>\n\n\n\n<p><strong>Pour nous contacter<\/strong><\/p>\n\n\n\n<p>Conform\u00e9ment \u00e0 l\u2019article 34 de la loi Informatique et Libert\u00e9s du 6 janvier 1978, vous disposez d\u2019un droit d\u2019acc\u00e8s aux informations vous concernant. Vous pouvez \u00e9galement demander la modification ou la suppression de ces informations. Il vous suffit d\u2019\u00e9crire \u00e0 l\u2019adresse suivante, \u00e0 l\u2019attention de :<\/p>\n\n\n\n<p><em>Eric Nicoux<\/em><\/p>\n\n\n\n<p><em>3 rue principale, 53290 &#8211; saint loup du dorat<\/em><\/p>\n\n\n\n<p>Pour en savoir plus sur le traitement des donn\u00e9es, veuillez consulter notre <a href=\"https:\/\/passerelle2.ac-nantes.fr\/politique-de-confidentialite\/\">politique de confidentialit\u00e9<\/a>.<\/p>\n","protected":false},"excerpt":{"rendered":"<p>Renseignements \u00e9ditoriaux Vous \u00eates connect\u00e9s \u00e0 la plateforme de blogs passerelle&nbsp; Responsable \u00e9ditorial : Eric Nicoux H\u00e9bergeur : Rectorat de Nantes 4 rue de la Houssini\u00e8re, BP 72626, 44326 &#8211; NANTES Cedex 3 Pour nous contacter Conform\u00e9ment \u00e0 l\u2019article 34 de la loi Informatique et Libert\u00e9s du 6 janvier 1978, vous disposez d\u2019un droit d\u2019acc\u00e8s aux informations vous concernant. Vous pouvez \u00e9galement demander la modification ou la suppression de ces informations. Il vous suffit d\u2019\u00e9crire \u00e0 l\u2019adresse suivante, \u00e0 l\u2019attention&#8230;<\/p>\n<p class=\"read-more\"><a class=\"btn btn-default\" href=\"https:\/\/passerelle2.ac-nantes.fr\/lecoledespetitsloups\/page-d-exemple\/\">Lire la suite<span class=\"screen-reader-text\"> Lire la suite<\/span><\/a><\/p>\n","protected":false},"author":7157,"featured_media":0,"parent":0,"menu_order":5,"comment_status":"closed","ping_status":"closed","template":"","meta":{"ngg_post_thumbnail":0,"h5ap_radio_sources":[],"footnotes":""},"folder":[],"class_list":["post-2","page","type-page","status-publish","hentry"],"_links":{"self":[{"href":"https:\/\/passerelle2.ac-nantes.fr\/lecoledespetitsloups\/wp-json\/wp\/v2\/pages\/2","targetHints":{"allow":["GET"]}}],"collection":[{"href":"https:\/\/passerelle2.ac-nantes.fr\/lecoledespetitsloups\/wp-json\/wp\/v2\/pages"}],"about":[{"href":"https:\/\/passerelle2.ac-nantes.fr\/lecoledespetitsloups\/wp-json\/wp\/v2\/types\/page"}],"author":[{"embeddable":true,"href":"https:\/\/passerelle2.ac-nantes.fr\/lecoledespetitsloups\/wp-json\/wp\/v2\/users\/7157"}],"replies":[{"embeddable":true,"href":"https:\/\/passerelle2.ac-nantes.fr\/lecoledespetitsloups\/wp-json\/wp\/v2\/comments?post=2"}],"version-history":[{"count":0,"href":"https:\/\/passerelle2.ac-nantes.fr\/lecoledespetitsloups\/wp-json\/wp\/v2\/pages\/2\/revisions"}],"wp:attachment":[{"href":"https:\/\/passerelle2.ac-nantes.fr\/lecoledespetitsloups\/wp-json\/wp\/v2\/media?parent=2"}],"wp:term":[{"taxonomy":"folder","embeddable":true,"href":"https:\/\/passerelle2.ac-nantes.fr\/lecoledespetitsloups\/wp-json\/wp\/v2\/folder?post=2"}],"curies":[{"name":"wp","href":"https:\/\/api.w.org\/{rel}","templated":true}]}}