
{"id":21,"date":"2019-10-27T18:08:13","date_gmt":"2019-10-27T17:08:13","guid":{"rendered":"https:\/\/passerelle2.ac-nantes.fr\/lestilleuls85480\/?page_id=21"},"modified":"2024-05-28T11:54:42","modified_gmt":"2024-05-28T09:54:42","slug":"les-horaires","status":"publish","type":"page","link":"https:\/\/passerelle2.ac-nantes.fr\/lestilleuls85480\/les-horaires\/","title":{"rendered":"Les horaires"},"content":{"rendered":"\n<p>lundi, mardi, jeudi et vendredi<\/p>\n\n\n\n<p><strong>P\u00f4le maternelle<\/strong> (PS au CP ) : de 9h \u00e0 12h et de 13h30 \u00e0 16h30<\/p>\n\n\n\n<p><strong>P\u00f4le \u00e9l\u00e9mentaire (du CP au CM2)<\/strong>: de 9h \u00e0 12h30 et de 14h \u00e0 16h30 <\/p>\n\n\n\n<p>Pour toutes absences merci de contacter l&rsquo;\u00e9cole:<\/p>\n\n\n\n<p>par t\u00e9l\u00e9phone au :<strong> 02\/51\/46\/83\/39<\/strong> ou par mail:  <strong>ce.0850537x@ac-nantes.fr<\/strong><\/p>\n\n\n\n<p>Pr\u00e9venir la cantine : cantinesthilaire@outlook.fr ou 09\/72\/46\/13\/58 (p\u00e9riscolaire et cantine)<\/p>\n","protected":false},"excerpt":{"rendered":"<p>lundi, mardi, jeudi et vendredi P\u00f4le maternelle (PS au CP ) : de 9h \u00e0 12h et de 13h30 \u00e0 16h30 P\u00f4le \u00e9l\u00e9mentaire (du CP au CM2): de 9h \u00e0 12h30 et de 14h \u00e0 16h30 Pour toutes absences merci &hellip; <a href=\"https:\/\/passerelle2.ac-nantes.fr\/lestilleuls85480\/les-horaires\/\">Continuer la lecture <span class=\"meta-nav\">&rarr;<\/span><\/a><\/p>\n","protected":false},"author":9781,"featured_media":0,"parent":0,"menu_order":0,"comment_status":"closed","ping_status":"closed","template":"","meta":{"ngg_post_thumbnail":0,"h5ap_radio_sources":[],"footnotes":""},"folder":[],"class_list":["post-21","page","type-page","status-publish","hentry"],"_links":{"self":[{"href":"https:\/\/passerelle2.ac-nantes.fr\/lestilleuls85480\/wp-json\/wp\/v2\/pages\/21","targetHints":{"allow":["GET"]}}],"collection":[{"href":"https:\/\/passerelle2.ac-nantes.fr\/lestilleuls85480\/wp-json\/wp\/v2\/pages"}],"about":[{"href":"https:\/\/passerelle2.ac-nantes.fr\/lestilleuls85480\/wp-json\/wp\/v2\/types\/page"}],"author":[{"embeddable":true,"href":"https:\/\/passerelle2.ac-nantes.fr\/lestilleuls85480\/wp-json\/wp\/v2\/users\/9781"}],"replies":[{"embeddable":true,"href":"https:\/\/passerelle2.ac-nantes.fr\/lestilleuls85480\/wp-json\/wp\/v2\/comments?post=21"}],"version-history":[{"count":0,"href":"https:\/\/passerelle2.ac-nantes.fr\/lestilleuls85480\/wp-json\/wp\/v2\/pages\/21\/revisions"}],"wp:attachment":[{"href":"https:\/\/passerelle2.ac-nantes.fr\/lestilleuls85480\/wp-json\/wp\/v2\/media?parent=21"}],"wp:term":[{"taxonomy":"folder","embeddable":true,"href":"https:\/\/passerelle2.ac-nantes.fr\/lestilleuls85480\/wp-json\/wp\/v2\/folder?post=21"}],"curies":[{"name":"wp","href":"https:\/\/api.w.org\/{rel}","templated":true}]}}