
{"id":24,"date":"2021-01-14T16:15:35","date_gmt":"2021-01-14T15:15:35","guid":{"rendered":"https:\/\/passerelle2.ac-nantes.fr\/lestilleuls85480\/?page_id=24"},"modified":"2024-09-03T09:46:16","modified_gmt":"2024-09-03T07:46:16","slug":"lequipe-pedagogique","status":"publish","type":"page","link":"https:\/\/passerelle2.ac-nantes.fr\/lestilleuls85480\/lequipe-pedagogique\/","title":{"rendered":"L&rsquo;\u00e9quipe p\u00e9dagogique"},"content":{"rendered":"\n<p>ann\u00e9e scolaire 2024\/2025<\/p>\n\n\n\n<p>&#8211;<em>Classe TPS-PS<\/em>-MS : Mme Vincelot-Angibaud Nathalie, Mme Sauv\u00eatre H\u00e9loise (le mardi) et Mme Auguin Lo\u00ebtitia( ATSEM).<\/p>\n\n\n\n<p><em>-Classe <\/em>GS \/CP: Mme Soric Carine (lundi \/mardi), Mme Pasquereau Julie   (jeudi \/vendredi) et Mme Auneau Sylvie (ATSEM).<\/p>\n\n\n\n<p>&#8211;<em>Classe CE1-CE<\/em>2 : Mme Rivi\u00e8re Elise et Vernier Amandine (le lundi)<\/p>\n\n\n\n<p>&#8211;<em>Classe CM1-C<\/em>M2: Mme Baudry Fr\u00e9d\u00e9rique<\/p>\n\n\n\n<p><\/p>\n\n\n\n<p>AESH : Mme Adeline Charteau <\/p>\n","protected":false},"excerpt":{"rendered":"<p>ann\u00e9e scolaire 2024\/2025 &#8211;Classe TPS-PS-MS : Mme Vincelot-Angibaud Nathalie, Mme Sauv\u00eatre H\u00e9loise (le mardi) et Mme Auguin Lo\u00ebtitia( ATSEM). -Classe GS \/CP: Mme Soric Carine (lundi \/mardi), Mme Pasquereau Julie (jeudi \/vendredi) et Mme Auneau Sylvie (ATSEM). &#8211;Classe CE1-CE2 : &hellip; <a href=\"https:\/\/passerelle2.ac-nantes.fr\/lestilleuls85480\/lequipe-pedagogique\/\">Continuer la lecture <span class=\"meta-nav\">&rarr;<\/span><\/a><\/p>\n","protected":false},"author":9781,"featured_media":0,"parent":0,"menu_order":0,"comment_status":"closed","ping_status":"closed","template":"","meta":{"ngg_post_thumbnail":0,"h5ap_radio_sources":[],"footnotes":""},"folder":[],"class_list":["post-24","page","type-page","status-publish","hentry"],"_links":{"self":[{"href":"https:\/\/passerelle2.ac-nantes.fr\/lestilleuls85480\/wp-json\/wp\/v2\/pages\/24","targetHints":{"allow":["GET"]}}],"collection":[{"href":"https:\/\/passerelle2.ac-nantes.fr\/lestilleuls85480\/wp-json\/wp\/v2\/pages"}],"about":[{"href":"https:\/\/passerelle2.ac-nantes.fr\/lestilleuls85480\/wp-json\/wp\/v2\/types\/page"}],"author":[{"embeddable":true,"href":"https:\/\/passerelle2.ac-nantes.fr\/lestilleuls85480\/wp-json\/wp\/v2\/users\/9781"}],"replies":[{"embeddable":true,"href":"https:\/\/passerelle2.ac-nantes.fr\/lestilleuls85480\/wp-json\/wp\/v2\/comments?post=24"}],"version-history":[{"count":0,"href":"https:\/\/passerelle2.ac-nantes.fr\/lestilleuls85480\/wp-json\/wp\/v2\/pages\/24\/revisions"}],"wp:attachment":[{"href":"https:\/\/passerelle2.ac-nantes.fr\/lestilleuls85480\/wp-json\/wp\/v2\/media?parent=24"}],"wp:term":[{"taxonomy":"folder","embeddable":true,"href":"https:\/\/passerelle2.ac-nantes.fr\/lestilleuls85480\/wp-json\/wp\/v2\/folder?post=24"}],"curies":[{"name":"wp","href":"https:\/\/api.w.org\/{rel}","templated":true}]}}