
{"id":5843,"date":"2022-11-16T11:43:08","date_gmt":"2022-11-16T10:43:08","guid":{"rendered":"https:\/\/passerelle2.ac-nantes.fr\/lhuisserie\/?page_id=5843"},"modified":"2026-01-26T09:28:02","modified_gmt":"2026-01-26T08:28:02","slug":"infos-pratiques","status":"publish","type":"page","link":"https:\/\/passerelle2.ac-nantes.fr\/lhuisserie\/infos-pratiques\/","title":{"rendered":"Infos pratiques"},"content":{"rendered":"\n<p>Notre \u00e9cole comporte 12 classes, de la TPS au CM2.<\/p>\n<p>Il y a 4 classes dans le b\u00e2timent maternelle et 8 dans le b\u00e2timent \u00e9l\u00e9mentaire.<\/p>\n<p>Pour l&rsquo;ann\u00e9e scolaire 2025-2026, nous accueillons 314 \u00e9l\u00e8ves r\u00e9partis ainsi :<\/p>\n<p><span style=\"color: #ff6600;\">TPS\/PS<\/span>&nbsp;: Mme FROC<br><span style=\"color: #ff6600;\">TPS\/PS\/MS <\/span>&nbsp; : Mme LE GOFF<br><span style=\"color: #ff6600;\">MS\/GS A<\/span> : Mmes DESHAYES&nbsp;<br><span style=\"color: #ff6600;\">MS\/GS B<\/span> : Mme MESS\u00c9<\/p>\n<p><br><span style=\"color: #ff6600;\">CP<\/span> : Mme LE GALL<br><span style=\"color: #ff6600;\">CP\/CE2<\/span> : Mme CROMIER et Mm CARRE<br><span style=\"color: #ff6600;\">CE1 <\/span>&nbsp;: M. MEZIERE<br><span style=\"color: #ff6600;\">CP\/CE1<\/span>&nbsp;: M. LEFEUVRE<br><span style=\"color: #ff6600;\">CE2 \/CM1<\/span> : Mme GESLIN<br><span style=\"color: #ff6600;\">CM1\/CM2 A<\/span> : M. BOURVEN et Mme CALU<br><span style=\"color: #ff6600;\">CM1\/CM2 B<\/span> : M.&nbsp; HACQUES<br><span style=\"color: #ff6600;\">CM1\/CM2 C<\/span> : Mme GIRAUD<\/p>\n<p>+ le dispositif <span style=\"color: #ff6600;\">ULIS<\/span> : coordinatrice Mme LAMY<\/p>\n<p>&nbsp;<\/p>\n<p><strong>HORAIRES DE L&rsquo;ECOLE<\/strong> :<\/p>\n<p>8h30 &#8211; 11h45 et 14h-16h les lundi, mardi, jeudi et vendredi<\/p>\n<p>8h30 &#8211; 11h30 le mercredi<\/p>\n<p><em><strong>Directeur de l&rsquo;\u00e9cole<\/strong><\/em> : Clarisse LEMAITRE<\/p>\n\n\n\n<figure class=\"wp-block-gallery has-nested-images columns-default is-cropped wp-block-gallery-1 is-layout-flex wp-block-gallery-is-layout-flex\">\n<figure class=\"wp-block-image size-large\"><img loading=\"lazy\" decoding=\"async\" width=\"800\" height=\"600\" data-attachment-id=\"5857\" data-permalink=\"https:\/\/passerelle2.ac-nantes.fr\/lhuisserie\/infos-pratiques\/ecole-elementaire-1\/\" data-orig-file=\"https:\/\/passerelle2.ac-nantes.fr\/lhuisserie\/wp-content\/uploads\/sites\/24\/2022\/11\/ecole-elementaire-1.jpg\" data-orig-size=\"800,600\" data-comments-opened=\"0\" data-image-meta=\"{&quot;aperture&quot;:&quot;0&quot;,&quot;credit&quot;:&quot;&quot;,&quot;camera&quot;:&quot;&quot;,&quot;caption&quot;:&quot;&quot;,&quot;created_timestamp&quot;:&quot;0&quot;,&quot;copyright&quot;:&quot;&quot;,&quot;focal_length&quot;:&quot;0&quot;,&quot;iso&quot;:&quot;0&quot;,&quot;shutter_speed&quot;:&quot;0&quot;,&quot;title&quot;:&quot;&quot;,&quot;orientation&quot;:&quot;0&quot;}\" data-image-title=\"ecole-elementaire-1\" data-image-description=\"\" data-image-caption=\"\" data-medium-file=\"https:\/\/passerelle2.ac-nantes.fr\/lhuisserie\/wp-content\/uploads\/sites\/24\/2022\/11\/ecole-elementaire-1-300x225.jpg\" data-large-file=\"https:\/\/passerelle2.ac-nantes.fr\/lhuisserie\/wp-content\/uploads\/sites\/24\/2022\/11\/ecole-elementaire-1.jpg\" data-id=\"5857\" src=\"https:\/\/passerelle2.ac-nantes.fr\/lhuisserie\/wp-content\/uploads\/sites\/24\/2022\/11\/ecole-elementaire-1.jpg\" alt=\"\" class=\"wp-image-5857\" srcset=\"https:\/\/passerelle2.ac-nantes.fr\/lhuisserie\/wp-content\/uploads\/sites\/24\/2022\/11\/ecole-elementaire-1.jpg 800w, https:\/\/passerelle2.ac-nantes.fr\/lhuisserie\/wp-content\/uploads\/sites\/24\/2022\/11\/ecole-elementaire-1-300x225.jpg 300w, https:\/\/passerelle2.ac-nantes.fr\/lhuisserie\/wp-content\/uploads\/sites\/24\/2022\/11\/ecole-elementaire-1-768x576.jpg 768w, https:\/\/passerelle2.ac-nantes.fr\/lhuisserie\/wp-content\/uploads\/sites\/24\/2022\/11\/ecole-elementaire-1-750x563.jpg 750w\" sizes=\"auto, (max-width: 800px) 100vw, 800px\" \/><\/figure>\n\n\n\n<figure class=\"wp-block-image size-large\"><img loading=\"lazy\" decoding=\"async\" width=\"800\" height=\"600\" data-attachment-id=\"5858\" data-permalink=\"https:\/\/passerelle2.ac-nantes.fr\/lhuisserie\/infos-pratiques\/ecole-maternelle-1\/\" data-orig-file=\"https:\/\/passerelle2.ac-nantes.fr\/lhuisserie\/wp-content\/uploads\/sites\/24\/2022\/11\/ecole-maternelle-1.jpg\" data-orig-size=\"800,600\" data-comments-opened=\"0\" data-image-meta=\"{&quot;aperture&quot;:&quot;0&quot;,&quot;credit&quot;:&quot;&quot;,&quot;camera&quot;:&quot;&quot;,&quot;caption&quot;:&quot;&quot;,&quot;created_timestamp&quot;:&quot;0&quot;,&quot;copyright&quot;:&quot;&quot;,&quot;focal_length&quot;:&quot;0&quot;,&quot;iso&quot;:&quot;0&quot;,&quot;shutter_speed&quot;:&quot;0&quot;,&quot;title&quot;:&quot;&quot;,&quot;orientation&quot;:&quot;0&quot;}\" data-image-title=\"ecole-maternelle-1\" data-image-description=\"\" data-image-caption=\"\" data-medium-file=\"https:\/\/passerelle2.ac-nantes.fr\/lhuisserie\/wp-content\/uploads\/sites\/24\/2022\/11\/ecole-maternelle-1-300x225.jpg\" data-large-file=\"https:\/\/passerelle2.ac-nantes.fr\/lhuisserie\/wp-content\/uploads\/sites\/24\/2022\/11\/ecole-maternelle-1.jpg\" data-id=\"5858\" src=\"https:\/\/passerelle2.ac-nantes.fr\/lhuisserie\/wp-content\/uploads\/sites\/24\/2022\/11\/ecole-maternelle-1.jpg\" alt=\"\" class=\"wp-image-5858\" srcset=\"https:\/\/passerelle2.ac-nantes.fr\/lhuisserie\/wp-content\/uploads\/sites\/24\/2022\/11\/ecole-maternelle-1.jpg 800w, https:\/\/passerelle2.ac-nantes.fr\/lhuisserie\/wp-content\/uploads\/sites\/24\/2022\/11\/ecole-maternelle-1-300x225.jpg 300w, https:\/\/passerelle2.ac-nantes.fr\/lhuisserie\/wp-content\/uploads\/sites\/24\/2022\/11\/ecole-maternelle-1-768x576.jpg 768w, https:\/\/passerelle2.ac-nantes.fr\/lhuisserie\/wp-content\/uploads\/sites\/24\/2022\/11\/ecole-maternelle-1-750x563.jpg 750w\" sizes=\"auto, (max-width: 800px) 100vw, 800px\" \/><\/figure>\n<\/figure>\n\n\n\n<p><\/p>\n\n\n\n<h4 class=\"wp-block-heading\"><strong>Fiche infos-parents n\u00b02  2024-202<\/strong>5<\/h4>\n\n\n\n<div data-wp-interactive=\"core\/file\" class=\"wp-block-file\"><object data-wp-bind--hidden=\"!state.hasPdfPreview\" hidden class=\"wp-block-file__embed\" data=\"https:\/\/passerelle2.ac-nantes.fr\/lhuisserie\/wp-content\/uploads\/sites\/24\/2024\/09\/LIP-2.pdf\" type=\"application\/pdf\" style=\"width:100%;height:600px\" aria-label=\"Contenu embarqu\u00e9 LIP-2.\"><\/object><a id=\"wp-block-file--media-2aaaa425-89ca-41a5-85e6-895b3a9a8fb3\" href=\"https:\/\/passerelle2.ac-nantes.fr\/lhuisserie\/wp-content\/uploads\/sites\/24\/2024\/09\/LIP-2.pdf\">LIP-2<\/a><a href=\"https:\/\/passerelle2.ac-nantes.fr\/lhuisserie\/wp-content\/uploads\/sites\/24\/2024\/09\/LIP-2.pdf\" class=\"wp-block-file__button wp-element-button\" download aria-describedby=\"wp-block-file--media-2aaaa425-89ca-41a5-85e6-895b3a9a8fb3\">T\u00e9l\u00e9charger<\/a><\/div>\n\n\n\n<h4 class=\"wp-block-heading\">Fiche infos-parents n\u00b01  2025-2024<\/h4>\n\n\n\n<div data-wp-interactive=\"core\/file\" class=\"wp-block-file\"><object data-wp-bind--hidden=\"!state.hasPdfPreview\" hidden class=\"wp-block-file__embed\" data=\"https:\/\/passerelle2.ac-nantes.fr\/lhuisserie\/wp-content\/uploads\/sites\/24\/2024\/09\/LIP-n1-2024-2025.pdf\" type=\"application\/pdf\" style=\"width:100%;height:600px\" aria-label=\"Contenu embarqu\u00e9 LIP-n1-2024-2025.\"><\/object><a id=\"wp-block-file--media-eafe3571-5153-46ca-9da7-8310894d9839\" href=\"https:\/\/passerelle2.ac-nantes.fr\/lhuisserie\/wp-content\/uploads\/sites\/24\/2024\/09\/LIP-n1-2024-2025.pdf\">LIP-n1-2024-2025<\/a><a href=\"https:\/\/passerelle2.ac-nantes.fr\/lhuisserie\/wp-content\/uploads\/sites\/24\/2024\/09\/LIP-n1-2024-2025.pdf\" class=\"wp-block-file__button wp-element-button\" download aria-describedby=\"wp-block-file--media-eafe3571-5153-46ca-9da7-8310894d9839\">T\u00e9l\u00e9charger<\/a><\/div>\n\n\n\n<h4 class=\"wp-block-heading\">Fiche infos-parents n\u00b04 2023-2024<\/h4>\n\n\n\n<div data-wp-interactive=\"core\/file\" class=\"wp-block-file\"><object data-wp-bind--hidden=\"!state.hasPdfPreview\" hidden class=\"wp-block-file__embed\" data=\"https:\/\/passerelle2.ac-nantes.fr\/lhuisserie\/wp-content\/uploads\/sites\/24\/2024\/02\/FIP-4-2023-2024.pdf\" type=\"application\/pdf\" style=\"width:100%;height:600px\" aria-label=\"Contenu embarqu\u00e9 FIP-4-2023-2024.\"><\/object><a id=\"wp-block-file--media-0f612e2d-7c86-4350-b0af-c2d58c413153\" href=\"https:\/\/passerelle2.ac-nantes.fr\/lhuisserie\/wp-content\/uploads\/sites\/24\/2024\/02\/FIP-4-2023-2024.pdf\">FIP-4-2023-2024<\/a><a href=\"https:\/\/passerelle2.ac-nantes.fr\/lhuisserie\/wp-content\/uploads\/sites\/24\/2024\/02\/FIP-4-2023-2024.pdf\" class=\"wp-block-file__button wp-element-button\" download aria-describedby=\"wp-block-file--media-0f612e2d-7c86-4350-b0af-c2d58c413153\">T\u00e9l\u00e9charger<\/a><\/div>\n\n\n\n<h4 class=\"wp-block-heading\">Fiche infos-parents n\u00b03 2023-2024<\/h4>\n\n\n\n<div data-wp-interactive=\"core\/file\" class=\"wp-block-file\"><object data-wp-bind--hidden=\"!state.hasPdfPreview\" hidden class=\"wp-block-file__embed\" data=\"https:\/\/passerelle2.ac-nantes.fr\/lhuisserie\/wp-content\/uploads\/sites\/24\/2024\/02\/Fiche-infos-parents-n\u00b03-2023-2024.pdf\" type=\"application\/pdf\" style=\"width:100%;height:600px\" aria-label=\"Contenu embarqu\u00e9 Fiche-infos-parents-n\u00b03-2023-2024.\"><\/object><a id=\"wp-block-file--media-b7ba1684-92e9-4758-b612-12d6c9f8e0d0\" href=\"https:\/\/passerelle2.ac-nantes.fr\/lhuisserie\/wp-content\/uploads\/sites\/24\/2024\/02\/Fiche-infos-parents-n\u00b03-2023-2024.pdf\">Fiche-infos-parents-n\u00b03-2023-2024<\/a><a href=\"https:\/\/passerelle2.ac-nantes.fr\/lhuisserie\/wp-content\/uploads\/sites\/24\/2024\/02\/Fiche-infos-parents-n\u00b03-2023-2024.pdf\" class=\"wp-block-file__button wp-element-button\" download aria-describedby=\"wp-block-file--media-b7ba1684-92e9-4758-b612-12d6c9f8e0d0\">T\u00e9l\u00e9charger<\/a><\/div>\n\n\n\n<h4 class=\"wp-block-heading\">Fiche infos-parents n\u00b02 2023-2024<\/h4>\n\n\n\n<div data-wp-interactive=\"core\/file\" class=\"wp-block-file\"><object data-wp-bind--hidden=\"!state.hasPdfPreview\" hidden class=\"wp-block-file__embed\" data=\"https:\/\/passerelle2.ac-nantes.fr\/lhuisserie\/wp-content\/uploads\/sites\/24\/2023\/10\/Fiche-Info-Parents-N\u00b0-2.pdf\" type=\"application\/pdf\" style=\"width:100%;height:600px\" aria-label=\"Contenu embarqu\u00e9 Fiche-Info-Parents-N\u00b0-2.\"><\/object><a id=\"wp-block-file--media-70a83420-dbea-4d51-9c1b-d141a60d4034\" href=\"https:\/\/passerelle2.ac-nantes.fr\/lhuisserie\/wp-content\/uploads\/sites\/24\/2023\/10\/Fiche-Info-Parents-N\u00b0-2.pdf\">Fiche-Info-Parents-N\u00b0-2<\/a><a href=\"https:\/\/passerelle2.ac-nantes.fr\/lhuisserie\/wp-content\/uploads\/sites\/24\/2023\/10\/Fiche-Info-Parents-N\u00b0-2.pdf\" class=\"wp-block-file__button wp-element-button\" download aria-describedby=\"wp-block-file--media-70a83420-dbea-4d51-9c1b-d141a60d4034\">T\u00e9l\u00e9charger<\/a><\/div>\n\n\n\n<h4 class=\"wp-block-heading\">Fiche infos-parents n\u00b01 2023-2024<\/h4>\n\n\n\n<div data-wp-interactive=\"core\/file\" class=\"wp-block-file\"><object data-wp-bind--hidden=\"!state.hasPdfPreview\" hidden class=\"wp-block-file__embed\" data=\"https:\/\/passerelle2.ac-nantes.fr\/lhuisserie\/wp-content\/uploads\/sites\/24\/2023\/09\/FIP-1-2023-2024.pdf\" type=\"application\/pdf\" style=\"width:100%;height:600px\" aria-label=\"Contenu embarqu\u00e9 FIP-1-2023-2024.\"><\/object><a id=\"wp-block-file--media-191bfb7a-530e-4bd5-bc93-7b41a04d273b\" href=\"https:\/\/passerelle2.ac-nantes.fr\/lhuisserie\/wp-content\/uploads\/sites\/24\/2023\/09\/FIP-1-2023-2024.pdf\">FIP-1-2023-2024<\/a><a href=\"https:\/\/passerelle2.ac-nantes.fr\/lhuisserie\/wp-content\/uploads\/sites\/24\/2023\/09\/FIP-1-2023-2024.pdf\" class=\"wp-block-file__button wp-element-button\" download aria-describedby=\"wp-block-file--media-191bfb7a-530e-4bd5-bc93-7b41a04d273b\">T\u00e9l\u00e9charger<\/a><\/div>\n\n\n\n<h4 class=\"wp-block-heading\">Fiche infos-parents n\u00b07 2022-2023<\/h4>\n\n\n\n<div data-wp-interactive=\"core\/file\" class=\"wp-block-file\"><object data-wp-bind--hidden=\"!state.hasPdfPreview\" hidden class=\"wp-block-file__embed\" data=\"https:\/\/passerelle2.ac-nantes.fr\/lhuisserie\/wp-content\/uploads\/sites\/24\/2023\/09\/FIP-7-2022-2023.pdf\" type=\"application\/pdf\" style=\"width:100%;height:600px\" aria-label=\"Contenu embarqu\u00e9 FIP-7-2022-2023.\"><\/object><a id=\"wp-block-file--media-84fbf9a8-8484-44d5-9cb9-f894d8de5e1f\" href=\"https:\/\/passerelle2.ac-nantes.fr\/lhuisserie\/wp-content\/uploads\/sites\/24\/2023\/09\/FIP-7-2022-2023.pdf\">FIP-7-2022-2023<\/a><a href=\"https:\/\/passerelle2.ac-nantes.fr\/lhuisserie\/wp-content\/uploads\/sites\/24\/2023\/09\/FIP-7-2022-2023.pdf\" class=\"wp-block-file__button wp-element-button\" download aria-describedby=\"wp-block-file--media-84fbf9a8-8484-44d5-9cb9-f894d8de5e1f\">T\u00e9l\u00e9charger<\/a><\/div>\n\n\n\n<h4 class=\"wp-block-heading\">Fiche infos-parents n\u00b06 2022-2023<\/h4>\n\n\n\n<div data-wp-interactive=\"core\/file\" class=\"wp-block-file\"><object data-wp-bind--hidden=\"!state.hasPdfPreview\" hidden class=\"wp-block-file__embed\" data=\"https:\/\/passerelle2.ac-nantes.fr\/lhuisserie\/wp-content\/uploads\/sites\/24\/2023\/09\/2023_Fiche-Info-Parents-N\u00b06.pdf\" type=\"application\/pdf\" style=\"width:100%;height:600px\" aria-label=\"Contenu embarqu\u00e9 2023_Fiche-Info-Parents-N\u00b06.\"><\/object><a id=\"wp-block-file--media-35bcfd1e-a5ea-4f23-88dd-a72bfe583469\" href=\"https:\/\/passerelle2.ac-nantes.fr\/lhuisserie\/wp-content\/uploads\/sites\/24\/2023\/09\/2023_Fiche-Info-Parents-N\u00b06.pdf\">2023_Fiche-Info-Parents-N\u00b06<\/a><a href=\"https:\/\/passerelle2.ac-nantes.fr\/lhuisserie\/wp-content\/uploads\/sites\/24\/2023\/09\/2023_Fiche-Info-Parents-N\u00b06.pdf\" class=\"wp-block-file__button wp-element-button\" download aria-describedby=\"wp-block-file--media-35bcfd1e-a5ea-4f23-88dd-a72bfe583469\">T\u00e9l\u00e9charger<\/a><\/div>\n\n\n\n<h4 class=\"wp-block-heading\">Fiche infos-parents n\u00b05 2022-2023<\/h4>\n\n\n\n<div data-wp-interactive=\"core\/file\" class=\"wp-block-file\"><object data-wp-bind--hidden=\"!state.hasPdfPreview\" hidden class=\"wp-block-file__embed\" data=\"https:\/\/passerelle2.ac-nantes.fr\/lhuisserie\/wp-content\/uploads\/sites\/24\/2023\/01\/FIP-5-2022-2023.pdf\" type=\"application\/pdf\" style=\"width:100%;height:600px\" aria-label=\"Contenu embarqu\u00e9 FIP-5-2022-2023.\"><\/object><a id=\"wp-block-file--media-70c2a61e-a707-4da1-8995-faeeed8d7c0d\" href=\"https:\/\/passerelle2.ac-nantes.fr\/lhuisserie\/wp-content\/uploads\/sites\/24\/2023\/01\/FIP-5-2022-2023.pdf\">FIP-5-2022-2023<\/a><a href=\"https:\/\/passerelle2.ac-nantes.fr\/lhuisserie\/wp-content\/uploads\/sites\/24\/2023\/01\/FIP-5-2022-2023.pdf\" class=\"wp-block-file__button wp-element-button\" download aria-describedby=\"wp-block-file--media-70c2a61e-a707-4da1-8995-faeeed8d7c0d\">T\u00e9l\u00e9charger<\/a><\/div>\n\n\n\n<h4 class=\"wp-block-heading\">Fiche infos-parents n\u00b04 2022-2023<\/h4>\n\n\n\n<div data-wp-interactive=\"core\/file\" class=\"wp-block-file\"><object data-wp-bind--hidden=\"!state.hasPdfPreview\" hidden class=\"wp-block-file__embed\" data=\"https:\/\/passerelle2.ac-nantes.fr\/lhuisserie\/wp-content\/uploads\/sites\/24\/2022\/11\/FIP-4-2022-2023.pdf\" type=\"application\/pdf\" style=\"width:100%;height:600px\" aria-label=\"Contenu embarqu\u00e9 FIP-4-2022-2023.\"><\/object><a id=\"wp-block-file--media-a6a3f9b7-5cf7-446b-9f8e-89b8cafaa4aa\" href=\"https:\/\/passerelle2.ac-nantes.fr\/lhuisserie\/wp-content\/uploads\/sites\/24\/2022\/11\/FIP-4-2022-2023.pdf\">FIP-4-2022-2023<\/a><a href=\"https:\/\/passerelle2.ac-nantes.fr\/lhuisserie\/wp-content\/uploads\/sites\/24\/2022\/11\/FIP-4-2022-2023.pdf\" class=\"wp-block-file__button wp-element-button\" download aria-describedby=\"wp-block-file--media-a6a3f9b7-5cf7-446b-9f8e-89b8cafaa4aa\">T\u00e9l\u00e9charger<\/a><\/div>\n\n\n\n<h4 class=\"wp-block-heading\">Fiche infos-parents \u00b03 2022-2023<\/h4>\n\n\n\n<div data-wp-interactive=\"core\/file\" class=\"wp-block-file\"><object data-wp-bind--hidden=\"!state.hasPdfPreview\" hidden class=\"wp-block-file__embed\" data=\"https:\/\/passerelle2.ac-nantes.fr\/lhuisserie\/wp-content\/uploads\/sites\/24\/2022\/11\/FIP-3-2022-2023.pdf\" type=\"application\/pdf\" style=\"width:100%;height:600px\" aria-label=\"Contenu embarqu\u00e9 FIP-3-2022-2023.\"><\/object><a id=\"wp-block-file--media-5ec819bd-762a-44a2-acf8-429c40dce556\" href=\"https:\/\/passerelle2.ac-nantes.fr\/lhuisserie\/wp-content\/uploads\/sites\/24\/2022\/11\/FIP-3-2022-2023.pdf\">FIP-3-2022-2023<\/a><a href=\"https:\/\/passerelle2.ac-nantes.fr\/lhuisserie\/wp-content\/uploads\/sites\/24\/2022\/11\/FIP-3-2022-2023.pdf\" class=\"wp-block-file__button wp-element-button\" download aria-describedby=\"wp-block-file--media-5ec819bd-762a-44a2-acf8-429c40dce556\">T\u00e9l\u00e9charger<\/a><\/div>\n\n\n\n<p><\/p>\n\n\n\n<h4 class=\"wp-block-heading\">Fiche infos-parents n\u00b02 2022-2023<\/h4>\n\n\n\n<div data-wp-interactive=\"core\/file\" class=\"wp-block-file\"><object data-wp-bind--hidden=\"!state.hasPdfPreview\" hidden class=\"wp-block-file__embed\" data=\"https:\/\/passerelle2.ac-nantes.fr\/lhuisserie\/wp-content\/uploads\/sites\/24\/2022\/11\/FIP-2-2022-2023.pdf\" type=\"application\/pdf\" style=\"width:100%;height:600px\" aria-label=\"Contenu embarqu\u00e9 FIP-2-2022-2023.\"><\/object><a id=\"wp-block-file--media-acb2d9fd-6259-4a46-a42b-a8ec0c958bfa\" href=\"https:\/\/passerelle2.ac-nantes.fr\/lhuisserie\/wp-content\/uploads\/sites\/24\/2022\/11\/FIP-2-2022-2023.pdf\">FIP-2-2022-2023<\/a><a href=\"https:\/\/passerelle2.ac-nantes.fr\/lhuisserie\/wp-content\/uploads\/sites\/24\/2022\/11\/FIP-2-2022-2023.pdf\" class=\"wp-block-file__button wp-element-button\" download aria-describedby=\"wp-block-file--media-acb2d9fd-6259-4a46-a42b-a8ec0c958bfa\">T\u00e9l\u00e9charger<\/a><\/div>\n\n\n\n<p><\/p>\n\n\n\n<h4 class=\"wp-block-heading\">Fiche infos-parents n\u00b01 2022-2023<\/h4>\n\n\n\n<div data-wp-interactive=\"core\/file\" class=\"wp-block-file\"><object data-wp-bind--hidden=\"!state.hasPdfPreview\" hidden class=\"wp-block-file__embed\" data=\"https:\/\/passerelle2.ac-nantes.fr\/lhuisserie\/wp-content\/uploads\/sites\/24\/2022\/11\/FIP-1-2022-2023-1.pdf\" type=\"application\/pdf\" style=\"width:100%;height:600px\" aria-label=\"Contenu embarqu\u00e9 FIP-1-2022-2023-1.\"><\/object><a id=\"wp-block-file--media-c69ec172-cb77-40e7-8473-effbc9dbed50\" href=\"https:\/\/passerelle2.ac-nantes.fr\/lhuisserie\/wp-content\/uploads\/sites\/24\/2022\/11\/FIP-1-2022-2023-1.pdf\">FIP-1-2022-2023-1<\/a><a href=\"https:\/\/passerelle2.ac-nantes.fr\/lhuisserie\/wp-content\/uploads\/sites\/24\/2022\/11\/FIP-1-2022-2023-1.pdf\" class=\"wp-block-file__button wp-element-button\" download aria-describedby=\"wp-block-file--media-c69ec172-cb77-40e7-8473-effbc9dbed50\">T\u00e9l\u00e9charger<\/a><\/div>\n","protected":false},"excerpt":{"rendered":"<p>Notre \u00e9cole comporte 12 classes, de la TPS au CM2. Il y a 4 classes dans le b\u00e2timent maternelle et 8 dans le b\u00e2timent \u00e9l\u00e9mentaire. Pour l&rsquo;ann\u00e9e scolaire 2025-2026, nous accueillons 314 \u00e9l\u00e8ves r\u00e9partis ainsi : TPS\/PS&nbsp;: Mme FROCTPS\/PS\/MS &nbsp; : Mme LE GOFFMS\/GS A : Mmes DESHAYES&nbsp;MS\/GS B : Mme MESS\u00c9 CP : Mme &hellip; <\/p>\n<p><a class=\"more-link btn\" href=\"https:\/\/passerelle2.ac-nantes.fr\/lhuisserie\/infos-pratiques\/\">Lire la suite<\/a><\/p>\n","protected":false},"author":1440,"featured_media":0,"parent":0,"menu_order":0,"comment_status":"closed","ping_status":"closed","template":"","meta":{"ngg_post_thumbnail":0,"h5ap_radio_sources":[],"footnotes":""},"folder":[],"class_list":["post-5843","page","type-page","status-publish","hentry","nodate","item-wrap"],"jetpack_shortlink":"https:\/\/wp.me\/P8PERX-1wf","_links":{"self":[{"href":"https:\/\/passerelle2.ac-nantes.fr\/lhuisserie\/wp-json\/wp\/v2\/pages\/5843","targetHints":{"allow":["GET"]}}],"collection":[{"href":"https:\/\/passerelle2.ac-nantes.fr\/lhuisserie\/wp-json\/wp\/v2\/pages"}],"about":[{"href":"https:\/\/passerelle2.ac-nantes.fr\/lhuisserie\/wp-json\/wp\/v2\/types\/page"}],"author":[{"embeddable":true,"href":"https:\/\/passerelle2.ac-nantes.fr\/lhuisserie\/wp-json\/wp\/v2\/users\/1440"}],"replies":[{"embeddable":true,"href":"https:\/\/passerelle2.ac-nantes.fr\/lhuisserie\/wp-json\/wp\/v2\/comments?post=5843"}],"version-history":[{"count":0,"href":"https:\/\/passerelle2.ac-nantes.fr\/lhuisserie\/wp-json\/wp\/v2\/pages\/5843\/revisions"}],"wp:attachment":[{"href":"https:\/\/passerelle2.ac-nantes.fr\/lhuisserie\/wp-json\/wp\/v2\/media?parent=5843"}],"wp:term":[{"taxonomy":"folder","embeddable":true,"href":"https:\/\/passerelle2.ac-nantes.fr\/lhuisserie\/wp-json\/wp\/v2\/folder?post=5843"}],"curies":[{"name":"wp","href":"https:\/\/api.w.org\/{rel}","templated":true}]}}