
{"id":1027,"date":"2015-03-25T14:11:19","date_gmt":"2015-03-25T14:11:19","guid":{"rendered":"https:\/\/passerelle2.ac-nantes.fr\/matisse\/?page_id=1027"},"modified":"2015-03-25T14:11:19","modified_gmt":"2015-03-25T14:11:19","slug":"actualites","status":"publish","type":"page","link":"https:\/\/passerelle2.ac-nantes.fr\/matisse\/actualites\/","title":{"rendered":"Actualit\u00e9s"},"content":{"rendered":"<p>La nouvelle salle de motricit\u00e9 est arriv\u00e9e&#8230; gr\u00e2ce \u00e0 une grue gigantesque.<\/p>\n<p>Un voyage impressionnant dans les airs !<\/p>\n<div id=\"attachment_1028\" style=\"width: 160px\" class=\"wp-caption alignleft\"><a href=\"https:\/\/passerelle2.ac-nantes.fr\/matisse\/wp-content\/uploads\/sites\/311\/2015\/03\/CIMG1189.jpg\"><img loading=\"lazy\" decoding=\"async\" aria-describedby=\"caption-attachment-1028\" class=\"size-thumbnail wp-image-1028\" src=\"https:\/\/passerelle2.ac-nantes.fr\/matisse\/wp-content\/uploads\/sites\/311\/2015\/03\/CIMG1189-150x150.jpg\" alt=\"\" width=\"150\" height=\"150\" \/><\/a><p id=\"caption-attachment-1028\" class=\"wp-caption-text\">arriv\u00e9e de la structure de la salle de moricit\u00e9<\/p><\/div>\n<div id=\"attachment_1029\" style=\"width: 160px\" class=\"wp-caption aligncenter\"><a href=\"https:\/\/passerelle2.ac-nantes.fr\/matisse\/wp-content\/uploads\/sites\/311\/2015\/03\/CIMG1194.jpg\"><img loading=\"lazy\" decoding=\"async\" aria-describedby=\"caption-attachment-1029\" class=\"size-thumbnail wp-image-1029\" src=\"https:\/\/passerelle2.ac-nantes.fr\/matisse\/wp-content\/uploads\/sites\/311\/2015\/03\/CIMG1194-150x150.jpg\" alt=\"\" width=\"150\" height=\"150\" \/><\/a><p id=\"caption-attachment-1029\" class=\"wp-caption-text\">Vue depuis la classe<\/p><\/div>\n<div id=\"attachment_1030\" style=\"width: 160px\" class=\"wp-caption alignright\"><a href=\"https:\/\/passerelle2.ac-nantes.fr\/matisse\/wp-content\/uploads\/sites\/311\/2015\/03\/CIMG1196.jpg\"><img loading=\"lazy\" decoding=\"async\" aria-describedby=\"caption-attachment-1030\" class=\"size-thumbnail wp-image-1030\" src=\"https:\/\/passerelle2.ac-nantes.fr\/matisse\/wp-content\/uploads\/sites\/311\/2015\/03\/CIMG1196-150x150.jpg\" alt=\"\" width=\"150\" height=\"150\" \/><\/a><p id=\"caption-attachment-1030\" class=\"wp-caption-text\">Ca y est ! Nous avons une nouvelle salle de motricit\u00e9 !<\/p><\/div>\n","protected":false},"excerpt":{"rendered":"<p>La nouvelle salle de motricit\u00e9 est arriv\u00e9e&#8230; gr\u00e2ce \u00e0 une grue gigantesque. Un voyage impressionnant dans les airs !<\/p>\n","protected":false},"author":5554,"featured_media":0,"parent":0,"menu_order":0,"comment_status":"open","ping_status":"open","template":"","meta":{"ngg_post_thumbnail":0,"h5ap_radio_sources":[],"jetpack_post_was_ever_published":false,"footnotes":""},"folder":[],"class_list":["post-1027","page","type-page","status-publish","hentry"],"jetpack_sharing_enabled":true,"jetpack_shortlink":"https:\/\/wp.me\/P8Njks-gz","_links":{"self":[{"href":"https:\/\/passerelle2.ac-nantes.fr\/matisse\/wp-json\/wp\/v2\/pages\/1027","targetHints":{"allow":["GET"]}}],"collection":[{"href":"https:\/\/passerelle2.ac-nantes.fr\/matisse\/wp-json\/wp\/v2\/pages"}],"about":[{"href":"https:\/\/passerelle2.ac-nantes.fr\/matisse\/wp-json\/wp\/v2\/types\/page"}],"author":[{"embeddable":true,"href":"https:\/\/passerelle2.ac-nantes.fr\/matisse\/wp-json\/wp\/v2\/users\/5554"}],"replies":[{"embeddable":true,"href":"https:\/\/passerelle2.ac-nantes.fr\/matisse\/wp-json\/wp\/v2\/comments?post=1027"}],"version-history":[{"count":0,"href":"https:\/\/passerelle2.ac-nantes.fr\/matisse\/wp-json\/wp\/v2\/pages\/1027\/revisions"}],"wp:attachment":[{"href":"https:\/\/passerelle2.ac-nantes.fr\/matisse\/wp-json\/wp\/v2\/media?parent=1027"}],"wp:term":[{"taxonomy":"folder","embeddable":true,"href":"https:\/\/passerelle2.ac-nantes.fr\/matisse\/wp-json\/wp\/v2\/folder?post=1027"}],"curies":[{"name":"wp","href":"https:\/\/api.w.org\/{rel}","templated":true}]}}