
{"id":1060,"date":"2015-04-10T12:49:26","date_gmt":"2015-04-10T12:49:26","guid":{"rendered":"https:\/\/passerelle2.ac-nantes.fr\/matisse\/?page_id=1060"},"modified":"2024-12-09T08:31:16","modified_gmt":"2024-12-09T07:31:16","slug":"merci-a-l-ape","status":"publish","type":"page","link":"https:\/\/passerelle2.ac-nantes.fr\/matisse\/les-maternelles\/annee-2024-2025\/dates-et-animations\/merci-a-l-ape\/","title":{"rendered":"merci \u00e0 l ape"},"content":{"rendered":"<p>Nous tenons \u00e0 remercier l\u2019APE qui a financ\u00e9 une grosse commande de livres pour les trois classes de notre \u00e9cole. Merci \u00e0 eux et merci \u00e0 vous de les soutenir dans leurs diverses initiatives, ce dans l\u2019int\u00e9r\u00eat de vos enfants et de nos \u00e9l\u00e8ves\u00a0!<\/p>\n","protected":false},"excerpt":{"rendered":"<p>Nous tenons \u00e0 remercier l\u2019APE qui a financ\u00e9 une grosse commande de livres pour les trois classes de notre \u00e9cole. Merci \u00e0 eux et merci \u00e0 vous de les soutenir dans leurs diverses initiatives, ce dans l\u2019int\u00e9r\u00eat de vos enfants &hellip; <a href=\"https:\/\/passerelle2.ac-nantes.fr\/matisse\/les-maternelles\/annee-2024-2025\/dates-et-animations\/merci-a-l-ape\/\">Continuer la lecture <span class=\"meta-nav\">&rarr;<\/span><\/a><\/p>\n","protected":false},"author":5554,"featured_media":0,"parent":8552,"menu_order":0,"comment_status":"open","ping_status":"closed","template":"","meta":{"ngg_post_thumbnail":0,"h5ap_radio_sources":[],"jetpack_post_was_ever_published":false,"footnotes":""},"folder":[],"class_list":["post-1060","page","type-page","status-publish","hentry"],"jetpack_sharing_enabled":true,"jetpack_shortlink":"https:\/\/wp.me\/P8Njks-h6","_links":{"self":[{"href":"https:\/\/passerelle2.ac-nantes.fr\/matisse\/wp-json\/wp\/v2\/pages\/1060","targetHints":{"allow":["GET"]}}],"collection":[{"href":"https:\/\/passerelle2.ac-nantes.fr\/matisse\/wp-json\/wp\/v2\/pages"}],"about":[{"href":"https:\/\/passerelle2.ac-nantes.fr\/matisse\/wp-json\/wp\/v2\/types\/page"}],"author":[{"embeddable":true,"href":"https:\/\/passerelle2.ac-nantes.fr\/matisse\/wp-json\/wp\/v2\/users\/5554"}],"replies":[{"embeddable":true,"href":"https:\/\/passerelle2.ac-nantes.fr\/matisse\/wp-json\/wp\/v2\/comments?post=1060"}],"version-history":[{"count":0,"href":"https:\/\/passerelle2.ac-nantes.fr\/matisse\/wp-json\/wp\/v2\/pages\/1060\/revisions"}],"up":[{"embeddable":true,"href":"https:\/\/passerelle2.ac-nantes.fr\/matisse\/wp-json\/wp\/v2\/pages\/8552"}],"wp:attachment":[{"href":"https:\/\/passerelle2.ac-nantes.fr\/matisse\/wp-json\/wp\/v2\/media?parent=1060"}],"wp:term":[{"taxonomy":"folder","embeddable":true,"href":"https:\/\/passerelle2.ac-nantes.fr\/matisse\/wp-json\/wp\/v2\/folder?post=1060"}],"curies":[{"name":"wp","href":"https:\/\/api.w.org\/{rel}","templated":true}]}}