
{"id":1524,"date":"2015-09-28T15:15:17","date_gmt":"2015-09-28T15:15:17","guid":{"rendered":"https:\/\/passerelle2.ac-nantes.fr\/matisse\/?page_id=1524"},"modified":"2015-10-06T15:04:42","modified_gmt":"2015-10-06T15:04:42","slug":"les-maquettes","status":"publish","type":"page","link":"https:\/\/passerelle2.ac-nantes.fr\/matisse\/les-cp-ce1\/2015-2016\/les-maquettes\/","title":{"rendered":"les maquettes"},"content":{"rendered":"<p>1er chantier de l&rsquo;ann\u00e9e : construire une maquette de la classe !<\/p>\n<p>Que de questions et de probl\u00e8mes \u00e0 r\u00e9soudre&#8230;<a href=\"https:\/\/passerelle2.ac-nantes.fr\/matisse\/wp-content\/uploads\/sites\/311\/2015\/09\/IMGP2497.jpg\"><img loading=\"lazy\" decoding=\"async\" class=\"alignright size-thumbnail wp-image-1527\" src=\"https:\/\/passerelle2.ac-nantes.fr\/matisse\/wp-content\/uploads\/sites\/311\/2015\/09\/IMGP2497-150x150.jpg\" alt=\"\" width=\"150\" height=\"150\" \/><\/a><a href=\"https:\/\/passerelle2.ac-nantes.fr\/matisse\/wp-content\/uploads\/sites\/311\/2015\/09\/IMGP2494.jpg\"><img loading=\"lazy\" decoding=\"async\" class=\"alignleft size-thumbnail wp-image-1525\" src=\"https:\/\/passerelle2.ac-nantes.fr\/matisse\/wp-content\/uploads\/sites\/311\/2015\/09\/IMGP2494-150x150.jpg\" alt=\"\" width=\"150\" height=\"150\" \/><\/a><\/p>\n<p>&nbsp;<\/p>\n<p>&nbsp;<\/p>\n<p>&nbsp;<\/p>\n<p><a href=\"https:\/\/passerelle2.ac-nantes.fr\/matisse\/wp-content\/uploads\/sites\/311\/2015\/09\/IMGP2496.jpg\"><img loading=\"lazy\" decoding=\"async\" class=\"aligncenter size-thumbnail wp-image-1526\" src=\"https:\/\/passerelle2.ac-nantes.fr\/matisse\/wp-content\/uploads\/sites\/311\/2015\/09\/IMGP2496-150x150.jpg\" alt=\"\" width=\"150\" height=\"150\" \/><\/a><\/p>\n<p>Voici nos maquettes termin\u00e9es :<\/p>\n<div id=\"attachment_1555\" style=\"width: 160px\" class=\"wp-caption alignright\"><a href=\"https:\/\/passerelle2.ac-nantes.fr\/matisse\/wp-content\/uploads\/sites\/311\/2015\/09\/IMGP2519.jpg\"><img loading=\"lazy\" decoding=\"async\" aria-describedby=\"caption-attachment-1555\" class=\"size-thumbnail wp-image-1555\" src=\"https:\/\/passerelle2.ac-nantes.fr\/matisse\/wp-content\/uploads\/sites\/311\/2015\/09\/IMGP2519-150x150.jpg\" alt=\"\" width=\"150\" height=\"150\" \/><\/a><p id=\"caption-attachment-1555\" class=\"wp-caption-text\">3i\u00e8 groupe<\/p><\/div>\n<div id=\"attachment_1554\" style=\"width: 160px\" class=\"wp-caption aligncenter\"><a href=\"https:\/\/passerelle2.ac-nantes.fr\/matisse\/wp-content\/uploads\/sites\/311\/2015\/09\/IMGP2517.jpg\"><img loading=\"lazy\" decoding=\"async\" aria-describedby=\"caption-attachment-1554\" class=\"size-thumbnail wp-image-1554\" src=\"https:\/\/passerelle2.ac-nantes.fr\/matisse\/wp-content\/uploads\/sites\/311\/2015\/09\/IMGP2517-150x150.jpg\" alt=\"\" width=\"150\" height=\"150\" \/><\/a><p id=\"caption-attachment-1554\" class=\"wp-caption-text\">2i\u00e8 groupe<\/p><\/div>\n<div id=\"attachment_1553\" style=\"width: 160px\" class=\"wp-caption alignleft\"><a href=\"https:\/\/passerelle2.ac-nantes.fr\/matisse\/wp-content\/uploads\/sites\/311\/2015\/09\/IMGP2512.jpg\"><img loading=\"lazy\" decoding=\"async\" aria-describedby=\"caption-attachment-1553\" class=\"size-thumbnail wp-image-1553\" src=\"https:\/\/passerelle2.ac-nantes.fr\/matisse\/wp-content\/uploads\/sites\/311\/2015\/09\/IMGP2512-150x150.jpg\" alt=\"\" width=\"150\" height=\"150\" \/><\/a><p id=\"caption-attachment-1553\" class=\"wp-caption-text\">1er groupe<\/p><\/div>\n","protected":false},"excerpt":{"rendered":"<p>1er chantier de l&rsquo;ann\u00e9e : construire une maquette de la classe ! Que de questions et de probl\u00e8mes \u00e0 r\u00e9soudre&#8230; &nbsp; &nbsp; &nbsp; Voici nos maquettes termin\u00e9es :<\/p>\n","protected":false},"author":5554,"featured_media":0,"parent":1506,"menu_order":0,"comment_status":"open","ping_status":"open","template":"","meta":{"ngg_post_thumbnail":0,"h5ap_radio_sources":[],"jetpack_post_was_ever_published":false,"footnotes":""},"folder":[],"class_list":["post-1524","page","type-page","status-publish","hentry"],"jetpack_sharing_enabled":true,"jetpack_shortlink":"https:\/\/wp.me\/P8Njks-oA","_links":{"self":[{"href":"https:\/\/passerelle2.ac-nantes.fr\/matisse\/wp-json\/wp\/v2\/pages\/1524","targetHints":{"allow":["GET"]}}],"collection":[{"href":"https:\/\/passerelle2.ac-nantes.fr\/matisse\/wp-json\/wp\/v2\/pages"}],"about":[{"href":"https:\/\/passerelle2.ac-nantes.fr\/matisse\/wp-json\/wp\/v2\/types\/page"}],"author":[{"embeddable":true,"href":"https:\/\/passerelle2.ac-nantes.fr\/matisse\/wp-json\/wp\/v2\/users\/5554"}],"replies":[{"embeddable":true,"href":"https:\/\/passerelle2.ac-nantes.fr\/matisse\/wp-json\/wp\/v2\/comments?post=1524"}],"version-history":[{"count":0,"href":"https:\/\/passerelle2.ac-nantes.fr\/matisse\/wp-json\/wp\/v2\/pages\/1524\/revisions"}],"up":[{"embeddable":true,"href":"https:\/\/passerelle2.ac-nantes.fr\/matisse\/wp-json\/wp\/v2\/pages\/1506"}],"wp:attachment":[{"href":"https:\/\/passerelle2.ac-nantes.fr\/matisse\/wp-json\/wp\/v2\/media?parent=1524"}],"wp:term":[{"taxonomy":"folder","embeddable":true,"href":"https:\/\/passerelle2.ac-nantes.fr\/matisse\/wp-json\/wp\/v2\/folder?post=1524"}],"curies":[{"name":"wp","href":"https:\/\/api.w.org\/{rel}","templated":true}]}}