
{"id":1807,"date":"2016-01-06T17:12:01","date_gmt":"2016-01-06T17:12:01","guid":{"rendered":"https:\/\/passerelle2.ac-nantes.fr\/matisse\/?page_id=1807"},"modified":"2016-01-12T12:29:34","modified_gmt":"2016-01-12T12:29:34","slug":"today-is-monday","status":"publish","type":"page","link":"https:\/\/passerelle2.ac-nantes.fr\/matisse\/les-cp-ce1\/2015-2016\/today-is-monday\/","title":{"rendered":"Today is Monday"},"content":{"rendered":"<p>Voici une petite vid\u00e9o de vos enfants, apr\u00e8s de nombreuses s\u00e9ances d&rsquo;apprentissage, de la chanson, en lien avec le livre Today is Monday d&rsquo;Eric Carle.<\/p>\n<p>Nous esp\u00e9rons que vous saurez en profiter.<\/p>\n<p><a href=\"https:\/\/passerelle2.ac-nantes.fr\/matisse\/wp-content\/uploads\/sites\/311\/2015\/12\/MVI_4509.flv\">MVI_4509<\/a><\/p>\n","protected":false},"excerpt":{"rendered":"<p>Voici une petite vid\u00e9o de vos enfants, apr\u00e8s de nombreuses s\u00e9ances d&rsquo;apprentissage, de la chanson, en lien avec le livre Today is Monday d&rsquo;Eric Carle. Nous esp\u00e9rons que vous saurez en profiter. MVI_4509<\/p>\n","protected":false},"author":5554,"featured_media":0,"parent":1506,"menu_order":0,"comment_status":"open","ping_status":"open","template":"","meta":{"ngg_post_thumbnail":0,"h5ap_radio_sources":[],"jetpack_post_was_ever_published":false,"footnotes":""},"folder":[],"class_list":["post-1807","page","type-page","status-publish","hentry"],"jetpack_sharing_enabled":true,"jetpack_shortlink":"https:\/\/wp.me\/P8Njks-t9","_links":{"self":[{"href":"https:\/\/passerelle2.ac-nantes.fr\/matisse\/wp-json\/wp\/v2\/pages\/1807","targetHints":{"allow":["GET"]}}],"collection":[{"href":"https:\/\/passerelle2.ac-nantes.fr\/matisse\/wp-json\/wp\/v2\/pages"}],"about":[{"href":"https:\/\/passerelle2.ac-nantes.fr\/matisse\/wp-json\/wp\/v2\/types\/page"}],"author":[{"embeddable":true,"href":"https:\/\/passerelle2.ac-nantes.fr\/matisse\/wp-json\/wp\/v2\/users\/5554"}],"replies":[{"embeddable":true,"href":"https:\/\/passerelle2.ac-nantes.fr\/matisse\/wp-json\/wp\/v2\/comments?post=1807"}],"version-history":[{"count":0,"href":"https:\/\/passerelle2.ac-nantes.fr\/matisse\/wp-json\/wp\/v2\/pages\/1807\/revisions"}],"up":[{"embeddable":true,"href":"https:\/\/passerelle2.ac-nantes.fr\/matisse\/wp-json\/wp\/v2\/pages\/1506"}],"wp:attachment":[{"href":"https:\/\/passerelle2.ac-nantes.fr\/matisse\/wp-json\/wp\/v2\/media?parent=1807"}],"wp:term":[{"taxonomy":"folder","embeddable":true,"href":"https:\/\/passerelle2.ac-nantes.fr\/matisse\/wp-json\/wp\/v2\/folder?post=1807"}],"curies":[{"name":"wp","href":"https:\/\/api.w.org\/{rel}","templated":true}]}}