
{"id":1976,"date":"2016-01-11T11:38:59","date_gmt":"2016-01-11T11:38:59","guid":{"rendered":"https:\/\/passerelle2.ac-nantes.fr\/matisse\/?page_id=1976"},"modified":"2016-02-22T16:25:36","modified_gmt":"2016-02-22T16:25:36","slug":"intervention-du-smirgeomes","status":"publish","type":"page","link":"https:\/\/passerelle2.ac-nantes.fr\/matisse\/les-cp-ce1\/2015-2016\/intervention-du-smirgeomes\/","title":{"rendered":"intervention du SMIRGEOMES"},"content":{"rendered":"<div id=\"attachment_2226\" style=\"width: 310px\" class=\"wp-caption alignnone\"><a href=\"https:\/\/passerelle2.ac-nantes.fr\/matisse\/wp-content\/uploads\/sites\/311\/2016\/01\/IMGP3200.jpg\"><img loading=\"lazy\" decoding=\"async\" aria-describedby=\"caption-attachment-2226\" class=\"size-medium wp-image-2226\" src=\"https:\/\/passerelle2.ac-nantes.fr\/matisse\/wp-content\/uploads\/sites\/311\/2016\/01\/IMGP3200-300x225.jpg\" alt=\"\" width=\"300\" height=\"225\" srcset=\"https:\/\/passerelle2.ac-nantes.fr\/matisse\/wp-content\/uploads\/sites\/311\/2016\/01\/IMGP3200-300x225.jpg 300w, https:\/\/passerelle2.ac-nantes.fr\/matisse\/wp-content\/uploads\/sites\/311\/2016\/01\/IMGP3200.jpg 1024w\" sizes=\"auto, (max-width: 300px) 100vw, 300px\" \/> <a href=\"https:\/\/passerelle2.ac-nantes.fr\/matisse\/wp-content\/uploads\/sites\/311\/2016\/01\/IMGP3207.jpg\"><img loading=\"lazy\" decoding=\"async\" aria-describedby=\"caption-attachment-2226\" class=\"alignright size-medium wp-image-2228\" src=\"https:\/\/passerelle2.ac-nantes.fr\/matisse\/wp-content\/uploads\/sites\/311\/2016\/01\/IMGP3207-300x225.jpg\" alt=\"\" width=\"300\" height=\"225\" srcset=\"https:\/\/passerelle2.ac-nantes.fr\/matisse\/wp-content\/uploads\/sites\/311\/2016\/01\/IMGP3207-300x225.jpg 300w, https:\/\/passerelle2.ac-nantes.fr\/matisse\/wp-content\/uploads\/sites\/311\/2016\/01\/IMGP3207.jpg 1024w\" sizes=\"auto, (max-width: 300px) 100vw, 300px\" \/><\/a><a href=\"https:\/\/passerelle2.ac-nantes.fr\/matisse\/wp-content\/uploads\/sites\/311\/2016\/01\/IMGP3204.jpg\"><img loading=\"lazy\" decoding=\"async\" aria-describedby=\"caption-attachment-2226\" class=\"alignnone size-medium wp-image-2227\" src=\"https:\/\/passerelle2.ac-nantes.fr\/matisse\/wp-content\/uploads\/sites\/311\/2016\/01\/IMGP3204-300x225.jpg\" alt=\"\" width=\"300\" height=\"225\" srcset=\"https:\/\/passerelle2.ac-nantes.fr\/matisse\/wp-content\/uploads\/sites\/311\/2016\/01\/IMGP3204-300x225.jpg 300w, https:\/\/passerelle2.ac-nantes.fr\/matisse\/wp-content\/uploads\/sites\/311\/2016\/01\/IMGP3204.jpg 1024w\" sizes=\"auto, (max-width: 300px) 100vw, 300px\" \/><\/a><\/a><p id=\"caption-attachment-2226\" class=\"wp-caption-text\">Visite du site de tri \u00e0 Ecorpain<\/p><\/div>\n<p>En cette nouvelle ann\u00e9e 2016, nous commen\u00e7ons par travailler sur les d\u00e9chets avec Sophie.<\/p>\n<div id=\"attachment_1977\" style=\"width: 310px\" class=\"wp-caption alignleft\"><a href=\"https:\/\/passerelle2.ac-nantes.fr\/matisse\/wp-content\/uploads\/sites\/311\/2016\/01\/IMGP3132.jpg\"><img loading=\"lazy\" decoding=\"async\" aria-describedby=\"caption-attachment-1977\" class=\"size-medium wp-image-1977\" src=\"https:\/\/passerelle2.ac-nantes.fr\/matisse\/wp-content\/uploads\/sites\/311\/2016\/01\/IMGP3132-300x225.jpg\" alt=\"\" width=\"300\" height=\"225\" srcset=\"https:\/\/passerelle2.ac-nantes.fr\/matisse\/wp-content\/uploads\/sites\/311\/2016\/01\/IMGP3132-300x225.jpg 300w, https:\/\/passerelle2.ac-nantes.fr\/matisse\/wp-content\/uploads\/sites\/311\/2016\/01\/IMGP3132.jpg 1024w\" sizes=\"auto, (max-width: 300px) 100vw, 300px\" \/><\/a><p id=\"caption-attachment-1977\" class=\"wp-caption-text\">comment trier nos d\u00e9chets ?<\/p><\/div>\n","protected":false},"excerpt":{"rendered":"<p>En cette nouvelle ann\u00e9e 2016, nous commen\u00e7ons par travailler sur les d\u00e9chets avec Sophie.<\/p>\n","protected":false},"author":5554,"featured_media":0,"parent":1506,"menu_order":0,"comment_status":"open","ping_status":"open","template":"","meta":{"ngg_post_thumbnail":0,"h5ap_radio_sources":[],"jetpack_post_was_ever_published":false,"footnotes":""},"folder":[],"class_list":["post-1976","page","type-page","status-publish","hentry"],"jetpack_sharing_enabled":true,"jetpack_shortlink":"https:\/\/wp.me\/P8Njks-vS","_links":{"self":[{"href":"https:\/\/passerelle2.ac-nantes.fr\/matisse\/wp-json\/wp\/v2\/pages\/1976","targetHints":{"allow":["GET"]}}],"collection":[{"href":"https:\/\/passerelle2.ac-nantes.fr\/matisse\/wp-json\/wp\/v2\/pages"}],"about":[{"href":"https:\/\/passerelle2.ac-nantes.fr\/matisse\/wp-json\/wp\/v2\/types\/page"}],"author":[{"embeddable":true,"href":"https:\/\/passerelle2.ac-nantes.fr\/matisse\/wp-json\/wp\/v2\/users\/5554"}],"replies":[{"embeddable":true,"href":"https:\/\/passerelle2.ac-nantes.fr\/matisse\/wp-json\/wp\/v2\/comments?post=1976"}],"version-history":[{"count":0,"href":"https:\/\/passerelle2.ac-nantes.fr\/matisse\/wp-json\/wp\/v2\/pages\/1976\/revisions"}],"up":[{"embeddable":true,"href":"https:\/\/passerelle2.ac-nantes.fr\/matisse\/wp-json\/wp\/v2\/pages\/1506"}],"wp:attachment":[{"href":"https:\/\/passerelle2.ac-nantes.fr\/matisse\/wp-json\/wp\/v2\/media?parent=1976"}],"wp:term":[{"taxonomy":"folder","embeddable":true,"href":"https:\/\/passerelle2.ac-nantes.fr\/matisse\/wp-json\/wp\/v2\/folder?post=1976"}],"curies":[{"name":"wp","href":"https:\/\/api.w.org\/{rel}","templated":true}]}}