
{"id":2123,"date":"2016-01-26T16:02:46","date_gmt":"2016-01-26T16:02:46","guid":{"rendered":"https:\/\/passerelle2.ac-nantes.fr\/matisse\/?page_id=2123"},"modified":"2016-01-26T16:02:46","modified_gmt":"2016-01-26T16:02:46","slug":"visite-de-la-mediatheque-et-de-la-laverie","status":"publish","type":"page","link":"https:\/\/passerelle2.ac-nantes.fr\/matisse\/les-cp-ce1\/2015-2016\/visite-de-la-mediatheque-et-de-la-laverie\/","title":{"rendered":"Visite de la m\u00e9diath\u00e8que et de La Laverie"},"content":{"rendered":"<p>A la m\u00e9diath\u00e8que, Violaine nous a lu une histoire.<\/p>\n<p>A La Laverie, on a essay\u00e9 de reproduire un tableau.<\/p>\n<p>A la m\u00e9diath\u00e8que, j\u2019ai regard\u00e9 les trois petits livres, c\u2019\u00e9tait des chansons.<\/p>\n<p>Les dames nous ont lu des histoires, elles nous ont fait voir toute la m\u00e9diath\u00e8que, je n\u2019ai pas eu le temps de lire un livre.<\/p>\n<p>A la laverie, on a fait des dessins.<\/p>\n<p>J\u2019ai aim\u00e9 la m\u00e9diath\u00e8que parce que j\u2019ai vu des choses que je n\u2019ai jamais vu.<\/p>\n<p>On a vu \u00e0 la m\u00e9diath\u00e8que, des livres.<\/p>\n<p>Deux personnes nous ont lu une histoire et deux chansons.<\/p>\n<p>On a regard\u00e9 un livre, on a \u00e9t\u00e9 \u00e0 La Laverie, on a commenc\u00e9 un tableau.<\/p>\n<p>Je vais prendre des cours de dessin.<\/p>\n<p>On a visit\u00e9 la m\u00e9diath\u00e8que et regard\u00e9 les tableaux \u00e0 La Laverie et on a pris des photos.<\/p>\n<p>On a \u00e9t\u00e9 \u00e0 la m\u00e9diath\u00e8que, on a lu des livres et on a vu des CD.<\/p>\n<div id=\"attachment_2124\" style=\"width: 310px\" class=\"wp-caption alignright\"><a href=\"https:\/\/passerelle2.ac-nantes.fr\/matisse\/wp-content\/uploads\/sites\/311\/2016\/01\/IMGP3155.jpg\"><img loading=\"lazy\" decoding=\"async\" aria-describedby=\"caption-attachment-2124\" class=\"size-medium wp-image-2124\" src=\"https:\/\/passerelle2.ac-nantes.fr\/matisse\/wp-content\/uploads\/sites\/311\/2016\/01\/IMGP3155-300x225.jpg\" alt=\"\" width=\"300\" height=\"225\" srcset=\"https:\/\/passerelle2.ac-nantes.fr\/matisse\/wp-content\/uploads\/sites\/311\/2016\/01\/IMGP3155-300x225.jpg 300w, https:\/\/passerelle2.ac-nantes.fr\/matisse\/wp-content\/uploads\/sites\/311\/2016\/01\/IMGP3155.jpg 1024w\" sizes=\"auto, (max-width: 300px) 100vw, 300px\" \/><\/a><p id=\"caption-attachment-2124\" class=\"wp-caption-text\"> 13 novembre  2015 Paris<\/p><\/div>\n<p>&nbsp;<\/p>\n<p>&nbsp;<\/p>\n<p>&nbsp;<\/p>\n<p>&nbsp;<\/p>\n<p>&nbsp;<\/p>\n<p>&nbsp;<\/p>\n<p><a href=\"https:\/\/passerelle2.ac-nantes.fr\/matisse\/wp-content\/uploads\/sites\/311\/2016\/01\/IMGP3149.jpg\"><img loading=\"lazy\" decoding=\"async\" class=\"alignright size-medium wp-image-2125\" src=\"https:\/\/passerelle2.ac-nantes.fr\/matisse\/wp-content\/uploads\/sites\/311\/2016\/01\/IMGP3149-300x225.jpg\" alt=\"\" width=\"300\" height=\"225\" srcset=\"https:\/\/passerelle2.ac-nantes.fr\/matisse\/wp-content\/uploads\/sites\/311\/2016\/01\/IMGP3149-300x225.jpg 300w, https:\/\/passerelle2.ac-nantes.fr\/matisse\/wp-content\/uploads\/sites\/311\/2016\/01\/IMGP3149.jpg 1024w\" sizes=\"auto, (max-width: 300px) 100vw, 300px\" \/><\/a>Arriv\u00e9e \u00e0 la m\u00e9diath\u00e8que :<\/p>\n","protected":false},"excerpt":{"rendered":"<p>A la m\u00e9diath\u00e8que, Violaine nous a lu une histoire. A La Laverie, on a essay\u00e9 de reproduire un tableau. A la m\u00e9diath\u00e8que, j\u2019ai regard\u00e9 les trois petits livres, c\u2019\u00e9tait des chansons. Les dames nous ont lu des histoires, elles nous &hellip; <a href=\"https:\/\/passerelle2.ac-nantes.fr\/matisse\/les-cp-ce1\/2015-2016\/visite-de-la-mediatheque-et-de-la-laverie\/\">Continuer la lecture <span class=\"meta-nav\">&rarr;<\/span><\/a><\/p>\n","protected":false},"author":5554,"featured_media":0,"parent":1506,"menu_order":0,"comment_status":"open","ping_status":"open","template":"","meta":{"ngg_post_thumbnail":0,"h5ap_radio_sources":[],"jetpack_post_was_ever_published":false,"footnotes":""},"folder":[],"class_list":["post-2123","page","type-page","status-publish","hentry"],"jetpack_sharing_enabled":true,"jetpack_shortlink":"https:\/\/wp.me\/P8Njks-yf","_links":{"self":[{"href":"https:\/\/passerelle2.ac-nantes.fr\/matisse\/wp-json\/wp\/v2\/pages\/2123","targetHints":{"allow":["GET"]}}],"collection":[{"href":"https:\/\/passerelle2.ac-nantes.fr\/matisse\/wp-json\/wp\/v2\/pages"}],"about":[{"href":"https:\/\/passerelle2.ac-nantes.fr\/matisse\/wp-json\/wp\/v2\/types\/page"}],"author":[{"embeddable":true,"href":"https:\/\/passerelle2.ac-nantes.fr\/matisse\/wp-json\/wp\/v2\/users\/5554"}],"replies":[{"embeddable":true,"href":"https:\/\/passerelle2.ac-nantes.fr\/matisse\/wp-json\/wp\/v2\/comments?post=2123"}],"version-history":[{"count":0,"href":"https:\/\/passerelle2.ac-nantes.fr\/matisse\/wp-json\/wp\/v2\/pages\/2123\/revisions"}],"up":[{"embeddable":true,"href":"https:\/\/passerelle2.ac-nantes.fr\/matisse\/wp-json\/wp\/v2\/pages\/1506"}],"wp:attachment":[{"href":"https:\/\/passerelle2.ac-nantes.fr\/matisse\/wp-json\/wp\/v2\/media?parent=2123"}],"wp:term":[{"taxonomy":"folder","embeddable":true,"href":"https:\/\/passerelle2.ac-nantes.fr\/matisse\/wp-json\/wp\/v2\/folder?post=2123"}],"curies":[{"name":"wp","href":"https:\/\/api.w.org\/{rel}","templated":true}]}}