
{"id":3420,"date":"2017-02-10T15:05:54","date_gmt":"2017-02-10T15:05:54","guid":{"rendered":"https:\/\/passerelle2.ac-nantes.fr\/matisse\/?page_id=3420"},"modified":"2019-08-17T14:38:28","modified_gmt":"2019-08-17T12:38:28","slug":"fiche-de-lecture","status":"publish","type":"page","link":"https:\/\/passerelle2.ac-nantes.fr\/matisse\/cycle-3\/fiche-de-lecture\/","title":{"rendered":"Fiche de lecture"},"content":{"rendered":"<p>Apr\u00e8s avoir lu le livre, on garde une trace, on fait une fiche de lecture.<\/p>\n<p>Voici ce que la fiche doit comporter.<\/p>\n<p>Titre<\/p>\n<p>Nom de l&rsquo;auteur<\/p>\n<p>Nom de l&rsquo;illustrateur<\/p>\n<p>Nom de l&rsquo;\u00e9diteur<\/p>\n<p>Le r\u00e9sum\u00e9 du livre<\/p>\n<p>ou la description d&rsquo;un personnage<\/p>\n<p>ou la copie d&rsquo;un passage en expliquant son choix<\/p>\n<p>ou une illustration l\u00e9gend\u00e9e.<\/p>\n<p>&nbsp;<\/p>\n<p>Ce que j&rsquo;ai pens\u00e9 du livre.<\/p>\n<p>&nbsp;<\/p>\n<p>Bonne lecture<\/p>\n<p>&nbsp;<\/p>\n","protected":false},"excerpt":{"rendered":"<p>Apr\u00e8s avoir lu le livre, on garde une trace, on fait une fiche de lecture. Voici ce que la fiche doit comporter. Titre Nom de l&rsquo;auteur Nom de l&rsquo;illustrateur Nom de l&rsquo;\u00e9diteur Le r\u00e9sum\u00e9 du livre ou la description d&rsquo;un &hellip; <a href=\"https:\/\/passerelle2.ac-nantes.fr\/matisse\/cycle-3\/fiche-de-lecture\/\">Continuer la lecture <span class=\"meta-nav\">&rarr;<\/span><\/a><\/p>\n","protected":false},"author":5554,"featured_media":0,"parent":91,"menu_order":0,"comment_status":"open","ping_status":"open","template":"","meta":{"ngg_post_thumbnail":0,"h5ap_radio_sources":[],"jetpack_post_was_ever_published":false,"footnotes":""},"folder":[],"class_list":["post-3420","page","type-page","status-publish","hentry"],"jetpack_sharing_enabled":true,"jetpack_shortlink":"https:\/\/wp.me\/P8Njks-Ta","_links":{"self":[{"href":"https:\/\/passerelle2.ac-nantes.fr\/matisse\/wp-json\/wp\/v2\/pages\/3420","targetHints":{"allow":["GET"]}}],"collection":[{"href":"https:\/\/passerelle2.ac-nantes.fr\/matisse\/wp-json\/wp\/v2\/pages"}],"about":[{"href":"https:\/\/passerelle2.ac-nantes.fr\/matisse\/wp-json\/wp\/v2\/types\/page"}],"author":[{"embeddable":true,"href":"https:\/\/passerelle2.ac-nantes.fr\/matisse\/wp-json\/wp\/v2\/users\/5554"}],"replies":[{"embeddable":true,"href":"https:\/\/passerelle2.ac-nantes.fr\/matisse\/wp-json\/wp\/v2\/comments?post=3420"}],"version-history":[{"count":0,"href":"https:\/\/passerelle2.ac-nantes.fr\/matisse\/wp-json\/wp\/v2\/pages\/3420\/revisions"}],"up":[{"embeddable":true,"href":"https:\/\/passerelle2.ac-nantes.fr\/matisse\/wp-json\/wp\/v2\/pages\/91"}],"wp:attachment":[{"href":"https:\/\/passerelle2.ac-nantes.fr\/matisse\/wp-json\/wp\/v2\/media?parent=3420"}],"wp:term":[{"taxonomy":"folder","embeddable":true,"href":"https:\/\/passerelle2.ac-nantes.fr\/matisse\/wp-json\/wp\/v2\/folder?post=3420"}],"curies":[{"name":"wp","href":"https:\/\/api.w.org\/{rel}","templated":true}]}}