
{"id":368,"date":"2014-10-17T12:01:55","date_gmt":"2014-10-17T12:01:55","guid":{"rendered":"https:\/\/passerelle2.ac-nantes.fr\/matisse\/?page_id=368"},"modified":"2015-09-23T19:27:11","modified_gmt":"2015-09-23T19:27:11","slug":"cinematographe","status":"publish","type":"page","link":"https:\/\/passerelle2.ac-nantes.fr\/matisse\/les-cp-ce1\/2014-2015\/cinematographe\/","title":{"rendered":"Cin\u00e9matographe"},"content":{"rendered":"<p>Ce jeudi apr\u00e8s-midi, la classe est all\u00e9e visionner un film au cin\u00e9ma du Theil sur Huisne.<\/p>\n<p><a href=\"https:\/\/passerelle2.ac-nantes.fr\/matisse\/wp-content\/uploads\/sites\/311\/2014\/10\/IMGP20471.jpg\"><\/a><a href=\"https:\/\/passerelle2.ac-nantes.fr\/matisse\/wp-content\/uploads\/sites\/311\/2014\/10\/IMGP20481.jpg\"><img loading=\"lazy\" decoding=\"async\" class=\"alignright size-medium wp-image-398\" src=\"https:\/\/passerelle2.ac-nantes.fr\/matisse\/wp-content\/uploads\/sites\/311\/2014\/10\/IMGP20481-300x225.jpg\" alt=\"\" width=\"300\" height=\"225\" \/><\/a><a href=\"https:\/\/passerelle2.ac-nantes.fr\/matisse\/wp-content\/uploads\/sites\/311\/2014\/10\/IMGP2050.jpg\"><img loading=\"lazy\" decoding=\"async\" class=\"alignleft size-medium wp-image-370\" src=\"https:\/\/passerelle2.ac-nantes.fr\/matisse\/wp-content\/uploads\/sites\/311\/2014\/10\/IMGP2050-300x225.jpg\" alt=\"\" width=\"300\" height=\"225\" \/><\/a><a href=\"https:\/\/passerelle2.ac-nantes.fr\/matisse\/wp-content\/uploads\/sites\/311\/2014\/10\/IMGP2054.jpg\"><img loading=\"lazy\" decoding=\"async\" class=\"aligncenter size-medium wp-image-399\" src=\"https:\/\/passerelle2.ac-nantes.fr\/matisse\/wp-content\/uploads\/sites\/311\/2014\/10\/IMGP2054-300x225.jpg\" alt=\"\" width=\"300\" height=\"225\" \/><\/a><\/p>\n<p>Au fait, comment s&rsquo;appellent les fr\u00e8res qui ont invent\u00e9 le cin\u00e9ma ?<\/p>\n<p>Et combien faut-il d&rsquo;images pour faire 1 seconde de film ?<\/p>\n<p>Ce qui fait combien de kilos pour un film d&rsquo;1h30 ?<\/p>\n","protected":false},"excerpt":{"rendered":"<p>Ce jeudi apr\u00e8s-midi, la classe est all\u00e9e visionner un film au cin\u00e9ma du Theil sur Huisne. Au fait, comment s&rsquo;appellent les fr\u00e8res qui ont invent\u00e9 le cin\u00e9ma ? Et combien faut-il d&rsquo;images pour faire 1 seconde de film ? Ce &hellip; <a href=\"https:\/\/passerelle2.ac-nantes.fr\/matisse\/les-cp-ce1\/2014-2015\/cinematographe\/\">Continuer la lecture <span class=\"meta-nav\">&rarr;<\/span><\/a><\/p>\n","protected":false},"author":5554,"featured_media":0,"parent":1472,"menu_order":0,"comment_status":"open","ping_status":"open","template":"","meta":{"ngg_post_thumbnail":0,"h5ap_radio_sources":[],"jetpack_post_was_ever_published":false,"footnotes":""},"folder":[],"class_list":["post-368","page","type-page","status-publish","hentry"],"jetpack_sharing_enabled":true,"jetpack_shortlink":"https:\/\/wp.me\/P8Njks-5W","_links":{"self":[{"href":"https:\/\/passerelle2.ac-nantes.fr\/matisse\/wp-json\/wp\/v2\/pages\/368","targetHints":{"allow":["GET"]}}],"collection":[{"href":"https:\/\/passerelle2.ac-nantes.fr\/matisse\/wp-json\/wp\/v2\/pages"}],"about":[{"href":"https:\/\/passerelle2.ac-nantes.fr\/matisse\/wp-json\/wp\/v2\/types\/page"}],"author":[{"embeddable":true,"href":"https:\/\/passerelle2.ac-nantes.fr\/matisse\/wp-json\/wp\/v2\/users\/5554"}],"replies":[{"embeddable":true,"href":"https:\/\/passerelle2.ac-nantes.fr\/matisse\/wp-json\/wp\/v2\/comments?post=368"}],"version-history":[{"count":0,"href":"https:\/\/passerelle2.ac-nantes.fr\/matisse\/wp-json\/wp\/v2\/pages\/368\/revisions"}],"up":[{"embeddable":true,"href":"https:\/\/passerelle2.ac-nantes.fr\/matisse\/wp-json\/wp\/v2\/pages\/1472"}],"wp:attachment":[{"href":"https:\/\/passerelle2.ac-nantes.fr\/matisse\/wp-json\/wp\/v2\/media?parent=368"}],"wp:term":[{"taxonomy":"folder","embeddable":true,"href":"https:\/\/passerelle2.ac-nantes.fr\/matisse\/wp-json\/wp\/v2\/folder?post=368"}],"curies":[{"name":"wp","href":"https:\/\/api.w.org\/{rel}","templated":true}]}}