
{"id":3811,"date":"2017-06-15T17:19:36","date_gmt":"2017-06-15T15:19:36","guid":{"rendered":"https:\/\/passerelle2.ac-nantes.fr\/matisse\/?page_id=3811"},"modified":"2017-06-15T17:19:36","modified_gmt":"2017-06-15T15:19:36","slug":"sortie-a-lecomusee-du-perche","status":"publish","type":"page","link":"https:\/\/passerelle2.ac-nantes.fr\/matisse\/les-cp-ce1\/2016-2017\/sortie-a-lecomusee-du-perche\/","title":{"rendered":"sortie \u00e0 l&rsquo;\u00e9comus\u00e9e du Perche"},"content":{"rendered":"<p><img loading=\"lazy\" decoding=\"async\" class=\"alignleft size-medium wp-image-3829\" src=\"https:\/\/passerelle2.ac-nantes.fr\/matisse\/wp-content\/uploads\/sites\/311\/2017\/06\/20170529_134215-300x225.jpg\" alt=\"\" width=\"300\" height=\"225\" srcset=\"https:\/\/passerelle2.ac-nantes.fr\/matisse\/wp-content\/uploads\/sites\/311\/2017\/06\/20170529_134215-300x225.jpg 300w, https:\/\/passerelle2.ac-nantes.fr\/matisse\/wp-content\/uploads\/sites\/311\/2017\/06\/20170529_134215-768x576.jpg 768w, https:\/\/passerelle2.ac-nantes.fr\/matisse\/wp-content\/uploads\/sites\/311\/2017\/06\/20170529_134215.jpg 1024w\" sizes=\"auto, (max-width: 300px) 100vw, 300px\" \/><img loading=\"lazy\" decoding=\"async\" class=\"alignleft size-medium wp-image-3830\" src=\"https:\/\/passerelle2.ac-nantes.fr\/matisse\/wp-content\/uploads\/sites\/311\/2017\/06\/20170529_144217-300x225.jpg\" alt=\"\" width=\"300\" height=\"225\" srcset=\"https:\/\/passerelle2.ac-nantes.fr\/matisse\/wp-content\/uploads\/sites\/311\/2017\/06\/20170529_144217-300x225.jpg 300w, https:\/\/passerelle2.ac-nantes.fr\/matisse\/wp-content\/uploads\/sites\/311\/2017\/06\/20170529_144217-768x576.jpg 768w, https:\/\/passerelle2.ac-nantes.fr\/matisse\/wp-content\/uploads\/sites\/311\/2017\/06\/20170529_144217.jpg 1024w\" sizes=\"auto, (max-width: 300px) 100vw, 300px\" \/><img loading=\"lazy\" decoding=\"async\" class=\"alignleft size-medium wp-image-3831\" src=\"https:\/\/passerelle2.ac-nantes.fr\/matisse\/wp-content\/uploads\/sites\/311\/2017\/06\/IMGP3598-300x225.jpg\" alt=\"\" width=\"300\" height=\"225\" srcset=\"https:\/\/passerelle2.ac-nantes.fr\/matisse\/wp-content\/uploads\/sites\/311\/2017\/06\/IMGP3598-300x225.jpg 300w, https:\/\/passerelle2.ac-nantes.fr\/matisse\/wp-content\/uploads\/sites\/311\/2017\/06\/IMGP3598-768x576.jpg 768w, https:\/\/passerelle2.ac-nantes.fr\/matisse\/wp-content\/uploads\/sites\/311\/2017\/06\/IMGP3598.jpg 1024w\" sizes=\"auto, (max-width: 300px) 100vw, 300px\" \/><img loading=\"lazy\" decoding=\"async\" class=\"alignleft size-medium wp-image-3832\" src=\"https:\/\/passerelle2.ac-nantes.fr\/matisse\/wp-content\/uploads\/sites\/311\/2017\/06\/P1110489-300x225.jpg\" alt=\"\" width=\"300\" height=\"225\" srcset=\"https:\/\/passerelle2.ac-nantes.fr\/matisse\/wp-content\/uploads\/sites\/311\/2017\/06\/P1110489-300x225.jpg 300w, https:\/\/passerelle2.ac-nantes.fr\/matisse\/wp-content\/uploads\/sites\/311\/2017\/06\/P1110489-768x576.jpg 768w, https:\/\/passerelle2.ac-nantes.fr\/matisse\/wp-content\/uploads\/sites\/311\/2017\/06\/P1110489.jpg 1024w\" sizes=\"auto, (max-width: 300px) 100vw, 300px\" \/><img loading=\"lazy\" decoding=\"async\" class=\"alignleft size-medium wp-image-3834\" src=\"https:\/\/passerelle2.ac-nantes.fr\/matisse\/wp-content\/uploads\/sites\/311\/2017\/06\/IMGP3581-225x300.jpg\" alt=\"\" width=\"225\" height=\"300\" srcset=\"https:\/\/passerelle2.ac-nantes.fr\/matisse\/wp-content\/uploads\/sites\/311\/2017\/06\/IMGP3581-225x300.jpg 225w, https:\/\/passerelle2.ac-nantes.fr\/matisse\/wp-content\/uploads\/sites\/311\/2017\/06\/IMGP3581.jpg 768w\" sizes=\"auto, (max-width: 225px) 100vw, 225px\" \/><img loading=\"lazy\" decoding=\"async\" class=\"alignleft size-medium wp-image-3833\" src=\"https:\/\/passerelle2.ac-nantes.fr\/matisse\/wp-content\/uploads\/sites\/311\/2017\/06\/P1110561-300x225.jpg\" alt=\"\" width=\"300\" height=\"225\" srcset=\"https:\/\/passerelle2.ac-nantes.fr\/matisse\/wp-content\/uploads\/sites\/311\/2017\/06\/P1110561-300x225.jpg 300w, https:\/\/passerelle2.ac-nantes.fr\/matisse\/wp-content\/uploads\/sites\/311\/2017\/06\/P1110561-768x576.jpg 768w, https:\/\/passerelle2.ac-nantes.fr\/matisse\/wp-content\/uploads\/sites\/311\/2017\/06\/P1110561.jpg 1024w\" sizes=\"auto, (max-width: 300px) 100vw, 300px\" \/><\/p>\n","protected":false},"excerpt":{"rendered":"","protected":false},"author":5554,"featured_media":0,"parent":2876,"menu_order":0,"comment_status":"closed","ping_status":"closed","template":"","meta":{"ngg_post_thumbnail":0,"h5ap_radio_sources":[],"jetpack_post_was_ever_published":false,"footnotes":""},"folder":[],"class_list":["post-3811","page","type-page","status-publish","hentry"],"jetpack_sharing_enabled":true,"jetpack_shortlink":"https:\/\/wp.me\/P8Njks-Zt","_links":{"self":[{"href":"https:\/\/passerelle2.ac-nantes.fr\/matisse\/wp-json\/wp\/v2\/pages\/3811","targetHints":{"allow":["GET"]}}],"collection":[{"href":"https:\/\/passerelle2.ac-nantes.fr\/matisse\/wp-json\/wp\/v2\/pages"}],"about":[{"href":"https:\/\/passerelle2.ac-nantes.fr\/matisse\/wp-json\/wp\/v2\/types\/page"}],"author":[{"embeddable":true,"href":"https:\/\/passerelle2.ac-nantes.fr\/matisse\/wp-json\/wp\/v2\/users\/5554"}],"replies":[{"embeddable":true,"href":"https:\/\/passerelle2.ac-nantes.fr\/matisse\/wp-json\/wp\/v2\/comments?post=3811"}],"version-history":[{"count":0,"href":"https:\/\/passerelle2.ac-nantes.fr\/matisse\/wp-json\/wp\/v2\/pages\/3811\/revisions"}],"up":[{"embeddable":true,"href":"https:\/\/passerelle2.ac-nantes.fr\/matisse\/wp-json\/wp\/v2\/pages\/2876"}],"wp:attachment":[{"href":"https:\/\/passerelle2.ac-nantes.fr\/matisse\/wp-json\/wp\/v2\/media?parent=3811"}],"wp:term":[{"taxonomy":"folder","embeddable":true,"href":"https:\/\/passerelle2.ac-nantes.fr\/matisse\/wp-json\/wp\/v2\/folder?post=3811"}],"curies":[{"name":"wp","href":"https:\/\/api.w.org\/{rel}","templated":true}]}}